{"id":132548929,"date":"2024-04-10T22:13:40","date_gmt":"2024-04-10T20:13:40","guid":{"rendered":"https:\/\/caffeonline.ch\/produkt\/lavazza-blue-lb-900-classy-compact\/"},"modified":"2024-04-10T22:13:40","modified_gmt":"2024-04-10T20:13:40","slug":"lavazza-blue-lb-900-classy-compact","status":"publish","type":"product","link":"https:\/\/caffeonline.aclas.io\/fr\/produkt\/lavazza-blue-lb-900-classy-compact\/","title":{"rendered":"Lavazza &#8211; BLUE &#8211; LB 900 Classy Compact"},"content":{"rendered":"","protected":false},"excerpt":{"rendered":"<p><strong>Lavazza Classy Compact<\/strong>, une machine au design compact pour une pause relaxante avec un espresso parfait dans tout environnement de travail.<\/p>\n<p><strong>Design moderne et compact<\/strong> : une machine \u00e0 caf\u00e9 \u00e0 capsules compacte et moderne, offrant un v\u00e9ritable caf\u00e9 italien et id\u00e9ale pour les espaces restreints. Profitez de 3 options de s\u00e9lection dans une seule machine et pr\u00e9parez votre caf\u00e9 pr\u00e9f\u00e9r\u00e9 &#8211; que ce soit un espresso, un espresso lungo ou un dosage libre.<\/p>\n","protected":false},"featured_media":10674,"comment_status":"open","ping_status":"closed","template":"","meta":{"_relevanssi_hide_post":"","_relevanssi_hide_content":"","_relevanssi_pin_for_all":"","_relevanssi_pin_keywords":"","_relevanssi_unpin_keywords":"","_relevanssi_related_keywords":"","_relevanssi_related_include_ids":"","_relevanssi_related_exclude_ids":"","_relevanssi_related_no_append":"","_relevanssi_related_not_related":"","_relevanssi_related_posts":"","_relevanssi_noindex_reason":""},"product_brand":[],"product_cat":[695,357],"product_tag":[],"class_list":{"0":"post-132548929","1":"product","2":"type-product","3":"status-publish","4":"has-post-thumbnail","6":"product_cat-lavazza-blue-fr","7":"product_cat-machines-a-cafe","8":"pa_brand-lavazza-fr","9":"pa_kaffeemenge-programmable","10":"pa_leistung-1250-watts","11":"pa_pumpendruck-environ-15-bars","12":"pa_pumpentyp-pompe-a-vibration","13":"pa_stromversorgung-230v-fr","14":"pa_wassertank-07-litre-de-capacite-deau","16":"first","17":"instock","18":"taxable","19":"shipping-taxable","20":"purchasable","21":"product-type-simple"},"batches":[{"id":"350","date_created":"2024-03-20 17:30:34","date_expiry":null,"user_id":"559","batch_number":"","supplier":"","location":"","quantity":"2.0000","quantity_available":"0.0000","units":"1","status":"archived","order_ids":"[16687,132546072]","po":null},{"id":"1375","date_created":"2025-01-21 17:05:51","date_expiry":null,"user_id":"559","batch_number":"","supplier":"","location":"","quantity":"0.0000","quantity_available":"0.0000","units":"1","status":"archived","order_ids":"[132546713,132546944]","po":null},{"id":"1579","date_created":"2025-02-19 10:02:01","date_expiry":null,"user_id":"559","batch_number":"","supplier":"","location":"","quantity":"2.0000","quantity_available":"0.0000","units":"1","status":"archived","order_ids":"[132547437,132547470]","po":null},{"id":"1742","date_created":"2025-03-28 11:08:55","date_expiry":null,"user_id":"559","batch_number":"","supplier":"","location":"","quantity":"1.0000","quantity_available":"0.0000","units":"1","status":"archived","order_ids":"[132549748]","po":null},{"id":"2320","date_created":"2025-08-30 13:06:45","date_expiry":null,"user_id":"1","batch_number":"","supplier":"","location":"","quantity":"2.0000","quantity_available":"0.0000","units":"1","status":"archived","order_ids":"[132551778,132551855]","po":null},{"id":"2673","date_created":"2025-11-07 17:51:11","date_expiry":null,"user_id":"2","batch_number":"","supplier":"","location":"","quantity":"2.0000","quantity_available":"0.0000","units":"1","status":"archived","order_ids":"[132552046,132552066]","po":null},{"id":"2773","date_created":"2025-11-27 12:30:05","date_expiry":null,"user_id":"2","batch_number":"","supplier":"","location":"","quantity":"2.0000","quantity_available":"0.0000","units":"1","status":"archived","order_ids":"[132552462,132552559]","po":null},{"id":"3008","date_created":"2026-01-15 17:17:41","date_expiry":null,"user_id":"2","batch_number":"","supplier":"","location":"","quantity":"2.0000","quantity_available":"0.0000","units":"1","status":"archived","order_ids":"[132553578,132553581]","po":null},{"id":"3268","date_created":"2026-03-05 16:00:15","date_expiry":null,"user_id":"2","batch_number":"","supplier":"","location":"","quantity":"2.0000","quantity_available":"2.0000","units":"1","status":"active","order_ids":null,"po":null}],"_links":{"self":[{"href":"https:\/\/caffeonline.aclas.io\/fr\/wp-json\/wp\/v2\/product\/132548929","targetHints":{"allow":["GET"]}}],"collection":[{"href":"https:\/\/caffeonline.aclas.io\/fr\/wp-json\/wp\/v2\/product"}],"about":[{"href":"https:\/\/caffeonline.aclas.io\/fr\/wp-json\/wp\/v2\/types\/product"}],"replies":[{"embeddable":true,"href":"https:\/\/caffeonline.aclas.io\/fr\/wp-json\/wp\/v2\/comments?post=132548929"}],"wp:featuredmedia":[{"embeddable":true,"href":"https:\/\/caffeonline.aclas.io\/fr\/wp-json\/wp\/v2\/media\/10674"}],"wp:attachment":[{"href":"https:\/\/caffeonline.aclas.io\/fr\/wp-json\/wp\/v2\/media?parent=132548929"}],"wp:term":[{"taxonomy":"product_brand","embeddable":true,"href":"https:\/\/caffeonline.aclas.io\/fr\/wp-json\/wp\/v2\/product_brand?post=132548929"},{"taxonomy":"product_cat","embeddable":true,"href":"https:\/\/caffeonline.aclas.io\/fr\/wp-json\/wp\/v2\/product_cat?post=132548929"},{"taxonomy":"product_tag","embeddable":true,"href":"https:\/\/caffeonline.aclas.io\/fr\/wp-json\/wp\/v2\/product_tag?post=132548929"}],"curies":[{"name":"wp","href":"https:\/\/api.w.org\/{rel}","templated":true}]}}