{"id":132548907,"date":"2024-04-10T22:13:20","date_gmt":"2024-04-10T20:13:20","guid":{"rendered":"https:\/\/caffeonline.ch\/produkt\/quarta-caffe-grains-de-cafe-superiore\/"},"modified":"2024-04-10T22:13:20","modified_gmt":"2024-04-10T20:13:20","slug":"quarta-caffe-grains-de-cafe-superiore","status":"publish","type":"product","link":"https:\/\/caffeonline.aclas.io\/fr\/produkt\/quarta-caffe-grains-de-cafe-superiore\/","title":{"rendered":"Quarta Caff\u00e8 &#8211; Grains de caf\u00e9 Superiore"},"content":{"rendered":"","protected":false},"excerpt":{"rendered":"<p>Un ar\u00f4me cors\u00e9 et une saveur persistante avec des notes de chocolat noir. Cette r\u00e9f\u00e9rence se compose d&rsquo;une proportion plus \u00e9lev\u00e9e d&rsquo;Arabica, conf\u00e9rant une bonne fra\u00eecheur et un profil aromatique intense. Les vari\u00e9t\u00e9s de Robusta s\u00e9lectionn\u00e9es conf\u00e8rent \u00e0 la boisson un corps incomparable et une onctuosit\u00e9 exceptionnelle.<\/p>\n<ul>\n<li><strong>Notes aromatiques :<\/strong> Chocolat noir, coriandre et r\u00e9glisse<\/li>\n<li><strong>Corps :<\/strong> 4\/4<\/li>\n<li><strong>Douceur :<\/strong> 4\/4<\/li>\n<li><strong>Amertume :<\/strong> 1\/4<\/li>\n<li><strong>Acidit\u00e9 :<\/strong> 2\/4<\/li>\n<li><strong>Persistance :<\/strong> 4\/4<\/li>\n<\/ul>\n","protected":false},"featured_media":10872,"comment_status":"open","ping_status":"closed","template":"","meta":{"_relevanssi_hide_post":"","_relevanssi_hide_content":"","_relevanssi_pin_for_all":"","_relevanssi_pin_keywords":"","_relevanssi_unpin_keywords":"","_relevanssi_related_keywords":"","_relevanssi_related_include_ids":"","_relevanssi_related_exclude_ids":"","_relevanssi_related_no_append":"","_relevanssi_related_not_related":"","_relevanssi_related_posts":"","_relevanssi_noindex_reason":""},"product_brand":[],"product_cat":[355],"product_tag":[],"class_list":{"0":"post-132548907","1":"product","2":"type-product","3":"status-publish","4":"has-post-thumbnail","6":"product_cat-grains-de-cafe","7":"pa_brand-quarta-caffe-fr","8":"has-subscription-plans","10":"first","11":"instock","12":"sale","13":"taxable","14":"shipping-taxable","15":"purchasable","16":"product-type-simple"},"batches":[{"id":"1082","date_created":"2024-11-20 18:02:13","date_expiry":"2025-07-29 00:00:00","user_id":"559","batch_number":"","supplier":"","location":"","quantity":"10.0000","quantity_available":"0.0000","units":"1","status":"archived","order_ids":"[132547874,132548202,132549223,132549241,132549455,132549538,132550035,132550078]","po":null},{"id":"2413","date_created":"2025-09-26 07:53:49","date_expiry":"2026-07-15 00:00:00","user_id":"2","batch_number":"","supplier":"","location":"","quantity":"3.0000","quantity_available":"0.0000","units":"1","status":"archived","order_ids":"[132551289,132551360]","po":null},{"id":"2453","date_created":"2025-10-08 17:31:12","date_expiry":"2026-09-01 00:00:00","user_id":"2","batch_number":"","supplier":"","location":"","quantity":"3.0000","quantity_available":"0.0000","units":"1","status":"archived","order_ids":"[132551474,132551778]","po":null},{"id":"2726","date_created":"2025-11-18 17:52:24","date_expiry":"2026-09-10 00:00:00","user_id":"2","batch_number":"","supplier":"","location":"","quantity":"3.0000","quantity_available":"0.0000","units":"1","status":"archived","order_ids":"[132552343,132552369]","po":null},{"id":"2890","date_created":"2025-12-21 22:44:40","date_expiry":"2026-09-10 00:00:00","user_id":"2","batch_number":"","supplier":"","location":"","quantity":"4.0000","quantity_available":"0.0000","units":"1","status":"archived","order_ids":"[132552874,132553068,132553146]","po":null},{"id":"2899","date_created":"2025-12-23 08:56:44","date_expiry":"2026-10-14 00:00:00","user_id":"2","batch_number":"","supplier":"","location":"","quantity":"2.0000","quantity_available":"2.0000","units":"1","status":"active","order_ids":null,"po":null}],"_links":{"self":[{"href":"https:\/\/caffeonline.aclas.io\/fr\/wp-json\/wp\/v2\/product\/132548907","targetHints":{"allow":["GET"]}}],"collection":[{"href":"https:\/\/caffeonline.aclas.io\/fr\/wp-json\/wp\/v2\/product"}],"about":[{"href":"https:\/\/caffeonline.aclas.io\/fr\/wp-json\/wp\/v2\/types\/product"}],"replies":[{"embeddable":true,"href":"https:\/\/caffeonline.aclas.io\/fr\/wp-json\/wp\/v2\/comments?post=132548907"}],"wp:featuredmedia":[{"embeddable":true,"href":"https:\/\/caffeonline.aclas.io\/fr\/wp-json\/wp\/v2\/media\/10872"}],"wp:attachment":[{"href":"https:\/\/caffeonline.aclas.io\/fr\/wp-json\/wp\/v2\/media?parent=132548907"}],"wp:term":[{"taxonomy":"product_brand","embeddable":true,"href":"https:\/\/caffeonline.aclas.io\/fr\/wp-json\/wp\/v2\/product_brand?post=132548907"},{"taxonomy":"product_cat","embeddable":true,"href":"https:\/\/caffeonline.aclas.io\/fr\/wp-json\/wp\/v2\/product_cat?post=132548907"},{"taxonomy":"product_tag","embeddable":true,"href":"https:\/\/caffeonline.aclas.io\/fr\/wp-json\/wp\/v2\/product_tag?post=132548907"}],"curies":[{"name":"wp","href":"https:\/\/api.w.org\/{rel}","templated":true}]}}