{"id":132548901,"date":"2024-04-10T22:13:21","date_gmt":"2024-04-10T20:13:21","guid":{"rendered":"https:\/\/caffeonline.ch\/produkt\/lavazza-espresso-point-ep-mini\/"},"modified":"2026-02-04T12:17:45","modified_gmt":"2026-02-04T11:17:45","slug":"lavazza-espresso-point-ep-mini","status":"publish","type":"product","link":"https:\/\/caffeonline.aclas.io\/fr\/produkt\/lavazza-espresso-point-ep-mini\/","title":{"rendered":"Lavazza &#8211; Espresso Point &#8211; EP Mini"},"content":{"rendered":"","protected":false},"excerpt":{"rendered":"<p>Dans la nouvelle <strong>EP MINI<\/strong>, la qualit\u00e9 traditionnelle des capsules <strong>Lavazza Espresso Point<\/strong> rencontre un design de premier ordre qui se distingue par son style moderne, compact et minimaliste.<\/p>\n<p>La nouvelle EP MINI est l&rsquo;alliance parfaite entre design et go\u00fbt. Avec ses lignes arrondies et son style compact, elle constitue la solution id\u00e9ale pour ceux qui souhaitent valoriser un petit espace, pour une pause caf\u00e9 de haute qualit\u00e9.<\/p>\n","protected":false},"featured_media":12212,"comment_status":"open","ping_status":"closed","template":"","meta":{"_relevanssi_hide_post":"","_relevanssi_hide_content":"","_relevanssi_pin_for_all":"","_relevanssi_pin_keywords":"","_relevanssi_unpin_keywords":"","_relevanssi_related_keywords":"","_relevanssi_related_include_ids":"","_relevanssi_related_exclude_ids":"","_relevanssi_related_no_append":"","_relevanssi_related_not_related":"","_relevanssi_related_posts":"","_relevanssi_noindex_reason":""},"product_brand":[],"product_cat":[725,357],"product_tag":[],"class_list":{"0":"post-132548901","1":"product","2":"type-product","3":"status-publish","4":"has-post-thumbnail","6":"product_cat-lavazza-espresso-point-fr","7":"product_cat-machines-a-cafe","8":"pa_brand-lavazza-fr","9":"pa_farbe-blanc","10":"pa_farbe-noir","11":"pa_kaffeemenge-arret-manuel","12":"pa_leistung-1200-watts","13":"pa_stromversorgung-230v-fr","14":"pa_wassertank-capacite-en-eau-de-075-litre","16":"first","17":"instock","18":"sale","19":"taxable","20":"shipping-taxable","21":"purchasable","22":"product-type-variable"},"batches":[{"id":"347","date_created":"2024-03-20 17:28:45","date_expiry":null,"user_id":"2","batch_number":"","supplier":"","location":"","quantity":"2.0000","quantity_available":"2.0000","units":"1","status":"active","order_ids":null,"po":null}],"_links":{"self":[{"href":"https:\/\/caffeonline.aclas.io\/fr\/wp-json\/wp\/v2\/product\/132548901","targetHints":{"allow":["GET"]}}],"collection":[{"href":"https:\/\/caffeonline.aclas.io\/fr\/wp-json\/wp\/v2\/product"}],"about":[{"href":"https:\/\/caffeonline.aclas.io\/fr\/wp-json\/wp\/v2\/types\/product"}],"replies":[{"embeddable":true,"href":"https:\/\/caffeonline.aclas.io\/fr\/wp-json\/wp\/v2\/comments?post=132548901"}],"wp:featuredmedia":[{"embeddable":true,"href":"https:\/\/caffeonline.aclas.io\/fr\/wp-json\/wp\/v2\/media\/12212"}],"wp:attachment":[{"href":"https:\/\/caffeonline.aclas.io\/fr\/wp-json\/wp\/v2\/media?parent=132548901"}],"wp:term":[{"taxonomy":"product_brand","embeddable":true,"href":"https:\/\/caffeonline.aclas.io\/fr\/wp-json\/wp\/v2\/product_brand?post=132548901"},{"taxonomy":"product_cat","embeddable":true,"href":"https:\/\/caffeonline.aclas.io\/fr\/wp-json\/wp\/v2\/product_cat?post=132548901"},{"taxonomy":"product_tag","embeddable":true,"href":"https:\/\/caffeonline.aclas.io\/fr\/wp-json\/wp\/v2\/product_tag?post=132548901"}],"curies":[{"name":"wp","href":"https:\/\/api.w.org\/{rel}","templated":true}]}}