{"id":132548899,"date":"2024-04-10T22:13:20","date_gmt":"2024-04-10T20:13:20","guid":{"rendered":"https:\/\/caffeonline.ch\/produkt\/lavazza-espresso-point-capsules-crema-aroma-gran-caffe\/"},"modified":"2024-04-10T22:13:20","modified_gmt":"2024-04-10T20:13:20","slug":"lavazza-espresso-point-capsules-crema-aroma-gran-caffe","status":"publish","type":"product","link":"https:\/\/caffeonline.aclas.io\/fr\/produkt\/lavazza-espresso-point-capsules-crema-aroma-gran-caffe\/","title":{"rendered":"Lavazza &#8211; Espresso Point &#8211; Capsules Crema  Aroma Gran Caff\u00e8"},"content":{"rendered":"","protected":false},"excerpt":{"rendered":"<p>Les <strong>capsules Lavazza Espresso Point Crema  Aroma Gran Caff\u00e8<\/strong> offrent un caf\u00e9 riche et bien \u00e9quilibr\u00e9 avec des notes de noisettes et de caramel, ainsi qu&rsquo;une finale intense. Parfait pour les amateurs d&rsquo;espresso \u00e0 la recherche d&rsquo;un authentique caf\u00e9 italien.<\/p>\n<ul>\n<li><strong>Caf\u00e9 puissant au go\u00fbt prononc\u00e9 :<\/strong> Un caf\u00e9 long, intense et cr\u00e9meux pour une exp\u00e9rience parfaite.<\/li>\n<li><strong>Apparence :<\/strong> Cors\u00e9<\/li>\n<li><strong>Ar\u00f4me :<\/strong> Fruits secs<\/li>\n<li><strong>Profil aromatique :<\/strong> Intense<\/li>\n<li><strong>Notes aromatiques :<\/strong> Noisettes caram\u00e9lis\u00e9es<\/li>\n<li><strong>Torr\u00e9faction :<\/strong> Moyenne<\/li>\n<\/ul>\n<p>Ces capsules sont id\u00e9ales pour ceux qui appr\u00e9cient un caf\u00e9 cors\u00e9 avec une note gustative profonde et une intensit\u00e9 persistante. Id\u00e9al pour une d\u00e9gustation quotidienne ou pour des moments sp\u00e9ciaux, ce caf\u00e9 offre une exp\u00e9rience luxueuse dans chaque tasse.<\/p>\n","protected":false},"featured_media":10606,"comment_status":"open","ping_status":"closed","template":"","meta":{"_relevanssi_hide_post":"","_relevanssi_hide_content":"","_relevanssi_pin_for_all":"","_relevanssi_pin_keywords":"","_relevanssi_unpin_keywords":"","_relevanssi_related_keywords":"","_relevanssi_related_include_ids":"","_relevanssi_related_exclude_ids":"","_relevanssi_related_no_append":"","_relevanssi_related_not_related":"","_relevanssi_related_posts":"","_relevanssi_noindex_reason":""},"product_brand":[],"product_cat":[359,363],"product_tag":[],"class_list":{"0":"post-132548899","1":"product","2":"type-product","3":"status-publish","4":"has-post-thumbnail","6":"product_cat-capsules","7":"product_cat-systeme-lavazza-espresso-point","8":"pa_brand-lavazza-fr","9":"has-subscription-plans","11":"first","12":"instock","13":"taxable","14":"shipping-taxable","15":"purchasable","16":"product-type-simple"},"batches":[{"id":"772","date_created":"2024-10-29 17:35:41","date_expiry":"2025-12-30 00:00:00","user_id":"559","batch_number":"","supplier":"","location":"","quantity":"31.0000","quantity_available":"0.0000","units":"1","status":"archived","order_ids":"[16120,16409,16477,16672,16956,17267,132545806,132545844,132545984,132546207,132546209,132546271]","po":null},{"id":"1119","date_created":"2024-12-03 18:31:43","date_expiry":"2025-12-30 00:00:00","user_id":"559","batch_number":"","supplier":"","location":"","quantity":"12.0000","quantity_available":"0.0000","units":"1","status":"archived","order_ids":"[17249,17267]","po":null},{"id":"1179","date_created":"2024-12-11 13:14:38","date_expiry":"2026-02-28 00:00:00","user_id":"559","batch_number":"","supplier":"","location":"","quantity":"12.0000","quantity_available":"0.0000","units":"1","status":"archived","order_ids":"[132546271,132546334,132546377]","po":null},{"id":"1396","date_created":"2025-01-22 16:07:01","date_expiry":"2026-02-28 00:00:00","user_id":"559","batch_number":"","supplier":"","location":"","quantity":"23.0000","quantity_available":"0.0000","units":"1","status":"archived","order_ids":"[132546394,132546492,132546495,132546602,132546685]","po":null},{"id":"1448","date_created":"2025-02-04 16:39:19","date_expiry":"2026-02-28 00:00:00","user_id":"559","batch_number":"","supplier":"","location":"","quantity":"28.0000","quantity_available":"0.0000","units":"1","status":"archived","order_ids":"[132546685,132546696,132546966,132547062,132547063,132547067]","po":null},{"id":"1523","date_created":"2025-02-11 16:43:00","date_expiry":"2026-02-28 00:00:00","user_id":"559","batch_number":"","supplier":"","location":"","quantity":"6.0000","quantity_available":"0.0000","units":"1","status":"archived","order_ids":"[132546731,132546743,132546966]","po":null},{"id":"1524","date_created":"2025-02-11 16:59:58","date_expiry":"2026-04-30 00:00:00","user_id":"559","batch_number":"","supplier":"","location":"","quantity":"6.0000","quantity_available":"0.0000","units":"1","status":"archived","order_ids":null,"po":null},{"id":"1572","date_created":"2025-02-19 09:54:30","date_expiry":"2026-04-30 00:00:00","user_id":"559","batch_number":"","supplier":"","location":"","quantity":"12.0000","quantity_available":"0.0000","units":"1","status":"archived","order_ids":"[132547249,132547424,132547470]","po":null},{"id":"1628","date_created":"2025-03-06 14:18:10","date_expiry":"2026-04-30 00:00:00","user_id":"559","batch_number":"","supplier":"","location":"","quantity":"30.0000","quantity_available":"0.0000","units":"1","status":"archived","order_ids":"[132547470,132547482,132547573,132547732]","po":null},{"id":"1729","date_created":"2025-03-28 10:53:33","date_expiry":"2026-06-30 00:00:00","user_id":"559","batch_number":"","supplier":"","location":"","quantity":"18.0000","quantity_available":"0.0000","units":"1","status":"archived","order_ids":"[132547732,132547773,132547844,132547845,132547854,132547864]","po":null},{"id":"1785","date_created":"2025-04-08 08:58:11","date_expiry":"2026-06-30 00:00:00","user_id":"559","batch_number":"","supplier":"","location":"","quantity":"12.0000","quantity_available":"0.0000","units":"1","status":"archived","order_ids":"[132547864,132548020,132548068,132548142,132548147,132548361,132549247,132549383]","po":null},{"id":"1836","date_created":"2025-04-26 20:26:56","date_expiry":"2026-06-30 00:00:00","user_id":"559","batch_number":"","supplier":"","location":"","quantity":"12.0000","quantity_available":"0.0000","units":"1","status":"archived","order_ids":"[132549383,132549572,132549669]","po":null},{"id":"1951","date_created":"2025-05-21 16:51:03","date_expiry":"2026-07-30 00:00:00","user_id":"559","batch_number":"","supplier":"","location":"","quantity":"12.0000","quantity_available":"0.0000","units":"1","status":"archived","order_ids":"[132549669,132549679,132549680,132549694]","po":null},{"id":"1986","date_created":"2025-06-04 12:52:00","date_expiry":"2026-08-30 00:00:00","user_id":"559","batch_number":"","supplier":"","location":"","quantity":"6.0000","quantity_available":"0.0000","units":"1","status":"archived","order_ids":"[132549694,132549740]","po":null},{"id":"1995","date_created":"2025-06-06 16:38:09","date_expiry":"2026-08-30 00:00:00","user_id":"559","batch_number":"","supplier":"","location":"","quantity":"12.0000","quantity_available":"0.0000","units":"1","status":"archived","order_ids":"[132549740,132549822]","po":null},{"id":"2082","date_created":"2025-06-19 17:22:35","date_expiry":"2026-08-30 00:00:00","user_id":"2","batch_number":"","supplier":"","location":"","quantity":"36.0000","quantity_available":"0.0000","units":"1","status":"archived","order_ids":"[132549873,132549903,132550046,132550103,132550133,132550143,132550219]","po":null},{"id":"2314","date_created":"2025-08-30 08:40:02","date_expiry":"2026-11-30 00:00:00","user_id":"2","batch_number":"","supplier":"","location":"","quantity":"30.0000","quantity_available":"0.0000","units":"1","status":"archived","order_ids":"[132550981,132551155,132551180]","po":null},{"id":"2318","date_created":"2025-08-30 08:51:45","date_expiry":"2026-11-30 00:00:00","user_id":"2","batch_number":"","supplier":"","location":"","quantity":"30.0000","quantity_available":"0.0000","units":"1","status":"archived","order_ids":"[132551180,132551289]","po":null},{"id":"2480","date_created":"2025-10-09 07:17:16","date_expiry":"2026-11-30 00:00:00","user_id":"2","batch_number":"","supplier":"","location":"","quantity":"30.0000","quantity_available":"0.0000","units":"1","status":"archived","order_ids":"[132551509,132551896,132551907,132552126,132552179,132552233]","po":null},{"id":"2678","date_created":"2025-11-07 17:57:45","date_expiry":"2027-01-30 00:00:00","user_id":"2","batch_number":"","supplier":"","location":"","quantity":"12.0000","quantity_available":"0.0000","units":"1","status":"archived","order_ids":"[132552783,132552793]","po":null},{"id":"2774","date_created":"2025-11-27 12:34:12","date_expiry":"2026-12-30 00:00:00","user_id":"2","batch_number":"","supplier":"","location":"","quantity":"18.0000","quantity_available":"0.0000","units":"1","status":"archived","order_ids":"[132552299,132552429,132552556,132552783]","po":null},{"id":"2992","date_created":"2026-01-13 16:17:44","date_expiry":"2027-02-28 00:00:00","user_id":"2","batch_number":"","supplier":"","location":"","quantity":"18.0000","quantity_available":"0.0000","units":"1","status":"archived","order_ids":"[132553269]","po":null},{"id":"3079","date_created":"2026-01-29 16:52:00","date_expiry":"2027-03-30 00:00:00","user_id":"2","batch_number":"","supplier":"","location":"","quantity":"60.0000","quantity_available":"0.0000","units":"1","status":"archived","order_ids":"[132553269,132553462,132553573,132553696,132553707,132553724,132553748,132553762,132553815,132554123]","po":null},{"id":"3284","date_created":"2026-03-05 16:35:36","date_expiry":"2027-03-30 00:00:00","user_id":"2","batch_number":"","supplier":"","location":"","quantity":"18.0000","quantity_available":"0.0000","units":"1","status":"archived","order_ids":"[132554123,132554470]","po":null},{"id":"3317","date_created":"2026-03-16 15:13:46","date_expiry":"2027-03-30 00:00:00","user_id":"2","batch_number":"","supplier":"","location":"","quantity":"30.0000","quantity_available":"12.0000","units":"1","status":"active","order_ids":"[132554495,132554496,132554513]","po":null},{"id":"3329","date_created":"2026-03-19 11:29:28","date_expiry":"2027-03-30 00:00:00","user_id":"2","batch_number":"","supplier":"","location":"","quantity":"18.0000","quantity_available":"18.0000","units":"1","status":"active","order_ids":null,"po":null}],"_links":{"self":[{"href":"https:\/\/caffeonline.aclas.io\/fr\/wp-json\/wp\/v2\/product\/132548899","targetHints":{"allow":["GET"]}}],"collection":[{"href":"https:\/\/caffeonline.aclas.io\/fr\/wp-json\/wp\/v2\/product"}],"about":[{"href":"https:\/\/caffeonline.aclas.io\/fr\/wp-json\/wp\/v2\/types\/product"}],"replies":[{"embeddable":true,"href":"https:\/\/caffeonline.aclas.io\/fr\/wp-json\/wp\/v2\/comments?post=132548899"}],"wp:featuredmedia":[{"embeddable":true,"href":"https:\/\/caffeonline.aclas.io\/fr\/wp-json\/wp\/v2\/media\/10606"}],"wp:attachment":[{"href":"https:\/\/caffeonline.aclas.io\/fr\/wp-json\/wp\/v2\/media?parent=132548899"}],"wp:term":[{"taxonomy":"product_brand","embeddable":true,"href":"https:\/\/caffeonline.aclas.io\/fr\/wp-json\/wp\/v2\/product_brand?post=132548899"},{"taxonomy":"product_cat","embeddable":true,"href":"https:\/\/caffeonline.aclas.io\/fr\/wp-json\/wp\/v2\/product_cat?post=132548899"},{"taxonomy":"product_tag","embeddable":true,"href":"https:\/\/caffeonline.aclas.io\/fr\/wp-json\/wp\/v2\/product_tag?post=132548899"}],"curies":[{"name":"wp","href":"https:\/\/api.w.org\/{rel}","templated":true}]}}