{"id":132548898,"date":"2024-04-10T22:13:20","date_gmt":"2024-04-10T20:13:20","guid":{"rendered":"https:\/\/caffeonline.ch\/produkt\/cecchetto-capsules-caffecrema-venezia\/"},"modified":"2024-04-10T22:13:20","modified_gmt":"2024-04-10T20:13:20","slug":"cecchetto-capsules-caffecrema-venezia","status":"publish","type":"product","link":"https:\/\/caffeonline.aclas.io\/fr\/produkt\/cecchetto-capsules-caffecrema-venezia\/","title":{"rendered":"Cecchetto \u2013 Capsules Caff\u00e8crema Venezia"},"content":{"rendered":"","protected":false},"excerpt":{"rendered":"<p>Laissez-vous surprendre par les ar\u00f4mes de torr\u00e9faction intenses et persistants ainsi que par le go\u00fbt puissant du <strong>Caff\u00e8crema Venezia<\/strong>.<br \/>\n100% Arabica. Certifi\u00e9 UTZ.<\/p>\n<p>Caff\u00e8 Crema : <strong>110 ml<\/strong> | Intensit\u00e9 : <strong>2\/5<\/strong><\/p>\n","protected":false},"featured_media":12090,"comment_status":"open","ping_status":"closed","template":"","meta":{"_relevanssi_hide_post":"","_relevanssi_hide_content":"","_relevanssi_pin_for_all":"","_relevanssi_pin_keywords":"","_relevanssi_unpin_keywords":"","_relevanssi_related_keywords":"","_relevanssi_related_include_ids":"","_relevanssi_related_exclude_ids":"","_relevanssi_related_no_append":"","_relevanssi_related_not_related":"","_relevanssi_related_posts":"","_relevanssi_noindex_reason":""},"product_brand":[],"product_cat":[359,364],"product_tag":[],"class_list":{"0":"post-132548898","1":"product","2":"type-product","3":"status-publish","4":"has-post-thumbnail","6":"product_cat-capsules","7":"product_cat-systeme-nespresso-pro","8":"pa_brand-cecchetto-fr","9":"has-subscription-plans","11":"first","12":"outofstock","13":"taxable","14":"shipping-taxable","15":"purchasable","16":"product-type-simple"},"batches":[{"id":"1015","date_created":"2024-11-12 15:47:45","date_expiry":"2025-02-28 00:00:00","user_id":"559","batch_number":"","supplier":"","location":"","quantity":"6.0000","quantity_available":"0.0000","units":"1","status":"archived","order_ids":"[132546050,132546684,132546934,132546944]","po":null},{"id":"1563","date_created":"2025-02-17 18:09:11","date_expiry":"2026-07-31 00:00:00","user_id":"559","batch_number":"","supplier":"","location":"","quantity":"12.0000","quantity_available":"0.0000","units":"1","status":"archived","order_ids":"[132546966,132547437,132547470,132547595,132548179]","po":null}],"_links":{"self":[{"href":"https:\/\/caffeonline.aclas.io\/fr\/wp-json\/wp\/v2\/product\/132548898","targetHints":{"allow":["GET"]}}],"collection":[{"href":"https:\/\/caffeonline.aclas.io\/fr\/wp-json\/wp\/v2\/product"}],"about":[{"href":"https:\/\/caffeonline.aclas.io\/fr\/wp-json\/wp\/v2\/types\/product"}],"replies":[{"embeddable":true,"href":"https:\/\/caffeonline.aclas.io\/fr\/wp-json\/wp\/v2\/comments?post=132548898"}],"wp:featuredmedia":[{"embeddable":true,"href":"https:\/\/caffeonline.aclas.io\/fr\/wp-json\/wp\/v2\/media\/12090"}],"wp:attachment":[{"href":"https:\/\/caffeonline.aclas.io\/fr\/wp-json\/wp\/v2\/media?parent=132548898"}],"wp:term":[{"taxonomy":"product_brand","embeddable":true,"href":"https:\/\/caffeonline.aclas.io\/fr\/wp-json\/wp\/v2\/product_brand?post=132548898"},{"taxonomy":"product_cat","embeddable":true,"href":"https:\/\/caffeonline.aclas.io\/fr\/wp-json\/wp\/v2\/product_cat?post=132548898"},{"taxonomy":"product_tag","embeddable":true,"href":"https:\/\/caffeonline.aclas.io\/fr\/wp-json\/wp\/v2\/product_tag?post=132548898"}],"curies":[{"name":"wp","href":"https:\/\/api.w.org\/{rel}","templated":true}]}}