{"id":132548896,"date":"2024-04-10T22:13:19","date_gmt":"2024-04-10T20:13:19","guid":{"rendered":"https:\/\/caffeonline.ch\/produkt\/lavazza-grains-de-cafe-expert-gusto-pieno\/"},"modified":"2025-11-18T00:40:56","modified_gmt":"2025-11-17T23:40:56","slug":"lavazza-grains-de-cafe-expert-gusto-pieno","status":"publish","type":"product","link":"https:\/\/caffeonline.aclas.io\/fr\/produkt\/lavazza-grains-de-cafe-expert-gusto-pieno\/","title":{"rendered":"Lavazza &#8211; Grains de caf\u00e9 Expert Gusto Pieno"},"content":{"rendered":"","protected":false},"excerpt":{"rendered":"<p>Les <strong>grains de caf\u00e9 Lavazza Expert Gusto Pieno<\/strong> offrent un m\u00e9lange \u00e0 l&rsquo;ar\u00f4me intense et \u00e0 la cr\u00e8me compacte.<\/p>\n<ul>\n<li><strong>Go\u00fbt :<\/strong> Intense, savoureux et prononc\u00e9<\/li>\n<li><strong>Notes aromatiques :<\/strong> C\u00e9r\u00e9ales, tabac<\/li>\n<li><strong>Torr\u00e9faction :<\/strong> Moyenne \u00e0 fonc\u00e9e<\/li>\n<\/ul>\n<p>Ces grains de caf\u00e9 sont id\u00e9aux pour tous ceux qui souhaitent savourer un caf\u00e9 cors\u00e9 et savoureux aux ar\u00f4mes profonds et riches. Parfait pour un d\u00e9but de journ\u00e9e intense ou comme pause revigorante entre deux activit\u00e9s.<\/p>\n","protected":false},"featured_media":10660,"comment_status":"open","ping_status":"closed","template":"","meta":{"_relevanssi_hide_post":"","_relevanssi_hide_content":"","_relevanssi_pin_for_all":"","_relevanssi_pin_keywords":"","_relevanssi_unpin_keywords":"","_relevanssi_related_keywords":"","_relevanssi_related_include_ids":"","_relevanssi_related_exclude_ids":"","_relevanssi_related_no_append":"","_relevanssi_related_not_related":"","_relevanssi_related_posts":"","_relevanssi_noindex_reason":""},"product_brand":[],"product_cat":[355],"product_tag":[],"class_list":{"0":"post-132548896","1":"product","2":"type-product","3":"status-publish","4":"has-post-thumbnail","6":"product_cat-grains-de-cafe","7":"pa_brand-lavazza-fr","8":"has-subscription-plans","10":"first","11":"instock","12":"taxable","13":"shipping-taxable","14":"purchasable","15":"product-type-simple"},"batches":[{"id":"214","date_created":"2024-03-13 06:43:54","date_expiry":"2025-10-31 00:00:00","user_id":"559","batch_number":"","supplier":"","location":"","quantity":"30.0000","quantity_available":"30.0000","units":"1","status":"archived","order_ids":"[14938,14940,16028]","po":null},{"id":"473","date_created":"2024-05-15 16:24:26","date_expiry":"2026-08-30 00:00:00","user_id":"559","batch_number":"","supplier":"","location":"","quantity":"12.0000","quantity_available":"0.0000","units":"1","status":"archived","order_ids":"[16028,16944,132546167]","po":null},{"id":"1220","date_created":"2024-12-16 13:01:07","date_expiry":"2026-08-30 00:00:00","user_id":"559","batch_number":"","supplier":"","location":"","quantity":"6.0000","quantity_available":"0.0000","units":"1","status":"archived","order_ids":"[132546167]","po":null},{"id":"1221","date_created":"2024-12-16 13:01:34","date_expiry":"2026-10-30 00:00:00","user_id":"559","batch_number":"","supplier":"","location":"","quantity":"6.0000","quantity_available":"0.0000","units":"1","status":"archived","order_ids":"[132546167]","po":null},{"id":"1319","date_created":"2025-01-13 17:54:29","date_expiry":"2026-10-30 00:00:00","user_id":"559","batch_number":"","supplier":"","location":"","quantity":"12.0000","quantity_available":"0.0000","units":"1","status":"archived","order_ids":"[132546569,132546944,132546966]","po":null},{"id":"1583","date_created":"2025-02-19 10:05:18","date_expiry":"2026-10-30 00:00:00","user_id":"559","batch_number":"","supplier":"","location":"","quantity":"6.0000","quantity_available":"0.0000","units":"1","status":"archived","order_ids":"[132547095,132547098]","po":null},{"id":"1641","date_created":"2025-03-06 14:58:08","date_expiry":"2027-01-30 00:00:00","user_id":"559","batch_number":"","supplier":"","location":"","quantity":"12.0000","quantity_available":"0.0000","units":"1","status":"archived","order_ids":"[132547272,132547417,132547437]","po":null},{"id":"1681","date_created":"2025-03-14 17:22:48","date_expiry":"2027-01-30 00:00:00","user_id":"559","batch_number":"","supplier":"","location":"","quantity":"6.0000","quantity_available":"0.0000","units":"1","status":"archived","order_ids":"[132547437,132547470]","po":null},{"id":"1737","date_created":"2025-03-28 11:05:45","date_expiry":"2027-01-30 00:00:00","user_id":"559","batch_number":"","supplier":"","location":"","quantity":"12.0000","quantity_available":"0.0000","units":"1","status":"archived","order_ids":"[132547763]","po":null},{"id":"1783","date_created":"2025-04-08 08:53:36","date_expiry":"2027-01-30 00:00:00","user_id":"559","batch_number":"","supplier":"","location":"","quantity":"12.0000","quantity_available":"0.0000","units":"1","status":"archived","order_ids":"[132547857,132547858,132548041]","po":null},{"id":"1846","date_created":"2025-04-28 15:03:12","date_expiry":"2027-01-30 00:00:00","user_id":"559","batch_number":"","supplier":"","location":"","quantity":"12.0000","quantity_available":"0.0000","units":"1","status":"archived","order_ids":"[132548270,132549229]","po":null},{"id":"1955","date_created":"2025-05-21 17:11:59","date_expiry":"2027-01-30 00:00:00","user_id":"559","batch_number":"","supplier":"","location":"","quantity":"8.0000","quantity_available":"0.0000","units":"1","status":"archived","order_ids":"[132549416]","po":null},{"id":"2053","date_created":"2025-06-19 14:22:12","date_expiry":"2027-03-31 00:00:00","user_id":"559","batch_number":"","supplier":"","location":"","quantity":"12.0000","quantity_available":"0.0000","units":"1","status":"archived","order_ids":"[132549911,132549914]","po":null},{"id":"2307","date_created":"2025-08-28 06:57:10","date_expiry":"2027-05-30 00:00:00","user_id":"2","batch_number":"","supplier":"","location":"","quantity":"18.0000","quantity_available":"0.0000","units":"1","status":"archived","order_ids":"[132550948]","po":null},{"id":"2361","date_created":"2025-09-16 11:51:21","date_expiry":"2027-04-30 00:00:00","user_id":"2","batch_number":"","supplier":"","location":"","quantity":"12.0000","quantity_available":"0.0000","units":"1","status":"archived","order_ids":"[132551182,132551207]","po":null},{"id":"2434","date_created":"2025-09-30 17:24:13","date_expiry":"2027-04-30 00:00:00","user_id":"2","batch_number":"","supplier":"","location":"","quantity":"12.0000","quantity_available":"0.0000","units":"1","status":"archived","order_ids":"[132551327]","po":null},{"id":"2473","date_created":"2025-10-09 06:59:03","date_expiry":"2027-04-30 00:00:00","user_id":"2","batch_number":"","supplier":"","location":"","quantity":"18.0000","quantity_available":"0.0000","units":"1","status":"archived","order_ids":"[132552138,132552141,132552238,132552276]","po":null},{"id":"2770","date_created":"2025-11-27 12:28:02","date_expiry":"2026-08-30 00:00:00","user_id":"2","batch_number":"","supplier":"","location":"","quantity":"12.0000","quantity_available":"0.0000","units":"1","status":"archived","order_ids":"[132552814,132553292,132553577]","po":null},{"id":"2996","date_created":"2026-01-13 16:34:39","date_expiry":"2027-09-30 00:00:00","user_id":"2","batch_number":"","supplier":"","location":"","quantity":"12.0000","quantity_available":"0.0000","units":"1","status":"archived","order_ids":"[132553577,132553736,132554506]","po":null},{"id":"3220","date_created":"2026-02-21 09:17:43","date_expiry":"2027-09-30 00:00:00","user_id":"2","batch_number":"","supplier":"","location":"","quantity":"6.0000","quantity_available":"0.0000","units":"1","status":"archived","order_ids":"[132553727,132553736]","po":null},{"id":"3279","date_created":"2026-03-05 16:15:18","date_expiry":"2027-09-30 00:00:00","user_id":"2","batch_number":"","supplier":"","location":"","quantity":"12.0000","quantity_available":"3.0000","units":"1","status":"active","order_ids":"[132554506,132554527]","po":null},{"id":"3327","date_created":"2026-03-19 11:24:09","date_expiry":"2027-12-30 00:00:00","user_id":"2","batch_number":"","supplier":"","location":"","quantity":"6.0000","quantity_available":"6.0000","units":"1","status":"active","order_ids":null,"po":null}],"_links":{"self":[{"href":"https:\/\/caffeonline.aclas.io\/fr\/wp-json\/wp\/v2\/product\/132548896","targetHints":{"allow":["GET"]}}],"collection":[{"href":"https:\/\/caffeonline.aclas.io\/fr\/wp-json\/wp\/v2\/product"}],"about":[{"href":"https:\/\/caffeonline.aclas.io\/fr\/wp-json\/wp\/v2\/types\/product"}],"replies":[{"embeddable":true,"href":"https:\/\/caffeonline.aclas.io\/fr\/wp-json\/wp\/v2\/comments?post=132548896"}],"wp:featuredmedia":[{"embeddable":true,"href":"https:\/\/caffeonline.aclas.io\/fr\/wp-json\/wp\/v2\/media\/10660"}],"wp:attachment":[{"href":"https:\/\/caffeonline.aclas.io\/fr\/wp-json\/wp\/v2\/media?parent=132548896"}],"wp:term":[{"taxonomy":"product_brand","embeddable":true,"href":"https:\/\/caffeonline.aclas.io\/fr\/wp-json\/wp\/v2\/product_brand?post=132548896"},{"taxonomy":"product_cat","embeddable":true,"href":"https:\/\/caffeonline.aclas.io\/fr\/wp-json\/wp\/v2\/product_cat?post=132548896"},{"taxonomy":"product_tag","embeddable":true,"href":"https:\/\/caffeonline.aclas.io\/fr\/wp-json\/wp\/v2\/product_tag?post=132548896"}],"curies":[{"name":"wp","href":"https:\/\/api.w.org\/{rel}","templated":true}]}}