{"id":132548894,"date":"2024-04-10T22:13:19","date_gmt":"2024-04-10T20:13:19","guid":{"rendered":"https:\/\/caffeonline.ch\/produkt\/lavazza-blue-lb-300-classy-mini\/"},"modified":"2024-04-10T22:13:19","modified_gmt":"2024-04-10T20:13:19","slug":"lavazza-blue-lb-300-classy-mini","status":"publish","type":"product","link":"https:\/\/caffeonline.aclas.io\/fr\/produkt\/lavazza-blue-lb-300-classy-mini\/","title":{"rendered":"Lavazza &#8211; BLUE &#8211; LB 300 Classy Mini"},"content":{"rendered":"","protected":false},"excerpt":{"rendered":"<p>La <strong>Lavazza Classy Mini<\/strong> est efficiente et simple d&rsquo;utilisation, constituant ainsi la machine id\u00e9ale pour vous. Avec sa couleur bleue exclusive et \u00e9l\u00e9gante, ainsi que ses fonctionnalit\u00e9s intuitives et pratiques, elle convient parfaitement \u00e0 la pr\u00e9paration du caf\u00e9 \u00e0 domicile ou dans les petits bureaux.<\/p>\n<p><strong>Lavazza, simplement classy<\/strong> : la Classy Mini est toujours la meilleure : efficiente, \u00e9l\u00e9gante et compacte. Cette nouvelle machine \u00e0 caf\u00e9 est la solution id\u00e9ale pour savourer le meilleur de la tradition italienne. Vous pouvez pr\u00e9parer jusqu&rsquo;\u00e0 5 caf\u00e9s sans avoir \u00e0 vider le r\u00e9servoir.<\/p>\n","protected":false},"featured_media":12236,"comment_status":"open","ping_status":"closed","template":"","meta":{"_relevanssi_hide_post":"","_relevanssi_hide_content":"","_relevanssi_pin_for_all":"","_relevanssi_pin_keywords":"","_relevanssi_unpin_keywords":"","_relevanssi_related_keywords":"","_relevanssi_related_include_ids":"","_relevanssi_related_exclude_ids":"","_relevanssi_related_no_append":"","_relevanssi_related_not_related":"","_relevanssi_related_posts":"","_relevanssi_noindex_reason":""},"product_brand":[],"product_cat":[695,357],"product_tag":[],"class_list":{"0":"post-132548894","1":"product","2":"type-product","3":"status-publish","4":"has-post-thumbnail","6":"product_cat-lavazza-blue-fr","7":"product_cat-machines-a-cafe","8":"pa_brand-lavazza-fr","9":"pa_kaffeemenge-programmable","10":"pa_leistung-1250-watts","11":"pa_stromversorgung-230v-fr","12":"pa_wassertank-07-litre-de-capacite-deau","14":"first","15":"instock","16":"taxable","17":"shipping-taxable","18":"purchasable","19":"product-type-simple"},"batches":[{"id":"351","date_created":"2024-03-20 17:30:57","date_expiry":null,"user_id":"1","batch_number":"","supplier":"","location":"","quantity":"2.0000","quantity_available":"0.0000","units":"1","status":"archived","order_ids":"[16028,132546499]","po":null},{"id":"1562","date_created":"2025-02-17 08:42:05","date_expiry":null,"user_id":"2","batch_number":"","supplier":"","location":"","quantity":"2.0000","quantity_available":"0.0000","units":"1","status":"archived","order_ids":"[132547116,132547127]","po":null},{"id":"1635","date_created":"2025-03-06 14:29:48","date_expiry":null,"user_id":"2","batch_number":"","supplier":"","location":"","quantity":"2.0000","quantity_available":"0.0000","units":"1","status":"archived","order_ids":"[132547544,132547575]","po":null},{"id":"1743","date_created":"2025-03-28 11:09:18","date_expiry":null,"user_id":"2","batch_number":"","supplier":"","location":"","quantity":"2.0000","quantity_available":"0.0000","units":"1","status":"archived","order_ids":"[132549950,132550288]","po":null},{"id":"2321","date_created":"2025-08-30 13:06:57","date_expiry":null,"user_id":"1","batch_number":"","supplier":"","location":"","quantity":"2.0000","quantity_available":"0.0000","units":"1","status":"archived","order_ids":"[132552096,132552220]","po":null},{"id":"2772","date_created":"2025-11-27 12:29:36","date_expiry":null,"user_id":"2","batch_number":"","supplier":"","location":"","quantity":"2.0000","quantity_available":"0.0000","units":"1","status":"archived","order_ids":"[132552614,132552640]","po":null},{"id":"3053","date_created":"2026-01-19 10:37:21","date_expiry":null,"user_id":"2","batch_number":"","supplier":"","location":"","quantity":"4.0000","quantity_available":"3.0000","units":"1","status":"active","order_ids":"[132553068,132553264,132553785]","po":null}],"_links":{"self":[{"href":"https:\/\/caffeonline.aclas.io\/fr\/wp-json\/wp\/v2\/product\/132548894","targetHints":{"allow":["GET"]}}],"collection":[{"href":"https:\/\/caffeonline.aclas.io\/fr\/wp-json\/wp\/v2\/product"}],"about":[{"href":"https:\/\/caffeonline.aclas.io\/fr\/wp-json\/wp\/v2\/types\/product"}],"replies":[{"embeddable":true,"href":"https:\/\/caffeonline.aclas.io\/fr\/wp-json\/wp\/v2\/comments?post=132548894"}],"wp:featuredmedia":[{"embeddable":true,"href":"https:\/\/caffeonline.aclas.io\/fr\/wp-json\/wp\/v2\/media\/12236"}],"wp:attachment":[{"href":"https:\/\/caffeonline.aclas.io\/fr\/wp-json\/wp\/v2\/media?parent=132548894"}],"wp:term":[{"taxonomy":"product_brand","embeddable":true,"href":"https:\/\/caffeonline.aclas.io\/fr\/wp-json\/wp\/v2\/product_brand?post=132548894"},{"taxonomy":"product_cat","embeddable":true,"href":"https:\/\/caffeonline.aclas.io\/fr\/wp-json\/wp\/v2\/product_cat?post=132548894"},{"taxonomy":"product_tag","embeddable":true,"href":"https:\/\/caffeonline.aclas.io\/fr\/wp-json\/wp\/v2\/product_tag?post=132548894"}],"curies":[{"name":"wp","href":"https:\/\/api.w.org\/{rel}","templated":true}]}}