{"id":132548892,"date":"2024-04-10T22:13:19","date_gmt":"2024-04-10T20:13:19","guid":{"rendered":"https:\/\/caffeonline.ch\/produkt\/lavazza-espresso-point-capsules-bevanda-bianca\/"},"modified":"2024-04-10T22:13:19","modified_gmt":"2024-04-10T20:13:19","slug":"lavazza-espresso-point-capsules-bevanda-bianca","status":"publish","type":"product","link":"https:\/\/caffeonline.aclas.io\/fr\/produkt\/lavazza-espresso-point-capsules-bevanda-bianca\/","title":{"rendered":"Lavazza &#8211; Espresso Point &#8211; Capsules Bevanda Bianca"},"content":{"rendered":"","protected":false},"excerpt":{"rendered":"<p>Les <strong>capsules Lavazza Espresso Point Bevanda Bianca<\/strong> sont id\u00e9ales pour la pr\u00e9paration de d\u00e9licieuses boissons chocolat\u00e9es, de lattes macchiatos onctueux ou d&rsquo;un th\u00e9 au lait anglais dans le style parfait.<\/p>\n<ul>\n<li><strong>Boisson invitante :<\/strong> Agr\u00e9able et d\u00e9licate en bouche, avec un ar\u00f4me lact\u00e9.<\/li>\n<li><strong>Id\u00e9al pour :<\/strong> Les boissons chocolat\u00e9es, les lattes macchiatos ou le th\u00e9 au lait.<\/li>\n<li><strong>Aspect :<\/strong> Clair<\/li>\n<li><strong>Notes aromatiques :<\/strong> Lait<\/li>\n<\/ul>\n<p>Ces capsules offrent une base polyvalente pour une multitude de boissons, parfaites pour tous les go\u00fbts et toutes les occasions. Elles sont id\u00e9ales pour ceux qui souhaitent savourer une note gustative douce et agr\u00e9able.<\/p>\n","protected":false},"featured_media":10712,"comment_status":"open","ping_status":"closed","template":"","meta":{"_relevanssi_hide_post":"","_relevanssi_hide_content":"","_relevanssi_pin_for_all":"","_relevanssi_pin_keywords":"","_relevanssi_unpin_keywords":"","_relevanssi_related_keywords":"","_relevanssi_related_include_ids":"","_relevanssi_related_exclude_ids":"","_relevanssi_related_no_append":"","_relevanssi_related_not_related":"","_relevanssi_related_posts":"","_relevanssi_noindex_reason":""},"product_brand":[],"product_cat":[354,359,363],"product_tag":[],"class_list":{"0":"post-132548892","1":"product","2":"type-product","3":"status-publish","4":"has-post-thumbnail","6":"product_cat-boissons-chaudes","7":"product_cat-capsules","8":"product_cat-systeme-lavazza-espresso-point","9":"pa_brand-lavazza-fr","10":"has-subscription-plans","12":"first","13":"outofstock","14":"taxable","15":"shipping-taxable","16":"purchasable","17":"product-type-simple"},"batches":[{"id":"386","date_created":"2024-04-08 17:57:00","date_expiry":"2025-11-30 00:00:00","user_id":"559","batch_number":"","supplier":"","location":"","quantity":"3.0000","quantity_available":"0.0000","units":"1","status":"archived","order_ids":null,"po":null}],"_links":{"self":[{"href":"https:\/\/caffeonline.aclas.io\/fr\/wp-json\/wp\/v2\/product\/132548892","targetHints":{"allow":["GET"]}}],"collection":[{"href":"https:\/\/caffeonline.aclas.io\/fr\/wp-json\/wp\/v2\/product"}],"about":[{"href":"https:\/\/caffeonline.aclas.io\/fr\/wp-json\/wp\/v2\/types\/product"}],"replies":[{"embeddable":true,"href":"https:\/\/caffeonline.aclas.io\/fr\/wp-json\/wp\/v2\/comments?post=132548892"}],"wp:featuredmedia":[{"embeddable":true,"href":"https:\/\/caffeonline.aclas.io\/fr\/wp-json\/wp\/v2\/media\/10712"}],"wp:attachment":[{"href":"https:\/\/caffeonline.aclas.io\/fr\/wp-json\/wp\/v2\/media?parent=132548892"}],"wp:term":[{"taxonomy":"product_brand","embeddable":true,"href":"https:\/\/caffeonline.aclas.io\/fr\/wp-json\/wp\/v2\/product_brand?post=132548892"},{"taxonomy":"product_cat","embeddable":true,"href":"https:\/\/caffeonline.aclas.io\/fr\/wp-json\/wp\/v2\/product_cat?post=132548892"},{"taxonomy":"product_tag","embeddable":true,"href":"https:\/\/caffeonline.aclas.io\/fr\/wp-json\/wp\/v2\/product_tag?post=132548892"}],"curies":[{"name":"wp","href":"https:\/\/api.w.org\/{rel}","templated":true}]}}