{"id":132548891,"date":"2024-04-10T22:13:19","date_gmt":"2024-04-10T20:13:19","guid":{"rendered":"https:\/\/caffeonline.ch\/produkt\/lavazza-grains-de-cafe-crema-e-aroma\/"},"modified":"2026-01-22T15:56:02","modified_gmt":"2026-01-22T14:56:02","slug":"lavazza-grains-de-cafe-crema-e-aroma","status":"publish","type":"product","link":"https:\/\/caffeonline.aclas.io\/fr\/produkt\/lavazza-grains-de-cafe-crema-e-aroma\/","title":{"rendered":"Lavazza &#8211; Grains de caf\u00e9 Crema e Aroma"},"content":{"rendered":"","protected":false},"excerpt":{"rendered":"<p>Les <strong>grains de caf\u00e9 Lavazza Crema e Aroma<\/strong> se distinguent par leur saveur aux notes bois\u00e9es et de fruits secs.<\/p>\n<ul>\n<li><strong>Ar\u00f4me doux-amer :<\/strong> Un m\u00e9lange riche et cr\u00e9meux au caract\u00e8re prononc\u00e9.<\/li>\n<li><strong>Go\u00fbt :<\/strong> \u00c9quilibr\u00e9<\/li>\n<li><strong>Notes aromatiques :<\/strong> Fruits secs, cacao<\/li>\n<li><strong>Torr\u00e9faction :<\/strong> Moyenne<\/li>\n<\/ul>\n<p>Ces grains de caf\u00e9 sont id\u00e9aux pour ceux qui souhaitent savourer un caf\u00e9 \u00e9quilibr\u00e9 et savoureux aux ar\u00f4mes profonds et riches. Parfait pour toute occasion, des petits d\u00e9jeuners quotidiens aux moments sp\u00e9ciaux, <strong>Crema e Aroma<\/strong> apporte l&rsquo;essence de l&rsquo;espresso italien dans votre tasse.<\/p>\n","protected":false},"featured_media":10634,"comment_status":"open","ping_status":"closed","template":"","meta":{"_relevanssi_hide_post":"","_relevanssi_hide_content":"","_relevanssi_pin_for_all":"","_relevanssi_pin_keywords":"","_relevanssi_unpin_keywords":"","_relevanssi_related_keywords":"","_relevanssi_related_include_ids":"","_relevanssi_related_exclude_ids":"","_relevanssi_related_no_append":"","_relevanssi_related_not_related":"","_relevanssi_related_posts":"","_relevanssi_noindex_reason":""},"product_brand":[],"product_cat":[355],"product_tag":[],"class_list":{"0":"post-132548891","1":"product","2":"type-product","3":"status-publish","4":"has-post-thumbnail","6":"product_cat-grains-de-cafe","7":"pa_brand-lavazza-fr","8":"has-subscription-plans","10":"first","11":"instock","12":"taxable","13":"shipping-taxable","14":"purchasable","15":"product-type-simple"},"batches":[{"id":"792","date_created":"2024-10-30 09:45:40","date_expiry":"2027-02-28 00:00:00","user_id":"559","batch_number":"","supplier":"","location":"C","quantity":"120.0000","quantity_available":"44.0000","units":"1","status":"active","order_ids":"[132549925,132549927,132550214,132550898,132551513,132552718,132553085,132553259]","po":null}],"_links":{"self":[{"href":"https:\/\/caffeonline.aclas.io\/fr\/wp-json\/wp\/v2\/product\/132548891","targetHints":{"allow":["GET"]}}],"collection":[{"href":"https:\/\/caffeonline.aclas.io\/fr\/wp-json\/wp\/v2\/product"}],"about":[{"href":"https:\/\/caffeonline.aclas.io\/fr\/wp-json\/wp\/v2\/types\/product"}],"replies":[{"embeddable":true,"href":"https:\/\/caffeonline.aclas.io\/fr\/wp-json\/wp\/v2\/comments?post=132548891"}],"wp:featuredmedia":[{"embeddable":true,"href":"https:\/\/caffeonline.aclas.io\/fr\/wp-json\/wp\/v2\/media\/10634"}],"wp:attachment":[{"href":"https:\/\/caffeonline.aclas.io\/fr\/wp-json\/wp\/v2\/media?parent=132548891"}],"wp:term":[{"taxonomy":"product_brand","embeddable":true,"href":"https:\/\/caffeonline.aclas.io\/fr\/wp-json\/wp\/v2\/product_brand?post=132548891"},{"taxonomy":"product_cat","embeddable":true,"href":"https:\/\/caffeonline.aclas.io\/fr\/wp-json\/wp\/v2\/product_cat?post=132548891"},{"taxonomy":"product_tag","embeddable":true,"href":"https:\/\/caffeonline.aclas.io\/fr\/wp-json\/wp\/v2\/product_tag?post=132548891"}],"curies":[{"name":"wp","href":"https:\/\/api.w.org\/{rel}","templated":true}]}}