{"id":132548888,"date":"2024-04-10T22:13:19","date_gmt":"2024-04-10T20:13:19","guid":{"rendered":"https:\/\/caffeonline.ch\/produkt\/caffe-borbone-capsules-melange-nobile\/"},"modified":"2024-04-10T22:13:19","modified_gmt":"2024-04-10T20:13:19","slug":"caffe-borbone-capsules-melange-nobile","status":"publish","type":"product","link":"https:\/\/caffeonline.aclas.io\/fr\/produkt\/caffe-borbone-capsules-melange-nobile\/","title":{"rendered":"Caff\u00e8 Borbone &#8211; Capsules M\u00e9lange Nobile"},"content":{"rendered":"","protected":false},"excerpt":{"rendered":"<section class=\"row-line row-line-right\">\n<div class=\"page-container\">\n<div class=\"row align-items-center\">\n<div class=\"col-md-6 order-md-1 text-md-right row-image\"><img decoding=\"async\" class=\"img-fluid\" src=\"https:\/\/edge.disstg.commercecloud.salesforce.com\/dw\/image\/v2\/BHCB_STG\/on\/demandware.static\/-\/Library-Sites-CaffeBorboneSharedLibrary\/default\/vcc5e9a5bedaf0f07aaf03deb518300bf23312843\/istituzionali\/\/miscela-nobile.jpg\" alt=\"\"><\/div>\n<div class=\"col-md-6 col-lg-5 offset-lg-1 text-md-right\">\n<h2 class=\"page-subtitle\">NOBILE<\/h2>\n<div class=\"page-subtitle-sub\"><b>\u00c9quilibr\u00e9 et raffin\u00e9<br \/><\/b>Noble comme la culture du caf\u00e9 napolitaine, ce m\u00e9lange saura ravir m\u00eame les palais les plus exigeants gr\u00e2ce \u00e0 son go\u00fbt harmonieux et \u00e9quilibr\u00e9. Un \u00e9quilibre parfait entre corps et ar\u00f4me, avec un go\u00fbt raffin\u00e9 et persistant. Un caf\u00e9 incomparable, appr\u00e9ci\u00e9 des connaisseurs.<\/div>\n<\/p>\n<p><b>Des \u00e9motions magiques pour une nouvelle harmonie<br \/><\/b>Douceur et saveur, combin\u00e9es \u00e0 la perfection. Avec le m\u00e9lange Nobile, une seule gorg\u00e9e suffit pour s&rsquo;accorder une pause d\u00e9tente des plus agr\u00e9ables.<\/p>\n<\/div>\n<\/div>\n<\/div>\n<\/section>\n","protected":false},"featured_media":10954,"comment_status":"open","ping_status":"closed","template":"","meta":{"_relevanssi_hide_post":"","_relevanssi_hide_content":"","_relevanssi_pin_for_all":"","_relevanssi_pin_keywords":"","_relevanssi_unpin_keywords":"","_relevanssi_related_keywords":"","_relevanssi_related_include_ids":"","_relevanssi_related_exclude_ids":"","_relevanssi_related_no_append":"","_relevanssi_related_not_related":"","_relevanssi_related_posts":"","_relevanssi_noindex_reason":""},"product_brand":[],"product_cat":[359,365],"product_tag":[],"class_list":{"0":"post-132548888","1":"product","2":"type-product","3":"status-publish","4":"has-post-thumbnail","6":"product_cat-capsules","7":"product_cat-systeme-nespresso","8":"pa_brand-caffe-borbone-fr","9":"has-subscription-plans","11":"first","12":"outofstock","13":"taxable","14":"shipping-taxable","15":"purchasable","16":"product-type-simple"},"batches":[{"id":"975","date_created":"2024-11-07 18:26:02","date_expiry":"2025-12-30 00:00:00","user_id":"559","batch_number":"","supplier":"","location":"","quantity":"2.0000","quantity_available":"0.0000","units":"1","status":"archived","order_ids":"[16178]","po":null},{"id":"1348","date_created":"2025-01-17 10:49:39","date_expiry":"2026-12-31 00:00:00","user_id":"559","batch_number":"","supplier":"","location":"","quantity":"16.0000","quantity_available":"0.0000","units":"1","status":"archived","order_ids":"[132546471]","po":null}],"_links":{"self":[{"href":"https:\/\/caffeonline.aclas.io\/fr\/wp-json\/wp\/v2\/product\/132548888","targetHints":{"allow":["GET"]}}],"collection":[{"href":"https:\/\/caffeonline.aclas.io\/fr\/wp-json\/wp\/v2\/product"}],"about":[{"href":"https:\/\/caffeonline.aclas.io\/fr\/wp-json\/wp\/v2\/types\/product"}],"replies":[{"embeddable":true,"href":"https:\/\/caffeonline.aclas.io\/fr\/wp-json\/wp\/v2\/comments?post=132548888"}],"wp:featuredmedia":[{"embeddable":true,"href":"https:\/\/caffeonline.aclas.io\/fr\/wp-json\/wp\/v2\/media\/10954"}],"wp:attachment":[{"href":"https:\/\/caffeonline.aclas.io\/fr\/wp-json\/wp\/v2\/media?parent=132548888"}],"wp:term":[{"taxonomy":"product_brand","embeddable":true,"href":"https:\/\/caffeonline.aclas.io\/fr\/wp-json\/wp\/v2\/product_brand?post=132548888"},{"taxonomy":"product_cat","embeddable":true,"href":"https:\/\/caffeonline.aclas.io\/fr\/wp-json\/wp\/v2\/product_cat?post=132548888"},{"taxonomy":"product_tag","embeddable":true,"href":"https:\/\/caffeonline.aclas.io\/fr\/wp-json\/wp\/v2\/product_tag?post=132548888"}],"curies":[{"name":"wp","href":"https:\/\/api.w.org\/{rel}","templated":true}]}}