{"id":132548887,"date":"2024-04-10T22:13:19","date_gmt":"2024-04-10T20:13:19","guid":{"rendered":"https:\/\/caffeonline.ch\/produkt\/lavazza-grains-de-cafe-expert-crema-ricca\/"},"modified":"2025-11-18T00:41:41","modified_gmt":"2025-11-17T23:41:41","slug":"lavazza-grains-de-cafe-expert-crema-ricca","status":"publish","type":"product","link":"https:\/\/caffeonline.aclas.io\/fr\/produkt\/lavazza-grains-de-cafe-expert-crema-ricca\/","title":{"rendered":"Lavazza &#8211; Grains de caf\u00e9 Expert Crema Ricca"},"content":{"rendered":"","protected":false},"excerpt":{"rendered":"<p>Les <strong>grains de caf\u00e9 Lavazza Expert Crema Ricca<\/strong> offrent un m\u00e9lange \u00e9quilibr\u00e9 et harmonieux. Cette s\u00e9lection de caf\u00e9 est r\u00e9colt\u00e9e dans des plantations certifi\u00e9es UTZ, garantissant une exp\u00e9rience de caf\u00e9 particuli\u00e8rement durable et de haute qualit\u00e9.<\/p>\n<ul>\n<li><strong>\u00c9quilibr\u00e9 et chocolat\u00e9 :<\/strong> Cors\u00e9, avec des notes de fruits secs et de chocolat noir.<\/li>\n<li><strong>Go\u00fbt :<\/strong> \u00c9quilibr\u00e9<\/li>\n<li><strong>Notes aromatiques :<\/strong> Fruits secs, miel<\/li>\n<li><strong>Torr\u00e9faction :<\/strong> Moyenne<\/li>\n<\/ul>\n<p>Ces grains de caf\u00e9 sont id\u00e9aux pour tous ceux qui souhaitent savourer un caf\u00e9 harmonieux et cors\u00e9. Parfait pour une consommation quotidienne ou pour des occasions sp\u00e9ciales, <strong>Crema Ricca<\/strong> offre un go\u00fbt \u00e9quilibr\u00e9 et riche.<\/p>\n","protected":false},"featured_media":10656,"comment_status":"open","ping_status":"closed","template":"","meta":{"_relevanssi_hide_post":"","_relevanssi_hide_content":"","_relevanssi_pin_for_all":"","_relevanssi_pin_keywords":"","_relevanssi_unpin_keywords":"","_relevanssi_related_keywords":"","_relevanssi_related_include_ids":"","_relevanssi_related_exclude_ids":"","_relevanssi_related_no_append":"","_relevanssi_related_not_related":"","_relevanssi_related_posts":"","_relevanssi_noindex_reason":""},"product_brand":[],"product_cat":[355],"product_tag":[],"class_list":{"0":"post-132548887","1":"product","2":"type-product","3":"status-publish","4":"has-post-thumbnail","6":"product_cat-grains-de-cafe","7":"pa_brand-lavazza-fr","8":"has-subscription-plans","10":"first","11":"instock","12":"taxable","13":"shipping-taxable","14":"purchasable","15":"product-type-simple"},"batches":[{"id":"212","date_created":"2024-03-13 06:42:30","date_expiry":"2025-07-31 00:00:00","user_id":"559","batch_number":"","supplier":"","location":"S","quantity":"2.0000","quantity_available":"0.0000","units":"1","status":"archived","order_ids":"[15632,15654,16028]","po":null},{"id":"745","date_created":"2024-10-21 15:30:21","date_expiry":"2026-08-30 00:00:00","user_id":"559","batch_number":"","supplier":"","location":"S","quantity":"12.0000","quantity_available":"0.0000","units":"1","status":"archived","order_ids":"[16028,16952,17238]","po":null},{"id":"1216","date_created":"2024-12-16 12:50:24","date_expiry":"2026-08-30 00:00:00","user_id":"559","batch_number":"","supplier":"","location":"","quantity":"4.0000","quantity_available":"0.0000","units":"1","status":"archived","order_ids":"[132546471]","po":null},{"id":"1456","date_created":"2025-02-04 16:54:25","date_expiry":"2026-10-30 00:00:00","user_id":"559","batch_number":"","supplier":"","location":"","quantity":"6.0000","quantity_available":"0.0000","units":"1","status":"archived","order_ids":"[132546706,132547271]","po":null},{"id":"1633","date_created":"2025-03-06 14:28:33","date_expiry":"2026-12-30 00:00:00","user_id":"559","batch_number":"","supplier":"","location":"","quantity":"12.0000","quantity_available":"0.0000","units":"1","status":"archived","order_ids":"[132547271,132547419]","po":null},{"id":"1680","date_created":"2025-03-14 17:21:51","date_expiry":"2027-01-30 00:00:00","user_id":"559","batch_number":"","supplier":"","location":"","quantity":"12.0000","quantity_available":"0.0000","units":"1","status":"archived","order_ids":"[132547419,132547785,132547875]","po":null},{"id":"1850","date_created":"2025-04-28 15:19:23","date_expiry":"2027-02-28 00:00:00","user_id":"559","batch_number":"","supplier":"","location":"","quantity":"12.0000","quantity_available":"0.0000","units":"1","status":"archived","order_ids":"[132549243,132549540]","po":null},{"id":"2306","date_created":"2025-08-28 06:56:27","date_expiry":"2027-05-30 00:00:00","user_id":"2","batch_number":"","supplier":"","location":"","quantity":"18.0000","quantity_available":"0.0000","units":"1","status":"archived","order_ids":"[132551531,132552166,132552276,132552375,132553710]","po":null},{"id":"2753","date_created":"2025-11-25 10:03:56","date_expiry":"2027-07-30 00:00:00","user_id":"2","batch_number":"","supplier":"","location":"","quantity":"6.0000","quantity_available":"2.0000","units":"1","status":"active","order_ids":"[132553710]","po":null},{"id":"2876","date_created":"2025-12-18 17:23:11","date_expiry":"2027-07-30 00:00:00","user_id":"2","batch_number":"","supplier":"","location":"","quantity":"12.0000","quantity_available":"12.0000","units":"1","status":"active","order_ids":null,"po":null}],"_links":{"self":[{"href":"https:\/\/caffeonline.aclas.io\/fr\/wp-json\/wp\/v2\/product\/132548887","targetHints":{"allow":["GET"]}}],"collection":[{"href":"https:\/\/caffeonline.aclas.io\/fr\/wp-json\/wp\/v2\/product"}],"about":[{"href":"https:\/\/caffeonline.aclas.io\/fr\/wp-json\/wp\/v2\/types\/product"}],"replies":[{"embeddable":true,"href":"https:\/\/caffeonline.aclas.io\/fr\/wp-json\/wp\/v2\/comments?post=132548887"}],"wp:featuredmedia":[{"embeddable":true,"href":"https:\/\/caffeonline.aclas.io\/fr\/wp-json\/wp\/v2\/media\/10656"}],"wp:attachment":[{"href":"https:\/\/caffeonline.aclas.io\/fr\/wp-json\/wp\/v2\/media?parent=132548887"}],"wp:term":[{"taxonomy":"product_brand","embeddable":true,"href":"https:\/\/caffeonline.aclas.io\/fr\/wp-json\/wp\/v2\/product_brand?post=132548887"},{"taxonomy":"product_cat","embeddable":true,"href":"https:\/\/caffeonline.aclas.io\/fr\/wp-json\/wp\/v2\/product_cat?post=132548887"},{"taxonomy":"product_tag","embeddable":true,"href":"https:\/\/caffeonline.aclas.io\/fr\/wp-json\/wp\/v2\/product_tag?post=132548887"}],"curies":[{"name":"wp","href":"https:\/\/api.w.org\/{rel}","templated":true}]}}