{"id":132548876,"date":"2024-04-10T22:13:19","date_gmt":"2024-04-10T20:13:19","guid":{"rendered":"https:\/\/caffeonline.ch\/produkt\/gimoka-capsules-vellutato-100-arabica\/"},"modified":"2026-01-17T11:32:20","modified_gmt":"2026-01-17T10:32:20","slug":"gimoka-capsules-vellutato-100-arabica","status":"publish","type":"product","link":"https:\/\/caffeonline.aclas.io\/fr\/produkt\/gimoka-capsules-vellutato-100-arabica\/","title":{"rendered":"Gimoka &#8211; Capsules Vellutato 100% Arabica"},"content":{"rendered":"","protected":false},"excerpt":{"rendered":"<p>Un m\u00e9lange s\u00e9lectionn\u00e9 de <strong>caf\u00e9 Arabica<\/strong> qui cr\u00e9e un caf\u00e9 au go\u00fbt rond, caract\u00e9ris\u00e9 par de d\u00e9licieuses notes de chocolat et de fruits. L&rsquo;intensit\u00e9 de la torr\u00e9faction garantit un caf\u00e9 cors\u00e9 et une cr\u00e8me dense.<\/p>\n<p><strong>Intensit\u00e9 : 8<\/strong><\/p>\n","protected":false},"featured_media":11028,"comment_status":"open","ping_status":"closed","template":"","meta":{"_relevanssi_hide_post":"","_relevanssi_hide_content":"","_relevanssi_pin_for_all":"","_relevanssi_pin_keywords":"","_relevanssi_unpin_keywords":"","_relevanssi_related_keywords":"","_relevanssi_related_include_ids":"","_relevanssi_related_exclude_ids":"","_relevanssi_related_no_append":"","_relevanssi_related_not_related":"","_relevanssi_related_posts":"","_relevanssi_noindex_reason":""},"product_brand":[],"product_cat":[359,364],"product_tag":[],"class_list":{"0":"post-132548876","1":"product","2":"type-product","3":"status-publish","4":"has-post-thumbnail","6":"product_cat-capsules","7":"product_cat-systeme-nespresso-pro","8":"pa_brand-gimoka-fr","9":"has-subscription-plans","11":"first","12":"instock","13":"taxable","14":"shipping-taxable","15":"purchasable","16":"product-type-simple"},"batches":[{"id":"1094","date_created":"2024-11-27 18:39:49","date_expiry":"2026-04-30 00:00:00","user_id":"559","batch_number":"","supplier":"","location":"","quantity":"12.0000","quantity_available":"0.0000","units":"1","status":"archived","order_ids":"[132546602]","po":null},{"id":"1525","date_created":"2025-02-11 17:00:33","date_expiry":"2026-12-15 00:00:00","user_id":"559","batch_number":"","supplier":"","location":"","quantity":"6.0000","quantity_available":"0.0000","units":"1","status":"archived","order_ids":"[132546713]","po":null},{"id":"1581","date_created":"2025-02-19 10:03:48","date_expiry":"2026-04-22 00:00:00","user_id":"559","batch_number":"","supplier":"","location":"","quantity":"12.0000","quantity_available":"0.0000","units":"1","status":"archived","order_ids":"[132547020]","po":null},{"id":"1638","date_created":"2025-03-06 14:35:13","date_expiry":"2026-04-22 00:00:00","user_id":"559","batch_number":"","supplier":"","location":"","quantity":"12.0000","quantity_available":"0.0000","units":"1","status":"archived","order_ids":"[132547438,132547595,132547732]","po":null},{"id":"1843","date_created":"2025-04-27 20:30:36","date_expiry":"2026-11-06 00:00:00","user_id":"559","batch_number":"","supplier":"","location":"","quantity":"24.0000","quantity_available":"0.0000","units":"1","status":"archived","order_ids":"[132548202,132548330,132549242,132549258]","po":null},{"id":"1881","date_created":"2025-05-07 14:24:58","date_expiry":"2026-11-06 00:00:00","user_id":"559","batch_number":"","supplier":"","location":"","quantity":"12.0000","quantity_available":"0.0000","units":"1","status":"archived","order_ids":"[132549258]","po":null},{"id":"1942","date_created":"2025-05-21 16:35:12","date_expiry":"2026-11-06 00:00:00","user_id":"559","batch_number":"","supplier":"","location":"","quantity":"12.0000","quantity_available":"0.0000","units":"1","status":"archived","order_ids":"[132549604,132549852]","po":null},{"id":"2067","date_created":"2025-06-19 15:25:02","date_expiry":"2027-04-16 00:00:00","user_id":"2","batch_number":"","supplier":"","location":"","quantity":"12.0000","quantity_available":"0.0000","units":"1","status":"archived","order_ids":"[132550176]","po":null},{"id":"2299","date_created":"2025-08-27 17:17:43","date_expiry":"2027-04-16 00:00:00","user_id":"2","batch_number":"","supplier":"","location":"","quantity":"18.0000","quantity_available":"0.0000","units":"1","status":"archived","order_ids":"[132551117,132551135,132551304,132551322,132551769]","po":null},{"id":"2474","date_created":"2025-10-09 07:02:27","date_expiry":"2027-04-16 00:00:00","user_id":"2","batch_number":"","supplier":"","location":"","quantity":"12.0000","quantity_available":"0.0000","units":"1","status":"archived","order_ids":"[]","po":null},{"id":"2681","date_created":"2025-11-07 18:00:32","date_expiry":"2027-04-16 00:00:00","user_id":"2","batch_number":"","supplier":"","location":"","quantity":"18.0000","quantity_available":"0.0000","units":"1","status":"archived","order_ids":"[132552126,132552343]","po":null},{"id":"2756","date_created":"2025-11-25 10:31:55","date_expiry":"2027-04-16 00:00:00","user_id":"2","batch_number":"","supplier":"","location":"","quantity":"18.0000","quantity_available":"3.0000","units":"1","status":"active","order_ids":"[132552343,132552933,132553076,132553169,132553608]","po":null},{"id":"2852","date_created":"2025-12-12 16:57:20","date_expiry":"2027-07-30 00:00:00","user_id":"2","batch_number":"","supplier":"","location":"","quantity":"18.0000","quantity_available":"18.0000","units":"1","status":"active","order_ids":null,"po":null}],"_links":{"self":[{"href":"https:\/\/caffeonline.aclas.io\/fr\/wp-json\/wp\/v2\/product\/132548876","targetHints":{"allow":["GET"]}}],"collection":[{"href":"https:\/\/caffeonline.aclas.io\/fr\/wp-json\/wp\/v2\/product"}],"about":[{"href":"https:\/\/caffeonline.aclas.io\/fr\/wp-json\/wp\/v2\/types\/product"}],"replies":[{"embeddable":true,"href":"https:\/\/caffeonline.aclas.io\/fr\/wp-json\/wp\/v2\/comments?post=132548876"}],"wp:featuredmedia":[{"embeddable":true,"href":"https:\/\/caffeonline.aclas.io\/fr\/wp-json\/wp\/v2\/media\/11028"}],"wp:attachment":[{"href":"https:\/\/caffeonline.aclas.io\/fr\/wp-json\/wp\/v2\/media?parent=132548876"}],"wp:term":[{"taxonomy":"product_brand","embeddable":true,"href":"https:\/\/caffeonline.aclas.io\/fr\/wp-json\/wp\/v2\/product_brand?post=132548876"},{"taxonomy":"product_cat","embeddable":true,"href":"https:\/\/caffeonline.aclas.io\/fr\/wp-json\/wp\/v2\/product_cat?post=132548876"},{"taxonomy":"product_tag","embeddable":true,"href":"https:\/\/caffeonline.aclas.io\/fr\/wp-json\/wp\/v2\/product_tag?post=132548876"}],"curies":[{"name":"wp","href":"https:\/\/api.w.org\/{rel}","templated":true}]}}