{"id":132548875,"date":"2024-04-10T22:13:18","date_gmt":"2024-04-10T20:13:18","guid":{"rendered":"https:\/\/caffeonline.ch\/produkt\/lavazza-espresso-point-capsules-crema-aroma-gran-espresso\/"},"modified":"2024-04-10T22:13:18","modified_gmt":"2024-04-10T20:13:18","slug":"lavazza-espresso-point-capsules-crema-aroma-gran-espresso","status":"publish","type":"product","link":"https:\/\/caffeonline.aclas.io\/fr\/produkt\/lavazza-espresso-point-capsules-crema-aroma-gran-espresso\/","title":{"rendered":"Lavazza &#8211; Espresso Point &#8211; Capsules Crema &amp; Aroma Gran Espresso"},"content":{"rendered":"","protected":false},"excerpt":{"rendered":"<p>Les <strong>capsules Lavazza Espresso Point Crema &amp; Aroma Gran Espresso<\/strong> sont un m\u00e9lange de haute qualit\u00e9 d&rsquo;arabica et de robusta provenant d&rsquo;Afrique, d&rsquo;Am\u00e9rique centrale et du Sud. Elles offrent un espresso cors\u00e9 avec un go\u00fbt intense et une finale sucr\u00e9e persistante.<\/p>\n<ul>\n<li><strong>Puissant et cors\u00e9 :<\/strong> que ce soit en espresso court ou long, ce m\u00e9lange deviendra votre favori.<\/li>\n<li><strong>Apparence :<\/strong> Fonc\u00e9e<\/li>\n<li><strong>Ar\u00f4me :<\/strong> Puissant, persistant<\/li>\n<li><strong>Go\u00fbt :<\/strong> \u00c9quilibr\u00e9<\/li>\n<li><strong>Notes aromatiques :<\/strong> Chocolat noir<\/li>\n<li><strong>Torr\u00e9faction :<\/strong> Moyenne<\/li>\n<\/ul>\n<p>Ces capsules sont id\u00e9ales pour tous ceux qui appr\u00e9cient un espresso puissant et savoureux. Parfait pour les amateurs de caf\u00e9 qui recherchent un espresso aux notes profondes de chocolat et \u00e0 la pr\u00e9sence durable.<\/p>\n","protected":false},"featured_media":10608,"comment_status":"open","ping_status":"closed","template":"","meta":{"_relevanssi_hide_post":"","_relevanssi_hide_content":"","_relevanssi_pin_for_all":"","_relevanssi_pin_keywords":"","_relevanssi_unpin_keywords":"","_relevanssi_related_keywords":"","_relevanssi_related_include_ids":"","_relevanssi_related_exclude_ids":"","_relevanssi_related_no_append":"","_relevanssi_related_not_related":"","_relevanssi_related_posts":"","_relevanssi_noindex_reason":""},"product_brand":[],"product_cat":[359,363],"product_tag":[],"class_list":{"0":"post-132548875","1":"product","2":"type-product","3":"status-publish","4":"has-post-thumbnail","6":"product_cat-capsules","7":"product_cat-systeme-lavazza-espresso-point","8":"pa_brand-lavazza-fr","9":"has-subscription-plans","11":"first","12":"instock","13":"taxable","14":"shipping-taxable","15":"purchasable","16":"product-type-simple"},"batches":[{"id":"771","date_created":"2024-10-29 17:34:48","date_expiry":"2026-01-30 00:00:00","user_id":"559","batch_number":"","supplier":"","location":"","quantity":"45.0000","quantity_available":"0.0000","units":"1","status":"archived","order_ids":"[16120,16202,16204,16449,132546372,132546385,132546394]","po":null},{"id":"1112","date_created":"2024-12-03 18:22:32","date_expiry":"2025-11-30 00:00:00","user_id":"559","batch_number":"","supplier":"","location":"","quantity":"24.0000","quantity_available":"0.0000","units":"1","status":"archived","order_ids":"[17155,132545823,132546013,132546173,132546277,132546372]","po":null},{"id":"1397","date_created":"2025-01-22 16:23:06","date_expiry":"2026-01-30 00:00:00","user_id":"559","batch_number":"","supplier":"","location":"","quantity":"30.0000","quantity_available":"0.0000","units":"1","status":"archived","order_ids":"[132546394,132546655,132546932,132547773,132547807,132547848,132549383]","po":null},{"id":"1884","date_created":"2025-05-07 14:54:59","date_expiry":"2026-07-30 00:00:00","user_id":"559","batch_number":"","supplier":"","location":"","quantity":"12.0000","quantity_available":"0.0000","units":"1","status":"archived","order_ids":"[132549383,132549873]","po":null},{"id":"1985","date_created":"2025-06-04 12:50:18","date_expiry":"2026-07-30 00:00:00","user_id":"559","batch_number":"","supplier":"","location":"","quantity":"6.0000","quantity_available":"0.0000","units":"1","status":"archived","order_ids":"[132549873]","po":null},{"id":"2081","date_created":"2025-06-19 17:22:07","date_expiry":"2026-07-30 00:00:00","user_id":"2","batch_number":"","supplier":"","location":"","quantity":"36.0000","quantity_available":"0.0000","units":"1","status":"archived","order_ids":"[132549873,132549920]","po":null},{"id":"2814","date_created":"2025-12-08 16:37:07","date_expiry":"2027-03-30 00:00:00","user_id":"2","batch_number":"","supplier":"","location":"","quantity":"6.0000","quantity_available":"0.0000","units":"1","status":"archived","order_ids":"[132552540,132552556,132552606]","po":null},{"id":"2846","date_created":"2025-12-12 16:40:36","date_expiry":"2027-03-30 00:00:00","user_id":"2","batch_number":"","supplier":"","location":"","quantity":"24.0000","quantity_available":"0.0000","units":"1","status":"archived","order_ids":"[132552630,132552649,132552691,132553197,132553210,132553272]","po":null},{"id":"2993","date_created":"2026-01-13 16:19:36","date_expiry":"2027-03-30 00:00:00","user_id":"2","batch_number":"","supplier":"","location":"","quantity":"18.0000","quantity_available":"0.0000","units":"1","status":"archived","order_ids":"[132553277,132553302,132553657,132553696,132554116,132554123]","po":null},{"id":"3114","date_created":"2026-02-04 18:28:41","date_expiry":"2027-05-30 00:00:00","user_id":"2","batch_number":"","supplier":"","location":"","quantity":"36.0000","quantity_available":"23.0000","units":"1","status":"active","order_ids":"[132554123,132554125,132554513,132554515]","po":null}],"_links":{"self":[{"href":"https:\/\/caffeonline.aclas.io\/fr\/wp-json\/wp\/v2\/product\/132548875","targetHints":{"allow":["GET"]}}],"collection":[{"href":"https:\/\/caffeonline.aclas.io\/fr\/wp-json\/wp\/v2\/product"}],"about":[{"href":"https:\/\/caffeonline.aclas.io\/fr\/wp-json\/wp\/v2\/types\/product"}],"replies":[{"embeddable":true,"href":"https:\/\/caffeonline.aclas.io\/fr\/wp-json\/wp\/v2\/comments?post=132548875"}],"wp:featuredmedia":[{"embeddable":true,"href":"https:\/\/caffeonline.aclas.io\/fr\/wp-json\/wp\/v2\/media\/10608"}],"wp:attachment":[{"href":"https:\/\/caffeonline.aclas.io\/fr\/wp-json\/wp\/v2\/media?parent=132548875"}],"wp:term":[{"taxonomy":"product_brand","embeddable":true,"href":"https:\/\/caffeonline.aclas.io\/fr\/wp-json\/wp\/v2\/product_brand?post=132548875"},{"taxonomy":"product_cat","embeddable":true,"href":"https:\/\/caffeonline.aclas.io\/fr\/wp-json\/wp\/v2\/product_cat?post=132548875"},{"taxonomy":"product_tag","embeddable":true,"href":"https:\/\/caffeonline.aclas.io\/fr\/wp-json\/wp\/v2\/product_tag?post=132548875"}],"curies":[{"name":"wp","href":"https:\/\/api.w.org\/{rel}","templated":true}]}}