{"id":132548872,"date":"2024-04-10T22:13:18","date_gmt":"2024-04-10T20:13:18","guid":{"rendered":"https:\/\/caffeonline.ch\/produkt\/caffe-borbone-cafe-moulu-miscela-nobile\/"},"modified":"2025-11-01T13:12:55","modified_gmt":"2025-11-01T12:12:55","slug":"caffe-borbone-cafe-moulu-miscela-nobile","status":"publish","type":"product","link":"https:\/\/caffeonline.aclas.io\/fr\/produkt\/caffe-borbone-cafe-moulu-miscela-nobile\/","title":{"rendered":"Caff\u00e8 Borbone &#8211; Caf\u00e9 moulu Miscela Nobile"},"content":{"rendered":"","protected":false},"excerpt":{"rendered":"<p><strong>Nobile est un m\u00e9lange \u00e9quilibr\u00e9 et cors\u00e9, obtenu \u00e0 partir d&rsquo;une s\u00e9lection de diff\u00e9rentes vari\u00e9t\u00e9s pour un \u00e9quilibre parfait entre corps, persistance et douceur.<\/strong><\/p>\n<p>Le m\u00e9lange Nobile se distingue par ses ar\u00f4mes, son caract\u00e8re robuste et son parfum intense. Soyez vigilant ! Le nouveau conditionnement comporte un sachet souple dot\u00e9 d&rsquo;une valve de protection aromatique. Gr\u00e2ce \u00e0 ce nouveau syst\u00e8me, nous garantissons la meilleure fra\u00eecheur olfactive du produit : moulu et fra\u00eechement torr\u00e9fi\u00e9, conditionn\u00e9 sous atmosph\u00e8re protectrice. Les ar\u00f4mes ne s&rsquo;\u00e9vaporent pas, contrairement \u00e0 ce qui se produit habituellement avec les sachets rigides.<\/p>\n","protected":false},"featured_media":10996,"comment_status":"open","ping_status":"closed","template":"","meta":{"_relevanssi_hide_post":"","_relevanssi_hide_content":"","_relevanssi_pin_for_all":"","_relevanssi_pin_keywords":"","_relevanssi_unpin_keywords":"","_relevanssi_related_keywords":"","_relevanssi_related_include_ids":"","_relevanssi_related_exclude_ids":"","_relevanssi_related_no_append":"","_relevanssi_related_not_related":"","_relevanssi_related_posts":"","_relevanssi_noindex_reason":""},"product_brand":[],"product_cat":[356,174],"product_tag":[],"class_list":{"0":"post-132548872","1":"product","2":"type-product","3":"status-publish","4":"has-post-thumbnail","6":"product_cat-cafe-moulu","7":"product_cat-kaffeegemahlen","8":"pa_brand-caffe-borbone-fr","9":"has-subscription-plans","11":"first","12":"instock","13":"taxable","14":"shipping-taxable","15":"purchasable","16":"product-type-simple"},"batches":[{"id":"252","date_created":"2024-03-13 07:23:15","date_expiry":"2025-06-30 00:00:00","user_id":"1","batch_number":"","supplier":"","location":"","quantity":"240.0000","quantity_available":"88.0000","units":"1","status":"archived","order_ids":"[16186,17228,132545842,132545878,132546032,132546132,132546210,132546334,132546377,132546571,132546602,132546663,132546685,132546966,132547020,132547116,132547169,132547233,132547240,132547249,132547255,132547265,132547299,132547437,132547445,132547714,132547732,132547741,132547759,132547880,132548063,132548066,132548156,132548160,132548168,132548245,132548246,132548298,132548304,132548345,132548355,132548356,132548362,132548363,132549204,132549222,132549256,132549257,132549289,132549298,132549332,132549433,132549490,132549547,132549557,132549573,132549608,132549671,132549711,132549741,132549829]","po":null},{"id":"2635","date_created":"2025-10-29 17:58:12","date_expiry":"2027-03-30 00:00:00","user_id":"2","batch_number":"","supplier":"","location":"","quantity":"48.0000","quantity_available":"6.0000","units":"1","status":"active","order_ids":"[132551805,132552538,132552676,132552695,132552874,132553186,132553293,132553406,132553462]","po":null}],"_links":{"self":[{"href":"https:\/\/caffeonline.aclas.io\/fr\/wp-json\/wp\/v2\/product\/132548872","targetHints":{"allow":["GET"]}}],"collection":[{"href":"https:\/\/caffeonline.aclas.io\/fr\/wp-json\/wp\/v2\/product"}],"about":[{"href":"https:\/\/caffeonline.aclas.io\/fr\/wp-json\/wp\/v2\/types\/product"}],"replies":[{"embeddable":true,"href":"https:\/\/caffeonline.aclas.io\/fr\/wp-json\/wp\/v2\/comments?post=132548872"}],"wp:featuredmedia":[{"embeddable":true,"href":"https:\/\/caffeonline.aclas.io\/fr\/wp-json\/wp\/v2\/media\/10996"}],"wp:attachment":[{"href":"https:\/\/caffeonline.aclas.io\/fr\/wp-json\/wp\/v2\/media?parent=132548872"}],"wp:term":[{"taxonomy":"product_brand","embeddable":true,"href":"https:\/\/caffeonline.aclas.io\/fr\/wp-json\/wp\/v2\/product_brand?post=132548872"},{"taxonomy":"product_cat","embeddable":true,"href":"https:\/\/caffeonline.aclas.io\/fr\/wp-json\/wp\/v2\/product_cat?post=132548872"},{"taxonomy":"product_tag","embeddable":true,"href":"https:\/\/caffeonline.aclas.io\/fr\/wp-json\/wp\/v2\/product_tag?post=132548872"}],"curies":[{"name":"wp","href":"https:\/\/api.w.org\/{rel}","templated":true}]}}