{"id":132548868,"date":"2024-04-10T22:13:18","date_gmt":"2024-04-10T20:13:18","guid":{"rendered":"https:\/\/caffeonline.ch\/produkt\/lavazza-blue-lb-1200-classy-milk\/"},"modified":"2024-04-10T22:13:18","modified_gmt":"2024-04-10T20:13:18","slug":"lavazza-blue-lb-1200-classy-milk","status":"publish","type":"product","link":"https:\/\/caffeonline.aclas.io\/fr\/produkt\/lavazza-blue-lb-1200-classy-milk\/","title":{"rendered":"Lavazza &#8211; BLUE &#8211; LB 1200 Classy  Milk"},"content":{"rendered":"","protected":false},"excerpt":{"rendered":"<p><strong>Nouveau design, qualit\u00e9 exceptionnelle<\/strong><\/p>\n<p>Savourez six options de caf\u00e9 diff\u00e9rentes pour chaque humeur, dont trois recettes \u00e0 base de lait, sur simple pression d&rsquo;un bouton.<\/p>\n<p>Gr\u00e2ce au mousseur \u00e0 lait int\u00e9gr\u00e9, vous pouvez cr\u00e9er la mousse parfaite directement dans votre tasse.<\/p>\n<p>Avec un plateau \u00e0 tasse r\u00e9glable sur deux hauteurs, vous pouvez ajuster la hauteur pour pr\u00e9parer votre caf\u00e9 pr\u00e9f\u00e9r\u00e9 comme vous l&rsquo;aimez.<\/p>\n","protected":false},"featured_media":11000,"comment_status":"open","ping_status":"closed","template":"","meta":{"_relevanssi_hide_post":"","_relevanssi_hide_content":"","_relevanssi_pin_for_all":"","_relevanssi_pin_keywords":"","_relevanssi_unpin_keywords":"","_relevanssi_related_keywords":"","_relevanssi_related_include_ids":"","_relevanssi_related_exclude_ids":"","_relevanssi_related_no_append":"","_relevanssi_related_not_related":"","_relevanssi_related_posts":"","_relevanssi_noindex_reason":""},"product_brand":[],"product_cat":[695,357],"product_tag":[],"class_list":{"0":"post-132548868","1":"product","2":"type-product","3":"status-publish","4":"has-post-thumbnail","6":"product_cat-lavazza-blue-fr","7":"product_cat-machines-a-cafe","8":"pa_brand-lavazza-fr","9":"pa_kaffeemenge-programmable","10":"pa_leistung-1455-watts","11":"pa_pumpendruck-environ-15-bars","12":"pa_pumpentyp-pompe-a-vibration","13":"pa_stromversorgung-230v-fr","14":"pa_wassertank-capacite-en-eau-de-18-litre","16":"first","17":"outofstock","18":"taxable","19":"shipping-taxable","20":"purchasable","21":"product-type-simple"},"batches":[],"_links":{"self":[{"href":"https:\/\/caffeonline.aclas.io\/fr\/wp-json\/wp\/v2\/product\/132548868","targetHints":{"allow":["GET"]}}],"collection":[{"href":"https:\/\/caffeonline.aclas.io\/fr\/wp-json\/wp\/v2\/product"}],"about":[{"href":"https:\/\/caffeonline.aclas.io\/fr\/wp-json\/wp\/v2\/types\/product"}],"replies":[{"embeddable":true,"href":"https:\/\/caffeonline.aclas.io\/fr\/wp-json\/wp\/v2\/comments?post=132548868"}],"wp:featuredmedia":[{"embeddable":true,"href":"https:\/\/caffeonline.aclas.io\/fr\/wp-json\/wp\/v2\/media\/11000"}],"wp:attachment":[{"href":"https:\/\/caffeonline.aclas.io\/fr\/wp-json\/wp\/v2\/media?parent=132548868"}],"wp:term":[{"taxonomy":"product_brand","embeddable":true,"href":"https:\/\/caffeonline.aclas.io\/fr\/wp-json\/wp\/v2\/product_brand?post=132548868"},{"taxonomy":"product_cat","embeddable":true,"href":"https:\/\/caffeonline.aclas.io\/fr\/wp-json\/wp\/v2\/product_cat?post=132548868"},{"taxonomy":"product_tag","embeddable":true,"href":"https:\/\/caffeonline.aclas.io\/fr\/wp-json\/wp\/v2\/product_tag?post=132548868"}],"curies":[{"name":"wp","href":"https:\/\/api.w.org\/{rel}","templated":true}]}}