{"id":132548834,"date":"2024-04-10T22:13:30","date_gmt":"2024-04-10T20:13:30","guid":{"rendered":"https:\/\/caffeonline.ch\/produkt\/lavazza-tasses-a-espresso-sous-tasses-en-verre\/"},"modified":"2024-04-10T22:13:30","modified_gmt":"2024-04-10T20:13:30","slug":"lavazza-tasses-a-espresso-sous-tasses-en-verre","status":"publish","type":"product","link":"https:\/\/caffeonline.aclas.io\/fr\/produkt\/lavazza-tasses-a-espresso-sous-tasses-en-verre\/","title":{"rendered":"Lavazza &#8211; Tasses \u00e0 espresso + sous-tasses en verre"},"content":{"rendered":"","protected":false},"excerpt":{"rendered":"<p>Ces \u00e9l\u00e9gantes <strong>tasses \u00e0 espresso Lavazza<\/strong> en verre clair de haute qualit\u00e9 incarnent l&rsquo;<strong>\u00e9l\u00e9gance<\/strong> et le <strong>prestige<\/strong> de la marque. Le design raffin\u00e9 est enrichi par le <strong>logo Lavazza<\/strong> appos\u00e9 verticalement en bleu, ajoutant une touche de <strong>couleur vive et moderne<\/strong>. Le <strong>verre \u00e9pais<\/strong> des tasses am\u00e9liore non seulement l&rsquo;aspect esth\u00e9tique, mais aide \u00e9galement \u00e0 maintenir la <strong>temp\u00e9rature de l&rsquo;espresso<\/strong> plus longtemps en dissipant la <strong>chaleur<\/strong> plus lentement, gardant ainsi la boisson chaude plus longtemps.<\/p>\n<p>Le <strong>fond robuste<\/strong> de chaque tasse assure <strong>stabilit\u00e9<\/strong> et <strong>s\u00e9curit\u00e9<\/strong> lors de la d\u00e9gustation. Ces tasses sont <strong>lavables au lave-vaisselle<\/strong>, les rendant ainsi faciles \u00e0 nettoyer et pratiques pour un usage quotidien. L&rsquo;utilisation de <strong>mat\u00e9riaux de qualit\u00e9<\/strong> et le <strong>souci du d\u00e9tail<\/strong> refl\u00e8tent l&rsquo;engagement de Lavazza envers l&rsquo;excellence, faisant de ces tasses un \u00e9l\u00e9ment indispensable pour tout <strong>amateur d&rsquo;espresso<\/strong>.<\/p>\n<ul>\n<li><strong>Design \u00e9l\u00e9gant :<\/strong> Structure en verre clair avec un logo bleu moderne et distinctif.<\/li>\n<li><strong>Mat\u00e9riau de qualit\u00e9 :<\/strong> Verre \u00e9pais qui conserve la chaleur de l&rsquo;espresso plus longtemps.<\/li>\n<li><strong>Pratique :<\/strong> Lavable au lave-vaisselle pour un nettoyage facile.<\/li>\n<li><strong>Stabilit\u00e9 s\u00fbre :<\/strong> Fond robuste garantissant la s\u00e9curit\u00e9 lors de l&rsquo;utilisation.<\/li>\n<li><strong>Soucoupe incluse :<\/strong> Chaque tasse est livr\u00e9e avec une soucoupe assortie.<\/li>\n<\/ul>\n<p>Parfaites pour toute occasion, des moments d&rsquo;espresso quotidiens aux rassemblements sociaux, les <strong>tasses \u00e0 espresso en verre Lavazza<\/strong> \u00e9l\u00e8vent l&rsquo;exp\u00e9rience du caf\u00e9 \u00e0 un nouveau niveau de <strong>style<\/strong> et de <strong>fonctionnalit\u00e9<\/strong>.<\/p>\n","protected":false},"featured_media":10768,"comment_status":"open","ping_status":"closed","template":"","meta":{"_relevanssi_hide_post":"","_relevanssi_hide_content":"","_relevanssi_pin_for_all":"","_relevanssi_pin_keywords":"","_relevanssi_unpin_keywords":"","_relevanssi_related_keywords":"","_relevanssi_related_include_ids":"","_relevanssi_related_exclude_ids":"","_relevanssi_related_no_append":"","_relevanssi_related_not_related":"","_relevanssi_related_posts":"","_relevanssi_noindex_reason":""},"product_brand":[],"product_cat":[367],"product_tag":[],"class_list":{"0":"post-132548834","1":"product","2":"type-product","3":"status-publish","4":"has-post-thumbnail","6":"product_cat-accessoires","7":"pa_brand-lavazza-fr","9":"first","10":"instock","11":"taxable","12":"shipping-taxable","13":"purchasable","14":"product-type-simple"},"batches":[{"id":"422","date_created":"2024-04-13 13:04:17","date_expiry":null,"user_id":"559","batch_number":"","supplier":"","location":"","quantity":"2.0000","quantity_available":"2.0000","units":"1","status":"active","order_ids":"[132548400,132554144]","po":null}],"_links":{"self":[{"href":"https:\/\/caffeonline.aclas.io\/fr\/wp-json\/wp\/v2\/product\/132548834","targetHints":{"allow":["GET"]}}],"collection":[{"href":"https:\/\/caffeonline.aclas.io\/fr\/wp-json\/wp\/v2\/product"}],"about":[{"href":"https:\/\/caffeonline.aclas.io\/fr\/wp-json\/wp\/v2\/types\/product"}],"replies":[{"embeddable":true,"href":"https:\/\/caffeonline.aclas.io\/fr\/wp-json\/wp\/v2\/comments?post=132548834"}],"wp:featuredmedia":[{"embeddable":true,"href":"https:\/\/caffeonline.aclas.io\/fr\/wp-json\/wp\/v2\/media\/10768"}],"wp:attachment":[{"href":"https:\/\/caffeonline.aclas.io\/fr\/wp-json\/wp\/v2\/media?parent=132548834"}],"wp:term":[{"taxonomy":"product_brand","embeddable":true,"href":"https:\/\/caffeonline.aclas.io\/fr\/wp-json\/wp\/v2\/product_brand?post=132548834"},{"taxonomy":"product_cat","embeddable":true,"href":"https:\/\/caffeonline.aclas.io\/fr\/wp-json\/wp\/v2\/product_cat?post=132548834"},{"taxonomy":"product_tag","embeddable":true,"href":"https:\/\/caffeonline.aclas.io\/fr\/wp-json\/wp\/v2\/product_tag?post=132548834"}],"curies":[{"name":"wp","href":"https:\/\/api.w.org\/{rel}","templated":true}]}}