{"id":132548830,"date":"2024-04-10T22:13:29","date_gmt":"2024-04-10T20:13:29","guid":{"rendered":"https:\/\/caffeonline.ch\/produkt\/kimbo-capsules-amalfi-100-arabica\/"},"modified":"2025-08-28T14:04:58","modified_gmt":"2025-08-28T12:04:58","slug":"kimbo-capsules-amalfi-100-arabica","status":"publish","type":"product","link":"https:\/\/caffeonline.aclas.io\/fr\/produkt\/kimbo-capsules-amalfi-100-arabica\/","title":{"rendered":"Kimbo &#8211; Capsules Amalfi 100% Arabica"},"content":{"rendered":"","protected":false},"excerpt":{"rendered":"<ul>\n<li><strong>100% Arabica :<\/strong> Un caf\u00e9 pur arabica pour un ar\u00f4me exquis.<\/li>\n<li><strong>Douceur :<\/strong> Un caf\u00e9 l\u00e9ger avec un profil aromatique prononc\u00e9.<\/li>\n<li><strong>Parfum :<\/strong> Des ar\u00f4mes distinctifs de fleurs et d&rsquo;agrumes.<\/li>\n<li><strong>Torr\u00e9faction moyenne-fonc\u00e9e :<\/strong> \u00c9quilibre parfaitement l&rsquo;intensit\u00e9 et l&rsquo;aromatique.<\/li>\n<li><strong>Qualit\u00e9 Kimbo :<\/strong> Un engagement envers l&rsquo;excellence et la tradition dans le monde du caf\u00e9.<\/li>\n<\/ul>\n<p>D\u00e9couvrez le caf\u00e9 Kimbo Amalfi, un m\u00e9lange 100% Arabica qui capture l&rsquo;essence de la c\u00f4te amalfitaine dans chaque gorg\u00e9e. Ce caf\u00e9 se distingue par son caract\u00e8re doux et parfum\u00e9, avec un ar\u00f4me distinctif de fleurs et d&rsquo;agrumes. La torr\u00e9faction moyenne-fonc\u00e9e met en valeur ces notes aromatiques et offre une harmonie parfaite d&rsquo;ar\u00f4mes frais et vivaces.<\/p>\n<p>Kimbo Amalfi est id\u00e9al pour ceux qui recherchent un caf\u00e9 moins intense mais extr\u00eamement aromatique. C&rsquo;est un excellent choix pour commencer la journ\u00e9e en douceur ou accompagner de doux moments de d\u00e9tente l&rsquo;apr\u00e8s-midi. Ses notes de fleurs fra\u00eeches et d&rsquo;agrumes sont un hommage \u00e0 la riche biodiversit\u00e9 et au paysage enchanteur de la c\u00f4te amalfitaine.<\/p>\n<p>Savourez l&rsquo;ar\u00f4me unique de Kimbo Amalfi, o\u00f9 chaque tasse est un voyage sensoriel le long de la magnifique c\u00f4te amalfitaine.<\/p>\n","protected":false},"featured_media":11144,"comment_status":"open","ping_status":"closed","template":"","meta":{"_relevanssi_hide_post":"","_relevanssi_hide_content":"","_relevanssi_pin_for_all":"","_relevanssi_pin_keywords":"","_relevanssi_unpin_keywords":"","_relevanssi_related_keywords":"","_relevanssi_related_include_ids":"","_relevanssi_related_exclude_ids":"","_relevanssi_related_no_append":"","_relevanssi_related_not_related":"","_relevanssi_related_posts":"","_relevanssi_noindex_reason":""},"product_brand":[],"product_cat":[359,365],"product_tag":[],"class_list":{"0":"post-132548830","1":"product","2":"type-product","3":"status-publish","4":"has-post-thumbnail","6":"product_cat-capsules","7":"product_cat-systeme-nespresso","8":"pa_brand-kimbo-fr","9":"has-subscription-plans","11":"first","12":"instock","13":"sale","14":"taxable","15":"shipping-taxable","16":"purchasable","17":"product-type-variable"},"batches":[],"_links":{"self":[{"href":"https:\/\/caffeonline.aclas.io\/fr\/wp-json\/wp\/v2\/product\/132548830","targetHints":{"allow":["GET"]}}],"collection":[{"href":"https:\/\/caffeonline.aclas.io\/fr\/wp-json\/wp\/v2\/product"}],"about":[{"href":"https:\/\/caffeonline.aclas.io\/fr\/wp-json\/wp\/v2\/types\/product"}],"replies":[{"embeddable":true,"href":"https:\/\/caffeonline.aclas.io\/fr\/wp-json\/wp\/v2\/comments?post=132548830"}],"wp:featuredmedia":[{"embeddable":true,"href":"https:\/\/caffeonline.aclas.io\/fr\/wp-json\/wp\/v2\/media\/11144"}],"wp:attachment":[{"href":"https:\/\/caffeonline.aclas.io\/fr\/wp-json\/wp\/v2\/media?parent=132548830"}],"wp:term":[{"taxonomy":"product_brand","embeddable":true,"href":"https:\/\/caffeonline.aclas.io\/fr\/wp-json\/wp\/v2\/product_brand?post=132548830"},{"taxonomy":"product_cat","embeddable":true,"href":"https:\/\/caffeonline.aclas.io\/fr\/wp-json\/wp\/v2\/product_cat?post=132548830"},{"taxonomy":"product_tag","embeddable":true,"href":"https:\/\/caffeonline.aclas.io\/fr\/wp-json\/wp\/v2\/product_tag?post=132548830"}],"curies":[{"name":"wp","href":"https:\/\/api.w.org\/{rel}","templated":true}]}}