{"id":132548824,"date":"2024-04-10T22:13:28","date_gmt":"2024-04-10T20:13:28","guid":{"rendered":"https:\/\/caffeonline.ch\/produkt\/tostini-caffe-grains-de-cafe-pour-expresso\/"},"modified":"2024-04-10T22:13:28","modified_gmt":"2024-04-10T20:13:28","slug":"tostini-caffe-grains-de-cafe-pour-expresso","status":"publish","type":"product","link":"https:\/\/caffeonline.aclas.io\/fr\/produkt\/tostini-caffe-grains-de-cafe-pour-expresso\/","title":{"rendered":"Tostini Caff\u00e8 &#8211; Grains de caf\u00e9 pour expresso"},"content":{"rendered":"","protected":false},"excerpt":{"rendered":"<p>Ce m\u00e9lange est compos\u00e9 d&rsquo;origines Arabica et Robusta soigneusement s\u00e9lectionn\u00e9es. Les origines de ce caf\u00e9 expresso remontent \u00e0 l&rsquo;Afrique, l&rsquo;Asie et l&rsquo;Am\u00e9rique du Sud, et se distinguent par leur saveur robuste. Un corps compact, une cr\u00e8me dense, un ar\u00f4me enveloppant et des notes de chocolat noir font de ce caf\u00e9 une exp\u00e9rience gustative unique.<\/p>\n<ul>\n<li><strong>Notes aromatiques :<\/strong> Chocolat noir, \u00e9pices, clou de girofle<\/li>\n<li><strong>Torr\u00e9faction :<\/strong> 5\/5<\/li>\n<li><strong>Ar\u00f4me :<\/strong> 5\/5<\/li>\n<li><strong>Corps :<\/strong> 5\/5<\/li>\n<\/ul>\n<p>Id\u00e9al pour ceux qui souhaitent savourer un expresso intense et aromatique avec une saveur robuste et une cr\u00e8me dense.<\/p>\n","protected":false},"featured_media":11068,"comment_status":"open","ping_status":"closed","template":"","meta":{"_relevanssi_hide_post":"","_relevanssi_hide_content":"","_relevanssi_pin_for_all":"","_relevanssi_pin_keywords":"","_relevanssi_unpin_keywords":"","_relevanssi_related_keywords":"","_relevanssi_related_include_ids":"","_relevanssi_related_exclude_ids":"","_relevanssi_related_no_append":"","_relevanssi_related_not_related":"","_relevanssi_related_posts":"","_relevanssi_noindex_reason":""},"product_brand":[],"product_cat":[355],"product_tag":[],"class_list":{"0":"post-132548824","1":"product","2":"type-product","3":"status-publish","4":"has-post-thumbnail","6":"product_cat-grains-de-cafe","7":"pa_brand-tostini-caffe-fr","8":"has-subscription-plans","10":"first","11":"outofstock","12":"taxable","13":"shipping-taxable","14":"purchasable","15":"product-type-simple"},"batches":[],"_links":{"self":[{"href":"https:\/\/caffeonline.aclas.io\/fr\/wp-json\/wp\/v2\/product\/132548824","targetHints":{"allow":["GET"]}}],"collection":[{"href":"https:\/\/caffeonline.aclas.io\/fr\/wp-json\/wp\/v2\/product"}],"about":[{"href":"https:\/\/caffeonline.aclas.io\/fr\/wp-json\/wp\/v2\/types\/product"}],"replies":[{"embeddable":true,"href":"https:\/\/caffeonline.aclas.io\/fr\/wp-json\/wp\/v2\/comments?post=132548824"}],"wp:featuredmedia":[{"embeddable":true,"href":"https:\/\/caffeonline.aclas.io\/fr\/wp-json\/wp\/v2\/media\/11068"}],"wp:attachment":[{"href":"https:\/\/caffeonline.aclas.io\/fr\/wp-json\/wp\/v2\/media?parent=132548824"}],"wp:term":[{"taxonomy":"product_brand","embeddable":true,"href":"https:\/\/caffeonline.aclas.io\/fr\/wp-json\/wp\/v2\/product_brand?post=132548824"},{"taxonomy":"product_cat","embeddable":true,"href":"https:\/\/caffeonline.aclas.io\/fr\/wp-json\/wp\/v2\/product_cat?post=132548824"},{"taxonomy":"product_tag","embeddable":true,"href":"https:\/\/caffeonline.aclas.io\/fr\/wp-json\/wp\/v2\/product_tag?post=132548824"}],"curies":[{"name":"wp","href":"https:\/\/api.w.org\/{rel}","templated":true}]}}