{"id":132548823,"date":"2024-04-10T22:13:29","date_gmt":"2024-04-10T20:13:29","guid":{"rendered":"https:\/\/caffeonline.ch\/produkt\/lavazza-grains-de-cafe-qualita-oro-100-arabica\/"},"modified":"2024-04-10T22:13:29","modified_gmt":"2024-04-10T20:13:29","slug":"lavazza-grains-de-cafe-qualita-oro-100-arabica","status":"publish","type":"product","link":"https:\/\/caffeonline.aclas.io\/fr\/produkt\/lavazza-grains-de-cafe-qualita-oro-100-arabica\/","title":{"rendered":"Lavazza &#8211; Grains de caf\u00e9 Qualit\u00e0 Oro 100% Arabica"},"content":{"rendered":"","protected":false},"excerpt":{"rendered":"<p>Les <strong>grains de caf\u00e9 Lavazza Qualit\u00e0 Oro<\/strong> sont un assemblage de six vari\u00e9t\u00e9s d&rsquo;Arabica provenant d&rsquo;Am\u00e9rique centrale et du Sud. Ils offrent une symphonie gustative parfaite que vous pouvez savourer quotidiennement, comme il est de coutume dans chaque famille italienne.<\/p>\n<ul>\n<li><strong>Doux et aromatique :<\/strong> Un caf\u00e9 \u00e0 la couleur sombre et \u00e0 la consistance velout\u00e9e, enrichi de notes fruit\u00e9es et florales.<\/li>\n<li><strong>Aspect :<\/strong> Couleur sombre<\/li>\n<li><strong>Ar\u00f4me :<\/strong> Notes fruit\u00e9es et florales<\/li>\n<li><strong>Go\u00fbt :<\/strong> Consistance velout\u00e9e<\/li>\n<li><strong>Notes aromatiques :<\/strong> Fruits, fleurs<\/li>\n<li><strong>Torr\u00e9faction :<\/strong> Moyenne<\/li>\n<li><strong>Composition :<\/strong> 100% Arabica<\/li>\n<\/ul>\n<p>Les grains <strong>Qualit\u00e0 Oro<\/strong> sont id\u00e9aux pour ceux qui recherchent un caf\u00e9 \u00e9quilibr\u00e9, riche en ar\u00f4mes, offrant une exp\u00e9rience gustative douce et accueillante. Parfait pour commencer chaque journ\u00e9e ou comme pause agr\u00e9able \u00e0 tout moment.<\/p>\n","protected":false},"featured_media":11318,"comment_status":"open","ping_status":"closed","template":"","meta":{"_relevanssi_hide_post":"","_relevanssi_hide_content":"","_relevanssi_pin_for_all":"","_relevanssi_pin_keywords":"","_relevanssi_unpin_keywords":"","_relevanssi_related_keywords":"","_relevanssi_related_include_ids":"","_relevanssi_related_exclude_ids":"","_relevanssi_related_no_append":"","_relevanssi_related_not_related":"","_relevanssi_related_posts":"","_relevanssi_noindex_reason":""},"product_brand":[],"product_cat":[355],"product_tag":[],"class_list":{"0":"post-132548823","1":"product","2":"type-product","3":"status-publish","4":"has-post-thumbnail","6":"product_cat-grains-de-cafe","7":"pa_brand-lavazza-fr","8":"has-subscription-plans","10":"first","11":"outofstock","12":"taxable","13":"shipping-taxable","14":"purchasable","15":"product-type-simple"},"batches":[{"id":"1364","date_created":"2025-01-21 15:14:11","date_expiry":"2026-05-30 00:00:00","user_id":"559","batch_number":"","supplier":"","location":"","quantity":"6.0000","quantity_available":"0.0000","units":"1","status":"archived","order_ids":"[132550035,132551610,132551670,132551969,132553297]","po":null}],"_links":{"self":[{"href":"https:\/\/caffeonline.aclas.io\/fr\/wp-json\/wp\/v2\/product\/132548823","targetHints":{"allow":["GET"]}}],"collection":[{"href":"https:\/\/caffeonline.aclas.io\/fr\/wp-json\/wp\/v2\/product"}],"about":[{"href":"https:\/\/caffeonline.aclas.io\/fr\/wp-json\/wp\/v2\/types\/product"}],"replies":[{"embeddable":true,"href":"https:\/\/caffeonline.aclas.io\/fr\/wp-json\/wp\/v2\/comments?post=132548823"}],"wp:featuredmedia":[{"embeddable":true,"href":"https:\/\/caffeonline.aclas.io\/fr\/wp-json\/wp\/v2\/media\/11318"}],"wp:attachment":[{"href":"https:\/\/caffeonline.aclas.io\/fr\/wp-json\/wp\/v2\/media?parent=132548823"}],"wp:term":[{"taxonomy":"product_brand","embeddable":true,"href":"https:\/\/caffeonline.aclas.io\/fr\/wp-json\/wp\/v2\/product_brand?post=132548823"},{"taxonomy":"product_cat","embeddable":true,"href":"https:\/\/caffeonline.aclas.io\/fr\/wp-json\/wp\/v2\/product_cat?post=132548823"},{"taxonomy":"product_tag","embeddable":true,"href":"https:\/\/caffeonline.aclas.io\/fr\/wp-json\/wp\/v2\/product_tag?post=132548823"}],"curies":[{"name":"wp","href":"https:\/\/api.w.org\/{rel}","templated":true}]}}