{"id":132548810,"date":"2024-04-10T22:13:25","date_gmt":"2024-04-10T20:13:25","guid":{"rendered":"https:\/\/caffeonline.ch\/produkt\/kimbo-grains-de-cafe-espresso-napoli\/"},"modified":"2024-04-10T22:13:25","modified_gmt":"2024-04-10T20:13:25","slug":"kimbo-grains-de-cafe-espresso-napoli","status":"publish","type":"product","link":"https:\/\/caffeonline.aclas.io\/fr\/produkt\/kimbo-grains-de-cafe-espresso-napoli\/","title":{"rendered":"Kimbo \u2013 Grains de caf\u00e9 Espresso Napoli"},"content":{"rendered":"","protected":false},"excerpt":{"rendered":"<div class=\"product-detail-description-text\">\n<ul>\n<li>80 % de grains Arabica et 20 % de grains Robusta<\/li>\n<li>Notes de chocolat et d&rsquo;ar\u00f4mes torr\u00e9fi\u00e9s<\/li>\n<li>Go\u00fbt intense et corps ample<\/li>\n<li>L&rsquo;art de la torr\u00e9faction napolitaine<\/li>\n<\/ul>\n<p><strong>Une tasse de passion napolitaine<br \/>\n<\/strong>D\u00e9sirez-vous exp\u00e9rimenter l&rsquo;espresso napolitain et la passion pour la torr\u00e9faction traditionnelle \u00e0 domicile ? Nous vous invitons alors \u00e0 essayer le Kimbo Napoletano. Un m\u00e9lange intense compos\u00e9 de 80 % des plus fins grains d&rsquo;Arabica et de 20 % de grains Robusta vous attend. Des notes d\u00e9licates de chocolat et des ar\u00f4mes \u00e9pic\u00e9s de torr\u00e9faction vous offrent une exp\u00e9rience caf\u00e9in\u00e9e qui vous transportera mentalement \u00e0 Naples, dans un caf\u00e9 classique situ\u00e9 dans une ruelle pittoresque. Un go\u00fbt intens\u00e9ment s\u00e9duisant et un corps plein de caract\u00e8re vous procurent le regain d&rsquo;\u00e9nergie n\u00e9cessaire pour entamer une journ\u00e9e couronn\u00e9e de succ\u00e8s. Le Kimbo Napoletano incarne \u00e0 la fois la profonde passion pour le caf\u00e9 et l&rsquo;expertise perfectionn\u00e9e au fil des ann\u00e9es par la torr\u00e9faction. Depuis 1963 d\u00e9j\u00e0, la torr\u00e9faction traditionnelle napolitaine Kimbo suscite l&rsquo;enthousiasme avec ses m\u00e9langes exquis et a d\u00e9sormais conquis le c\u0153ur des amateurs de caf\u00e9 au-del\u00e0 des fronti\u00e8res de l&rsquo;Italie.<\/p>\n<\/div>\n","protected":false},"featured_media":12174,"comment_status":"open","ping_status":"closed","template":"","meta":{"_relevanssi_hide_post":"","_relevanssi_hide_content":"","_relevanssi_pin_for_all":"","_relevanssi_pin_keywords":"","_relevanssi_unpin_keywords":"","_relevanssi_related_keywords":"","_relevanssi_related_include_ids":"","_relevanssi_related_exclude_ids":"","_relevanssi_related_no_append":"","_relevanssi_related_not_related":"","_relevanssi_related_posts":"","_relevanssi_noindex_reason":""},"product_brand":[],"product_cat":[355],"product_tag":[],"class_list":{"0":"post-132548810","1":"product","2":"type-product","3":"status-publish","4":"has-post-thumbnail","6":"product_cat-grains-de-cafe","7":"pa_brand-kimbo-fr","8":"has-subscription-plans","10":"first","11":"instock","12":"taxable","13":"shipping-taxable","14":"purchasable","15":"product-type-simple"},"batches":[{"id":"345","date_created":"2024-03-20 09:29:36","date_expiry":"2026-01-31 00:00:00","user_id":"559","batch_number":"","supplier":"","location":"","quantity":"24.0000","quantity_available":"0.0000","units":"1","status":"archived","order_ids":"[14747,14851,15233,15871,15964,16679,132545792,132546057,132546650,132546966]","po":null},{"id":"1134","date_created":"2024-12-04 17:53:57","date_expiry":"2026-10-30 00:00:00","user_id":"559","batch_number":"","supplier":"","location":"","quantity":"120.0000","quantity_available":"0.0000","units":"1","status":"archived","order_ids":"[132546966,132547437]","po":null},{"id":"1698","date_created":"2025-03-18 09:51:00","date_expiry":"2026-10-10 00:00:00","user_id":"559","batch_number":"","supplier":"","location":"","quantity":"118.0000","quantity_available":"0.0000","units":"1","status":"archived","order_ids":"[132547573,132547612,132547732]","po":null},{"id":"2030","date_created":"2025-06-14 12:12:36","date_expiry":"2027-04-17 00:00:00","user_id":"559","batch_number":"","supplier":"","location":"","quantity":"100.0000","quantity_available":"0.0000","units":"1","status":"archived","order_ids":"[132549822]","po":null},{"id":"2196","date_created":"2025-08-20 19:56:41","date_expiry":"2027-07-09 00:00:00","user_id":"2","batch_number":"","supplier":"","location":"","quantity":"100.0000","quantity_available":"3.0000","units":"1","status":"active","order_ids":"[132550956,132551138,132551162,132551296,132551406,132551515,132551533,132551711,132551814,132552069,132552127,132552128,132552151,132552386,132552415,132552749,132552813,132552864,132552871,132553073,132553178,132553204,132553255,132553433,132553633,132553790,132554077]","po":null},{"id":"2962","date_created":"2026-01-10 14:57:16","date_expiry":"2027-11-19 00:00:00","user_id":"1","batch_number":"","supplier":"","location":"","quantity":"100.0000","quantity_available":"100.0000","units":"1","status":"active","order_ids":null,"po":null}],"_links":{"self":[{"href":"https:\/\/caffeonline.aclas.io\/fr\/wp-json\/wp\/v2\/product\/132548810","targetHints":{"allow":["GET"]}}],"collection":[{"href":"https:\/\/caffeonline.aclas.io\/fr\/wp-json\/wp\/v2\/product"}],"about":[{"href":"https:\/\/caffeonline.aclas.io\/fr\/wp-json\/wp\/v2\/types\/product"}],"replies":[{"embeddable":true,"href":"https:\/\/caffeonline.aclas.io\/fr\/wp-json\/wp\/v2\/comments?post=132548810"}],"wp:featuredmedia":[{"embeddable":true,"href":"https:\/\/caffeonline.aclas.io\/fr\/wp-json\/wp\/v2\/media\/12174"}],"wp:attachment":[{"href":"https:\/\/caffeonline.aclas.io\/fr\/wp-json\/wp\/v2\/media?parent=132548810"}],"wp:term":[{"taxonomy":"product_brand","embeddable":true,"href":"https:\/\/caffeonline.aclas.io\/fr\/wp-json\/wp\/v2\/product_brand?post=132548810"},{"taxonomy":"product_cat","embeddable":true,"href":"https:\/\/caffeonline.aclas.io\/fr\/wp-json\/wp\/v2\/product_cat?post=132548810"},{"taxonomy":"product_tag","embeddable":true,"href":"https:\/\/caffeonline.aclas.io\/fr\/wp-json\/wp\/v2\/product_tag?post=132548810"}],"curies":[{"name":"wp","href":"https:\/\/api.w.org\/{rel}","templated":true}]}}