{"id":132548808,"date":"2024-04-10T22:13:25","date_gmt":"2024-04-10T20:13:25","guid":{"rendered":"https:\/\/caffeonline.ch\/produkt\/caffe-passalacqua-dosettes-ese-melange-habanera\/"},"modified":"2024-04-10T22:13:25","modified_gmt":"2024-04-10T20:13:25","slug":"caffe-passalacqua-dosettes-ese-melange-habanera","status":"publish","type":"product","link":"https:\/\/caffeonline.aclas.io\/fr\/produkt\/caffe-passalacqua-dosettes-ese-melange-habanera\/","title":{"rendered":"Caff\u00e8 Passalacqua \u2013 Dosettes ESE m\u00e9lange Habanera"},"content":{"rendered":"","protected":false},"excerpt":{"rendered":"<table border=\"0\">\n<tbody>\n<tr>\n<td style=\"width: 65%;\"><strong>Habanera est un m\u00e9lange Passalacqua compos\u00e9 de 10 des origines les plus nobles du monde, offrant un r\u00e9sultat \u00e0 l&rsquo;ar\u00f4me exceptionnel et \u00e0 l&rsquo;\u00e9quilibre parfait, disponible dans de nombreux formats pour \u00eatre savour\u00e9 au bar, \u00e0 domicile et au bureau.<\/strong><\/p>\n<p>Le ma\u00eetre-mot d&rsquo;Habanera est l&rsquo;\u00e9quilibre, car il combine les vari\u00e9t\u00e9s d&rsquo;Arabica et de Robusta les plus raffin\u00e9es issues des meilleures plantations du monde, donnant lieu \u00e0 un m\u00e9lange de la plus haute qualit\u00e9, capable d&rsquo;extraire le meilleur des caract\u00e9ristiques des deux vari\u00e9t\u00e9s avec tout type d&rsquo;extraction (dans la cafeti\u00e8re moka et au bar).<\/td>\n<td style=\"width: 35%;\"><img decoding=\"async\" src=\"https:\/\/caffeonline.aclas.io\/wp-content\/uploads\/2024\/05\/habanera.png\"><\/td>\n<\/tr>\n<\/tbody>\n<\/table>\n","protected":false},"featured_media":12074,"comment_status":"open","ping_status":"closed","template":"","meta":{"_relevanssi_hide_post":"","_relevanssi_hide_content":"","_relevanssi_pin_for_all":"","_relevanssi_pin_keywords":"","_relevanssi_unpin_keywords":"","_relevanssi_related_keywords":"","_relevanssi_related_include_ids":"","_relevanssi_related_exclude_ids":"","_relevanssi_related_no_append":"","_relevanssi_related_not_related":"","_relevanssi_related_posts":"","_relevanssi_noindex_reason":""},"product_brand":[],"product_cat":[353],"product_tag":[],"class_list":{"0":"post-132548808","1":"product","2":"type-product","3":"status-publish","4":"has-post-thumbnail","6":"product_cat-ese-pads-fr","7":"pa_brand-caffe-passalacqua-fr","8":"has-subscription-plans","10":"first","11":"instock","12":"taxable","13":"shipping-taxable","14":"purchasable","15":"product-type-simple"},"batches":[{"id":"170","date_created":"2024-03-11 11:18:10","date_expiry":"2026-06-30 00:00:00","user_id":"1","batch_number":"","supplier":"","location":"","quantity":"50.0000","quantity_available":"0.0000","units":"1","status":"archived","order_ids":"[14351,14784,14785,15270,15925,16028,16687,132546199,132546602,132547605,132548120,132548188,132548257,132548368,132549533,132549822,132549929,132550008,132550075,132550118,132550176,132550210,132550306,132550908,132550911,132550981,132551068]","po":null},{"id":"3181","date_created":"2026-02-12 15:46:40","date_expiry":"2027-12-31 00:00:00","user_id":"2","batch_number":"","supplier":"","location":"","quantity":"3.0000","quantity_available":"1.0000","units":"1","status":"active","order_ids":"[132553744]","po":null}],"_links":{"self":[{"href":"https:\/\/caffeonline.aclas.io\/fr\/wp-json\/wp\/v2\/product\/132548808","targetHints":{"allow":["GET"]}}],"collection":[{"href":"https:\/\/caffeonline.aclas.io\/fr\/wp-json\/wp\/v2\/product"}],"about":[{"href":"https:\/\/caffeonline.aclas.io\/fr\/wp-json\/wp\/v2\/types\/product"}],"replies":[{"embeddable":true,"href":"https:\/\/caffeonline.aclas.io\/fr\/wp-json\/wp\/v2\/comments?post=132548808"}],"wp:featuredmedia":[{"embeddable":true,"href":"https:\/\/caffeonline.aclas.io\/fr\/wp-json\/wp\/v2\/media\/12074"}],"wp:attachment":[{"href":"https:\/\/caffeonline.aclas.io\/fr\/wp-json\/wp\/v2\/media?parent=132548808"}],"wp:term":[{"taxonomy":"product_brand","embeddable":true,"href":"https:\/\/caffeonline.aclas.io\/fr\/wp-json\/wp\/v2\/product_brand?post=132548808"},{"taxonomy":"product_cat","embeddable":true,"href":"https:\/\/caffeonline.aclas.io\/fr\/wp-json\/wp\/v2\/product_cat?post=132548808"},{"taxonomy":"product_tag","embeddable":true,"href":"https:\/\/caffeonline.aclas.io\/fr\/wp-json\/wp\/v2\/product_tag?post=132548808"}],"curies":[{"name":"wp","href":"https:\/\/api.w.org\/{rel}","templated":true}]}}