{"id":132548802,"date":"2024-04-10T22:13:25","date_gmt":"2024-04-10T20:13:25","guid":{"rendered":"https:\/\/caffeonline.ch\/produkt\/caffe-passalacqua-capsules-elmir\/"},"modified":"2024-04-10T22:13:25","modified_gmt":"2024-04-10T20:13:25","slug":"caffe-passalacqua-capsules-elmir","status":"publish","type":"product","link":"https:\/\/caffeonline.aclas.io\/fr\/produkt\/caffe-passalacqua-capsules-elmir\/","title":{"rendered":"Caff\u00e8 Passalacqua &#8211; Capsules Elmir"},"content":{"rendered":"","protected":false},"excerpt":{"rendered":"<p><strong>Teneur \u00e9lev\u00e9e en grains Robusta<\/strong><\/p>\n<p>Cet espresso se caract\u00e9rise par sa forte proportion de Robusta, \u00e0 hauteur de 70 %, ce qui se traduit par une cr\u00e8me opulente de couleur noisette. Exactement comme un espresso napolitain typique se doit d&rsquo;\u00eatre. Les grains sont s\u00e9lectionn\u00e9s avec le plus grand soin et proviennent de trois pays d&rsquo;origine diff\u00e9rents. Gr\u00e2ce \u00e0 la torr\u00e9faction typique du sud de l&rsquo;Italie, l&rsquo;espresso est tr\u00e8s pauvre en acidit\u00e9. Ainsi, plus rien ne s&rsquo;oppose au plaisir du caf\u00e9. L&rsquo;espresso Elmir convient parfaitement comme base pour un cappuccino ou un latte macchiato.<\/p>\n","protected":false},"featured_media":132548804,"comment_status":"open","ping_status":"closed","template":"","meta":{"_relevanssi_hide_post":"","_relevanssi_hide_content":"","_relevanssi_pin_for_all":"","_relevanssi_pin_keywords":"","_relevanssi_unpin_keywords":"","_relevanssi_related_keywords":"","_relevanssi_related_include_ids":"","_relevanssi_related_exclude_ids":"","_relevanssi_related_no_append":"","_relevanssi_related_not_related":"","_relevanssi_related_posts":"","_relevanssi_noindex_reason":""},"product_brand":[],"product_cat":[359,652,365],"product_tag":[],"class_list":{"0":"post-132548802","1":"product","2":"type-product","3":"status-publish","4":"has-post-thumbnail","6":"product_cat-capsules","7":"product_cat-offres-speciales-fr","8":"product_cat-systeme-nespresso","9":"pa_brand-caffe-passalacqua-fr","10":"has-subscription-plans","12":"first","13":"instock","14":"taxable","15":"shipping-taxable","16":"purchasable","17":"product-type-simple"},"batches":[{"id":"291","date_created":"2024-03-13 07:50:17","date_expiry":"2026-06-30 00:00:00","user_id":"559","batch_number":"","supplier":"","location":"","quantity":"20.0000","quantity_available":"0.0000","units":"1","status":"archived","order_ids":"[14450,15187,15714,15789,15822,17166,132546187,132546240,132546937,132547057,132547813,132547820,132547825,132548323,132549231,132549299,132549386,132549537,132550041,132550176,132550193,132550220,132550296,132550809,132550822,132550930,132551235,132551354,132551359]","po":null},{"id":"2648","date_created":"2025-10-31 16:24:38","date_expiry":"2026-06-30 00:00:00","user_id":"2","batch_number":"","supplier":"","location":"","quantity":"2.0000","quantity_available":"0.0000","units":"1","status":"archived","order_ids":"[132552266]","po":null},{"id":"3178","date_created":"2026-02-12 15:41:37","date_expiry":"2027-12-31 00:00:00","user_id":"2","batch_number":"","supplier":"","location":"","quantity":"5.0000","quantity_available":"4.0000","units":"1","status":"active","order_ids":"[132554465]","po":null}],"_links":{"self":[{"href":"https:\/\/caffeonline.aclas.io\/fr\/wp-json\/wp\/v2\/product\/132548802","targetHints":{"allow":["GET"]}}],"collection":[{"href":"https:\/\/caffeonline.aclas.io\/fr\/wp-json\/wp\/v2\/product"}],"about":[{"href":"https:\/\/caffeonline.aclas.io\/fr\/wp-json\/wp\/v2\/types\/product"}],"replies":[{"embeddable":true,"href":"https:\/\/caffeonline.aclas.io\/fr\/wp-json\/wp\/v2\/comments?post=132548802"}],"wp:featuredmedia":[{"embeddable":true,"href":"https:\/\/caffeonline.aclas.io\/fr\/wp-json\/wp\/v2\/media\/132548804"}],"wp:attachment":[{"href":"https:\/\/caffeonline.aclas.io\/fr\/wp-json\/wp\/v2\/media?parent=132548802"}],"wp:term":[{"taxonomy":"product_brand","embeddable":true,"href":"https:\/\/caffeonline.aclas.io\/fr\/wp-json\/wp\/v2\/product_brand?post=132548802"},{"taxonomy":"product_cat","embeddable":true,"href":"https:\/\/caffeonline.aclas.io\/fr\/wp-json\/wp\/v2\/product_cat?post=132548802"},{"taxonomy":"product_tag","embeddable":true,"href":"https:\/\/caffeonline.aclas.io\/fr\/wp-json\/wp\/v2\/product_tag?post=132548802"}],"curies":[{"name":"wp","href":"https:\/\/api.w.org\/{rel}","templated":true}]}}