{"id":132548801,"date":"2024-04-10T22:13:23","date_gmt":"2024-04-10T20:13:23","guid":{"rendered":"https:\/\/caffeonline.ch\/produkt\/lavazza-grains-de-cafe-expert-crema-e-aroma\/"},"modified":"2025-11-18T00:42:42","modified_gmt":"2025-11-17T23:42:42","slug":"lavazza-grains-de-cafe-expert-crema-e-aroma","status":"publish","type":"product","link":"https:\/\/caffeonline.aclas.io\/fr\/produkt\/lavazza-grains-de-cafe-expert-crema-e-aroma\/","title":{"rendered":"Lavazza &#8211; Grains de caf\u00e9 Expert Crema e Aroma"},"content":{"rendered":"","protected":false},"excerpt":{"rendered":"<p>Les <strong>grains de caf\u00e9 Lavazza Expert Crema e Aroma<\/strong> se distinguent par leur go\u00fbt aux notes bois\u00e9es et de fruits secs.<\/p>\n<ul>\n<li><strong>Ar\u00f4me doux-amer :<\/strong> Un m\u00e9lange riche et cr\u00e9meux au caract\u00e8re prononc\u00e9.<\/li>\n<li><strong>Go\u00fbt :<\/strong> \u00c9quilibr\u00e9<\/li>\n<li><strong>Notes aromatiques :<\/strong> Fruits secs, cacao<\/li>\n<li><strong>Torr\u00e9faction :<\/strong> Moyenne<\/li>\n<\/ul>\n<p>Ces grains de caf\u00e9 sont id\u00e9aux pour tous ceux qui souhaitent savourer un caf\u00e9 \u00e9quilibr\u00e9 et savoureux aux ar\u00f4mes profonds et riches. Parfait pour toutes les occasions, des petits d\u00e9jeuners quotidiens aux moments sp\u00e9ciaux.<\/p>\n","protected":false},"featured_media":10658,"comment_status":"open","ping_status":"closed","template":"","meta":{"_relevanssi_hide_post":"","_relevanssi_hide_content":"","_relevanssi_pin_for_all":"","_relevanssi_pin_keywords":"","_relevanssi_unpin_keywords":"","_relevanssi_related_keywords":"","_relevanssi_related_include_ids":"","_relevanssi_related_exclude_ids":"","_relevanssi_related_no_append":"","_relevanssi_related_not_related":"","_relevanssi_related_posts":"","_relevanssi_noindex_reason":""},"product_brand":[],"product_cat":[355],"product_tag":[],"class_list":{"0":"post-132548801","1":"product","2":"type-product","3":"status-publish","4":"has-post-thumbnail","6":"product_cat-grains-de-cafe","7":"pa_brand-lavazza-fr","8":"has-subscription-plans","10":"first","11":"instock","12":"taxable","13":"shipping-taxable","14":"purchasable","15":"product-type-simple"},"batches":[{"id":"472","date_created":"2024-05-15 16:23:51","date_expiry":"2025-12-31 00:00:00","user_id":"559","batch_number":"","supplier":"","location":"","quantity":"17.0000","quantity_available":"17.0000","units":"1","status":"archived","order_ids":"[16028,16040]","po":null},{"id":"973","date_created":"2024-11-07 18:18:49","date_expiry":"2026-06-30 00:00:00","user_id":"559","batch_number":"","supplier":"","location":"","quantity":"6.0000","quantity_available":"0.0000","units":"1","status":"archived","order_ids":"[16952,132546993,132547249]","po":null},{"id":"974","date_created":"2024-11-07 18:20:06","date_expiry":"2025-12-30 00:00:00","user_id":"559","batch_number":"","supplier":"","location":"","quantity":"6.0000","quantity_available":"0.0000","units":"1","status":"archived","order_ids":"[16409]","po":null},{"id":"1114","date_created":"2024-12-03 18:25:39","date_expiry":"2026-06-30 00:00:00","user_id":"559","batch_number":"","supplier":"","location":"","quantity":"6.0000","quantity_available":"0.0000","units":"1","status":"archived","order_ids":"[132547249,132547439,132547470]","po":null},{"id":"1738","date_created":"2025-03-28 11:06:41","date_expiry":"2027-01-30 00:00:00","user_id":"559","batch_number":"","supplier":"","location":"","quantity":"12.0000","quantity_available":"0.0000","units":"1","status":"archived","order_ids":"[132547616,132547847,132547881,132547995]","po":null},{"id":"1784","date_created":"2025-04-08 08:56:58","date_expiry":"2027-01-30 00:00:00","user_id":"559","batch_number":"","supplier":"","location":"","quantity":"7.0000","quantity_available":"0.0000","units":"1","status":"archived","order_ids":"[132547995,132548041]","po":null},{"id":"1847","date_created":"2025-04-28 15:06:15","date_expiry":"2027-02-28 00:00:00","user_id":"559","batch_number":"","supplier":"","location":"","quantity":"12.0000","quantity_available":"0.0000","units":"1","status":"archived","order_ids":"[132548270,132549342]","po":null},{"id":"1954","date_created":"2025-05-21 17:11:24","date_expiry":"2027-03-30 00:00:00","user_id":"559","batch_number":"","supplier":"","location":"","quantity":"6.0000","quantity_available":"0.0000","units":"1","status":"archived","order_ids":"[132549677,132549802,132550863,132551176]","po":null},{"id":"2064","date_created":"2025-06-19 14:42:55","date_expiry":"2027-02-28 00:00:00","user_id":"559","batch_number":"","supplier":"","location":"","quantity":"12.0000","quantity_available":"0.0000","units":"1","status":"archived","order_ids":"[132550161,132550796,132550863]","po":null},{"id":"2305","date_created":"2025-08-28 06:55:56","date_expiry":"2027-03-30 00:00:00","user_id":"2","batch_number":"","supplier":"","location":"","quantity":"18.0000","quantity_available":"0.0000","units":"1","status":"archived","order_ids":"[132551176,132551403,132551470,132551808,132552129]","po":null},{"id":"2675","date_created":"2025-11-07 17:53:22","date_expiry":"2027-08-30 00:00:00","user_id":"2","batch_number":"","supplier":"","location":"","quantity":"6.0000","quantity_available":"0.0000","units":"1","status":"archived","order_ids":"[132552129]","po":null},{"id":"2752","date_created":"2025-11-25 10:03:23","date_expiry":"2027-08-30 00:00:00","user_id":"2","batch_number":"","supplier":"","location":"","quantity":"12.0000","quantity_available":"0.0000","units":"1","status":"archived","order_ids":"[132552276,132552557,132552882]","po":null},{"id":"2877","date_created":"2025-12-18 17:24:09","date_expiry":"2027-09-30 00:00:00","user_id":"2","batch_number":"","supplier":"","location":"","quantity":"6.0000","quantity_available":"0.0000","units":"1","status":"archived","order_ids":"[132552882]","po":null},{"id":"3006","date_created":"2026-01-15 17:16:18","date_expiry":"2027-11-30 00:00:00","user_id":"2","batch_number":"","supplier":"","location":"","quantity":"30.0000","quantity_available":"3.0000","units":"1","status":"active","order_ids":"[132553508,132553622,132553784]","po":null},{"id":"3280","date_created":"2026-03-05 16:16:21","date_expiry":"2027-12-30 00:00:00","user_id":"2","batch_number":"","supplier":"","location":"","quantity":"12.0000","quantity_available":"12.0000","units":"1","status":"active","order_ids":null,"po":null}],"_links":{"self":[{"href":"https:\/\/caffeonline.aclas.io\/fr\/wp-json\/wp\/v2\/product\/132548801","targetHints":{"allow":["GET"]}}],"collection":[{"href":"https:\/\/caffeonline.aclas.io\/fr\/wp-json\/wp\/v2\/product"}],"about":[{"href":"https:\/\/caffeonline.aclas.io\/fr\/wp-json\/wp\/v2\/types\/product"}],"replies":[{"embeddable":true,"href":"https:\/\/caffeonline.aclas.io\/fr\/wp-json\/wp\/v2\/comments?post=132548801"}],"wp:featuredmedia":[{"embeddable":true,"href":"https:\/\/caffeonline.aclas.io\/fr\/wp-json\/wp\/v2\/media\/10658"}],"wp:attachment":[{"href":"https:\/\/caffeonline.aclas.io\/fr\/wp-json\/wp\/v2\/media?parent=132548801"}],"wp:term":[{"taxonomy":"product_brand","embeddable":true,"href":"https:\/\/caffeonline.aclas.io\/fr\/wp-json\/wp\/v2\/product_brand?post=132548801"},{"taxonomy":"product_cat","embeddable":true,"href":"https:\/\/caffeonline.aclas.io\/fr\/wp-json\/wp\/v2\/product_cat?post=132548801"},{"taxonomy":"product_tag","embeddable":true,"href":"https:\/\/caffeonline.aclas.io\/fr\/wp-json\/wp\/v2\/product_tag?post=132548801"}],"curies":[{"name":"wp","href":"https:\/\/api.w.org\/{rel}","templated":true}]}}