{"id":132548794,"date":"2024-04-10T22:13:22","date_gmt":"2024-04-10T20:13:22","guid":{"rendered":"https:\/\/caffeonline.ch\/produkt\/caffe-toraldo-dosettes-ese-melange-cremosa\/"},"modified":"2024-04-10T22:13:22","modified_gmt":"2024-04-10T20:13:22","slug":"caffe-toraldo-dosettes-ese-melange-cremosa","status":"publish","type":"product","link":"https:\/\/caffeonline.aclas.io\/fr\/produkt\/caffe-toraldo-dosettes-ese-melange-cremosa\/","title":{"rendered":"Caff\u00e8 Toraldo &#8211; Dosettes ESE M\u00e9lange Cremosa"},"content":{"rendered":"","protected":false},"excerpt":{"rendered":"<p>Un m\u00e9lange au go\u00fbt inimitable d&rsquo;un espresso fort et d\u00e9cid\u00e9, plein et parfum\u00e9 dans son ar\u00f4me.<\/p>\n<div class=\"row d-flex align-items-center\">\n<div class=\"col-6 col-md-4 pr-0\">\n<h4><em><strong>Onctuosit\u00e9 :<\/strong><\/em><\/h4>\n<\/div>\n<div class=\"col-6 col-md-6 pr-2\">\n<div><img decoding=\"async\" style=\"max-width: 30%;\" src=\"https:\/\/www.caffetoraldo.it\/assets\/images\/icone_caratteristiche\/cremosita_5.png\"><\/div>\n<\/div>\n<\/div>\n<div class=\"row d-flex align-items-center\">\n<div class=\"col-6 col-md-4 pr-0\">\n<h4><em><strong>Torr\u00e9faction :<\/strong><\/em><\/h4>\n<\/div>\n<div class=\"col-6 col-md-6 pr-2\">\n<div><img decoding=\"async\" style=\"max-width: 30%;\" src=\"https:\/\/www.caffetoraldo.it\/assets\/images\/icone_caratteristiche\/tostatura_4.png\"><\/div>\n<\/div>\n<\/div>\n<div class=\"row d-flex align-items-center\">\n<div class=\"col-6 col-md-4 pr-0\">\n<h4><em><strong>Ar\u00f4me :<\/strong><\/em><\/h4>\n<\/div>\n<div class=\"col-6 col-md-6 pr-2\">\n<div><img decoding=\"async\" style=\"max-width: 30%;\" src=\"https:\/\/www.caffetoraldo.it\/assets\/images\/icone_caratteristiche\/aroma_5.png\"><\/div>\n<\/div>\n<\/div>\n<div class=\"row d-flex align-items-center\">\n<div class=\"col-6 col-md-4 pr-0\">\n<h4><em><strong>Intensit\u00e9 :<\/strong><\/em><\/h4>\n<\/div>\n<div class=\"col-6 col-md-6 pr-2\">\n<div><img decoding=\"async\" style=\"max-width: 30%;\" src=\"https:\/\/www.caffetoraldo.it\/assets\/images\/icone_caratteristiche\/intensita_4.png\"><\/div>\n<\/div>\n<\/div>\n","protected":false},"featured_media":11178,"comment_status":"open","ping_status":"closed","template":"","meta":{"_relevanssi_hide_post":"","_relevanssi_hide_content":"","_relevanssi_pin_for_all":"","_relevanssi_pin_keywords":"","_relevanssi_unpin_keywords":"","_relevanssi_related_keywords":"","_relevanssi_related_include_ids":"","_relevanssi_related_exclude_ids":"","_relevanssi_related_no_append":"","_relevanssi_related_not_related":"","_relevanssi_related_posts":"","_relevanssi_noindex_reason":""},"product_brand":[],"product_cat":[353],"product_tag":[],"class_list":{"0":"post-132548794","1":"product","2":"type-product","3":"status-publish","4":"has-post-thumbnail","6":"product_cat-ese-pads-fr","7":"pa_brand-caffe-toraldo-fr","8":"has-subscription-plans","10":"first","11":"instock","12":"sale","13":"taxable","14":"shipping-taxable","15":"purchasable","16":"product-type-variable"},"batches":[],"_links":{"self":[{"href":"https:\/\/caffeonline.aclas.io\/fr\/wp-json\/wp\/v2\/product\/132548794","targetHints":{"allow":["GET"]}}],"collection":[{"href":"https:\/\/caffeonline.aclas.io\/fr\/wp-json\/wp\/v2\/product"}],"about":[{"href":"https:\/\/caffeonline.aclas.io\/fr\/wp-json\/wp\/v2\/types\/product"}],"replies":[{"embeddable":true,"href":"https:\/\/caffeonline.aclas.io\/fr\/wp-json\/wp\/v2\/comments?post=132548794"}],"wp:featuredmedia":[{"embeddable":true,"href":"https:\/\/caffeonline.aclas.io\/fr\/wp-json\/wp\/v2\/media\/11178"}],"wp:attachment":[{"href":"https:\/\/caffeonline.aclas.io\/fr\/wp-json\/wp\/v2\/media?parent=132548794"}],"wp:term":[{"taxonomy":"product_brand","embeddable":true,"href":"https:\/\/caffeonline.aclas.io\/fr\/wp-json\/wp\/v2\/product_brand?post=132548794"},{"taxonomy":"product_cat","embeddable":true,"href":"https:\/\/caffeonline.aclas.io\/fr\/wp-json\/wp\/v2\/product_cat?post=132548794"},{"taxonomy":"product_tag","embeddable":true,"href":"https:\/\/caffeonline.aclas.io\/fr\/wp-json\/wp\/v2\/product_tag?post=132548794"}],"curies":[{"name":"wp","href":"https:\/\/api.w.org\/{rel}","templated":true}]}}