{"id":132548789,"date":"2024-04-10T22:13:23","date_gmt":"2024-04-10T20:13:23","guid":{"rendered":"https:\/\/caffeonline.ch\/produkt\/lavazza-gobelets-en-carton-pour-expresso-80-ml\/"},"modified":"2024-04-10T22:13:23","modified_gmt":"2024-04-10T20:13:23","slug":"lavazza-gobelets-en-carton-pour-expresso-80-ml","status":"publish","type":"product","link":"https:\/\/caffeonline.aclas.io\/fr\/produkt\/lavazza-gobelets-en-carton-pour-expresso-80-ml\/","title":{"rendered":"Lavazza &#8211; Gobelets en carton pour expresso 80 ml"},"content":{"rendered":"","protected":false},"excerpt":{"rendered":"<p>Les <strong>gobelets en carton pour expresso Lavazza de 80 ml<\/strong> sont sp\u00e9cialement con\u00e7us pour la d\u00e9gustation d&rsquo;expresso. Ces gobelets jetables sont fabriqu\u00e9s \u00e0 partir de carton doublement renforc\u00e9 et arborent l&rsquo;\u00e9l\u00e9gant logo Lavazza. Ils constituent un choix excellent pour les amateurs d&rsquo;expresso qui ne souhaitent pas renoncer \u00e0 leur caf\u00e9, m\u00eame en d\u00e9placement.<\/p>\n<ul>\n<li><strong>Mat\u00e9riau :<\/strong> Carton doublement renforc\u00e9<\/li>\n<li><strong>Design :<\/strong> Imprim\u00e9 avec le logo Lavazza<\/li>\n<\/ul>\n<p>Id\u00e9aux pour les \u00e9v\u00e9nements, les caf\u00e9s et les bureaux, ces gobelets offrent une solution pratique pour la distribution d&rsquo;expresso dans un format \u00e0 la fois \u00e9l\u00e9gant et fonctionnel.<\/p>\n","protected":false},"featured_media":132548692,"comment_status":"open","ping_status":"closed","template":"","meta":{"_relevanssi_hide_post":"","_relevanssi_hide_content":"","_relevanssi_pin_for_all":"","_relevanssi_pin_keywords":"","_relevanssi_unpin_keywords":"","_relevanssi_related_keywords":"","_relevanssi_related_include_ids":"","_relevanssi_related_exclude_ids":"","_relevanssi_related_no_append":"","_relevanssi_related_not_related":"","_relevanssi_related_posts":"","_relevanssi_noindex_reason":""},"product_brand":[],"product_cat":[367],"product_tag":[],"class_list":{"0":"post-132548789","1":"product","2":"type-product","3":"status-publish","4":"has-post-thumbnail","6":"product_cat-accessoires","7":"pa_brand-lavazza-fr","9":"first","10":"instock","11":"taxable","12":"shipping-taxable","13":"purchasable","14":"product-type-simple"},"batches":[{"id":"459","date_created":"2024-04-29 08:23:06","date_expiry":null,"user_id":"559","batch_number":"","supplier":"","location":"","quantity":"20.0000","quantity_available":"0.0000","units":"1","status":"archived","order_ids":"[16022,16181,16548,132546100,132546709,132547210,132547470]","po":null},{"id":"1710","date_created":"2025-03-21 13:19:33","date_expiry":null,"user_id":"559","batch_number":"","supplier":"","location":"","quantity":"200.0000","quantity_available":"118.0000","units":"1","status":"active","order_ids":"[132547875,132549642,132549802,132550898,132550929,132551211,132551322,132551513,132552280,132552557,132553508]","po":null}],"_links":{"self":[{"href":"https:\/\/caffeonline.aclas.io\/fr\/wp-json\/wp\/v2\/product\/132548789","targetHints":{"allow":["GET"]}}],"collection":[{"href":"https:\/\/caffeonline.aclas.io\/fr\/wp-json\/wp\/v2\/product"}],"about":[{"href":"https:\/\/caffeonline.aclas.io\/fr\/wp-json\/wp\/v2\/types\/product"}],"replies":[{"embeddable":true,"href":"https:\/\/caffeonline.aclas.io\/fr\/wp-json\/wp\/v2\/comments?post=132548789"}],"wp:featuredmedia":[{"embeddable":true,"href":"https:\/\/caffeonline.aclas.io\/fr\/wp-json\/wp\/v2\/media\/132548692"}],"wp:attachment":[{"href":"https:\/\/caffeonline.aclas.io\/fr\/wp-json\/wp\/v2\/media?parent=132548789"}],"wp:term":[{"taxonomy":"product_brand","embeddable":true,"href":"https:\/\/caffeonline.aclas.io\/fr\/wp-json\/wp\/v2\/product_brand?post=132548789"},{"taxonomy":"product_cat","embeddable":true,"href":"https:\/\/caffeonline.aclas.io\/fr\/wp-json\/wp\/v2\/product_cat?post=132548789"},{"taxonomy":"product_tag","embeddable":true,"href":"https:\/\/caffeonline.aclas.io\/fr\/wp-json\/wp\/v2\/product_tag?post=132548789"}],"curies":[{"name":"wp","href":"https:\/\/api.w.org\/{rel}","templated":true}]}}