{"id":132548784,"date":"2024-04-10T22:13:22","date_gmt":"2024-04-10T20:13:22","guid":{"rendered":"https:\/\/caffeonline.ch\/produkt\/caffe-borbone-grains-de-cafe-crema-classica\/"},"modified":"2025-07-20T16:58:43","modified_gmt":"2025-07-20T14:58:43","slug":"caffe-borbone-grains-de-cafe-crema-classica","status":"publish","type":"product","link":"https:\/\/caffeonline.aclas.io\/fr\/produkt\/caffe-borbone-grains-de-cafe-crema-classica\/","title":{"rendered":"Caff\u00e8 Borbone &#8211; Grains de caf\u00e9 Crema Classica"},"content":{"rendered":"","protected":false},"excerpt":{"rendered":"<p><strong>M\u00c9LANGE COMPLET ET \u00c9QUILIBR\u00c9.<\/strong> <strong>INTENSIT\u00c9 8\/10<\/strong>.<br \/>\nCors\u00e9 et \u00e9quilibr\u00e9, onctueux et cr\u00e9meux. Id\u00e9al \u00e9galement pour les boissons \u00e0 base de lait.<\/p>\n<p>\u00c9labor\u00e9 \u00e0 partir d&rsquo;une s\u00e9lection raffin\u00e9e de m\u00e9langes d&rsquo;Arabica et de Robusta fins. Combinez une s\u00e9lection de m\u00e9langes pour un \u00e9quilibre parfait entre corps, persistance et douceur. Le m\u00e9lange Crema Classica se distingue par son go\u00fbt noble, son caract\u00e8re robuste et son ar\u00f4me intense.<\/p>\n","protected":false},"featured_media":10992,"comment_status":"open","ping_status":"closed","template":"","meta":{"_relevanssi_hide_post":"","_relevanssi_hide_content":"","_relevanssi_pin_for_all":"","_relevanssi_pin_keywords":"","_relevanssi_unpin_keywords":"","_relevanssi_related_keywords":"","_relevanssi_related_include_ids":"","_relevanssi_related_exclude_ids":"","_relevanssi_related_no_append":"","_relevanssi_related_not_related":"","_relevanssi_related_posts":"","_relevanssi_noindex_reason":""},"product_brand":[],"product_cat":[355,652],"product_tag":[],"class_list":{"0":"post-132548784","1":"product","2":"type-product","3":"status-publish","4":"has-post-thumbnail","6":"product_cat-grains-de-cafe","7":"product_cat-offres-speciales-fr","8":"pa_brand-caffe-borbone-fr","9":"has-subscription-plans","11":"first","12":"outofstock","13":"taxable","14":"shipping-taxable","15":"purchasable","16":"product-type-simple"},"batches":[{"id":"938","date_created":"2024-11-06 19:46:13","date_expiry":"2026-02-28 00:00:00","user_id":"559","batch_number":"","supplier":"","location":"","quantity":"120.0000","quantity_available":"0.0000","units":"1","status":"archived","order_ids":"[17248,132545998,132546246,132546569,132546575,132546602,132547033,132547160,132547756,132549904,132550110,132550874,132550976,132551391,132551424,132551447,132552083,132552370,132552883,132552884,132553071]","po":null}],"_links":{"self":[{"href":"https:\/\/caffeonline.aclas.io\/fr\/wp-json\/wp\/v2\/product\/132548784","targetHints":{"allow":["GET"]}}],"collection":[{"href":"https:\/\/caffeonline.aclas.io\/fr\/wp-json\/wp\/v2\/product"}],"about":[{"href":"https:\/\/caffeonline.aclas.io\/fr\/wp-json\/wp\/v2\/types\/product"}],"replies":[{"embeddable":true,"href":"https:\/\/caffeonline.aclas.io\/fr\/wp-json\/wp\/v2\/comments?post=132548784"}],"wp:featuredmedia":[{"embeddable":true,"href":"https:\/\/caffeonline.aclas.io\/fr\/wp-json\/wp\/v2\/media\/10992"}],"wp:attachment":[{"href":"https:\/\/caffeonline.aclas.io\/fr\/wp-json\/wp\/v2\/media?parent=132548784"}],"wp:term":[{"taxonomy":"product_brand","embeddable":true,"href":"https:\/\/caffeonline.aclas.io\/fr\/wp-json\/wp\/v2\/product_brand?post=132548784"},{"taxonomy":"product_cat","embeddable":true,"href":"https:\/\/caffeonline.aclas.io\/fr\/wp-json\/wp\/v2\/product_cat?post=132548784"},{"taxonomy":"product_tag","embeddable":true,"href":"https:\/\/caffeonline.aclas.io\/fr\/wp-json\/wp\/v2\/product_tag?post=132548784"}],"curies":[{"name":"wp","href":"https:\/\/api.w.org\/{rel}","templated":true}]}}