{"id":132548777,"date":"2024-04-10T22:13:23","date_gmt":"2024-04-10T20:13:23","guid":{"rendered":"https:\/\/caffeonline.ch\/produkt\/lavazza-a-modo-mio-jolie\/"},"modified":"2024-04-10T22:13:23","modified_gmt":"2024-04-10T20:13:23","slug":"lavazza-a-modo-mio-jolie","status":"publish","type":"product","link":"https:\/\/caffeonline.aclas.io\/fr\/produkt\/lavazza-a-modo-mio-jolie\/","title":{"rendered":"Lavazza &#8211; A Modo Mio &#8211; Jolie"},"content":{"rendered":"","protected":false},"excerpt":{"rendered":"<p>La <strong>Jolie<\/strong> est id\u00e9ale pour savourer un authentique caf\u00e9 italien \u00e0 domicile. Le mod\u00e8le Lavazza A Modo Mio le plus compact et le plus silencieux &#8211; son design joyeux s&rsquo;adapte parfaitement \u00e0 tout environnement.<\/p>\n<p><strong>Des lignes douces, un style harmonieux et des couleurs vives : <\/strong>une machine \u00e9l\u00e9gante con\u00e7ue avec une grande attention aux d\u00e9tails. Jolie offre le design id\u00e9al pour d\u00e9guster votre caf\u00e9 en toute s\u00e9r\u00e9nit\u00e9. La machine est \u00e9quip\u00e9e d&rsquo;un repose-tasse amovible ainsi que d&rsquo;un bouton marche\/arr\u00eat r\u00e9tro\u00e9clair\u00e9, vous permettant de personnaliser la taille de votre boisson.<\/p>\n","protected":false},"featured_media":132548779,"comment_status":"open","ping_status":"closed","template":"","meta":{"_relevanssi_hide_post":"","_relevanssi_hide_content":"","_relevanssi_pin_for_all":"","_relevanssi_pin_keywords":"","_relevanssi_unpin_keywords":"","_relevanssi_related_keywords":"","_relevanssi_related_include_ids":"","_relevanssi_related_exclude_ids":"","_relevanssi_related_no_append":"","_relevanssi_related_not_related":"","_relevanssi_related_posts":"","_relevanssi_noindex_reason":""},"product_brand":[],"product_cat":[690,357],"product_tag":[],"class_list":{"0":"post-132548777","1":"product","2":"type-product","3":"status-publish","4":"has-post-thumbnail","6":"product_cat-lavazza-a-modo-mio-fr","7":"product_cat-machines-a-cafe","8":"pa_brand-lavazza-fr","9":"pa_farbe-blanc","10":"pa_farbe-noir","11":"pa_farbe-rouge","12":"pa_kaffeemenge-arret-manuel","13":"pa_leistung-1250-watts","14":"pa_pumpendruck-environ-15-bars","15":"pa_pumpentyp-pompe-a-vibration","16":"pa_stromversorgung-230v-fr","17":"pa_wassertank-0-6-litre-de-capacite-deau","19":"first","20":"outofstock","21":"sale","22":"taxable","23":"shipping-taxable","24":"purchasable","25":"product-type-variable"},"batches":[],"_links":{"self":[{"href":"https:\/\/caffeonline.aclas.io\/fr\/wp-json\/wp\/v2\/product\/132548777","targetHints":{"allow":["GET"]}}],"collection":[{"href":"https:\/\/caffeonline.aclas.io\/fr\/wp-json\/wp\/v2\/product"}],"about":[{"href":"https:\/\/caffeonline.aclas.io\/fr\/wp-json\/wp\/v2\/types\/product"}],"replies":[{"embeddable":true,"href":"https:\/\/caffeonline.aclas.io\/fr\/wp-json\/wp\/v2\/comments?post=132548777"}],"wp:featuredmedia":[{"embeddable":true,"href":"https:\/\/caffeonline.aclas.io\/fr\/wp-json\/wp\/v2\/media\/132548779"}],"wp:attachment":[{"href":"https:\/\/caffeonline.aclas.io\/fr\/wp-json\/wp\/v2\/media?parent=132548777"}],"wp:term":[{"taxonomy":"product_brand","embeddable":true,"href":"https:\/\/caffeonline.aclas.io\/fr\/wp-json\/wp\/v2\/product_brand?post=132548777"},{"taxonomy":"product_cat","embeddable":true,"href":"https:\/\/caffeonline.aclas.io\/fr\/wp-json\/wp\/v2\/product_cat?post=132548777"},{"taxonomy":"product_tag","embeddable":true,"href":"https:\/\/caffeonline.aclas.io\/fr\/wp-json\/wp\/v2\/product_tag?post=132548777"}],"curies":[{"name":"wp","href":"https:\/\/api.w.org\/{rel}","templated":true}]}}