{"id":132548768,"date":"2024-09-03T18:08:00","date_gmt":"2024-09-03T16:08:00","guid":{"rendered":"https:\/\/caffeonline.ch\/produkt\/lollo-caffe-dosettes-ese-de-cafe-aromatise-au-chocolat\/"},"modified":"2025-11-14T16:21:28","modified_gmt":"2025-11-14T15:21:28","slug":"lollo-caffe-dosettes-ese-de-cafe-aromatise-au-chocolat","status":"publish","type":"product","link":"https:\/\/caffeonline.aclas.io\/fr\/produkt\/lollo-caffe-dosettes-ese-de-cafe-aromatise-au-chocolat\/","title":{"rendered":"Lollo Caff\u00e8 \u2013 Dosettes ESE de caf\u00e9 aromatis\u00e9 au chocolat"},"content":{"rendered":"","protected":false},"excerpt":{"rendered":"<p>Savourez les d\u00e9licieuses notes chocolat\u00e9es des <strong>Lollo Caff\u00e8 \u2013 Dosettes ESE de caf\u00e9 aromatis\u00e9 au chocolat<\/strong>, qui se marient harmonieusement avec le corps et le go\u00fbt de l&rsquo;espresso. Une d\u00e9lectation qui caresse les sens et enrichit l&rsquo;exp\u00e9rience classique du caf\u00e9 d&rsquo;une note sucr\u00e9e.<\/p>\n<p><strong>INGR\u00c9DIENTS :<\/strong> Caf\u00e9 99%, ar\u00f4me de chocolat 1%<\/p>\n","protected":false},"featured_media":14997,"comment_status":"open","ping_status":"closed","template":"","meta":{"_relevanssi_hide_post":"","_relevanssi_hide_content":"","_relevanssi_pin_for_all":"","_relevanssi_pin_keywords":"","_relevanssi_unpin_keywords":"","_relevanssi_related_keywords":"","_relevanssi_related_include_ids":"","_relevanssi_related_exclude_ids":"","_relevanssi_related_no_append":"","_relevanssi_related_not_related":"","_relevanssi_related_posts":"","_relevanssi_noindex_reason":""},"product_brand":[],"product_cat":[354,353],"product_tag":[],"class_list":{"0":"post-132548768","1":"product","2":"type-product","3":"status-publish","4":"has-post-thumbnail","6":"product_cat-boissons-chaudes","7":"product_cat-ese-pads-fr","8":"pa_brand-lollo-caffe-fr","9":"has-subscription-plans","11":"first","12":"outofstock","13":"sale","14":"taxable","15":"shipping-taxable","16":"purchasable","17":"product-type-simple"},"batches":[{"id":"573","date_created":"2024-08-12 08:24:57","date_expiry":"2026-03-31 00:00:00","user_id":"1","batch_number":"","supplier":"","location":"","quantity":"10.0000","quantity_available":"0.0000","units":"1","status":"archived","order_ids":"[15768,132546935,132547963,132548119,132548120]","po":null},{"id":"1756","date_created":"2025-03-31 19:57:35","date_expiry":"2027-02-28 00:00:00","user_id":"2","batch_number":"","supplier":"","location":"","quantity":"10.0000","quantity_available":"0.0000","units":"1","status":"archived","order_ids":"[132548202,132549295,132549554,132549624,132549669,132549740,132549748,132549822]","po":null},{"id":"2154","date_created":"2025-08-06 13:14:49","date_expiry":"2027-04-30 00:00:00","user_id":"2","batch_number":"","supplier":"","location":"","quantity":"20.0000","quantity_available":"0.0000","units":"1","status":"archived","order_ids":"[132550304,132550418,132551474,132551499,132551769,132551850,132551855,132551874,132552046,132552094,132552156,132552186,132552343,132552614,132552676,132552759,132552772]","po":null},{"id":"2380","date_created":"2025-09-20 12:29:20","date_expiry":"2027-02-20 00:00:00","user_id":"1","batch_number":"","supplier":"","location":"","quantity":"2.0000","quantity_available":"0.0000","units":"1","status":"archived","order_ids":"[132551234,132551473]","po":null},{"id":"2946","date_created":"2026-01-09 17:19:30","date_expiry":"2027-04-30 00:00:00","user_id":"2","batch_number":"","supplier":"","location":"","quantity":"7.0000","quantity_available":"0.0000","units":"1","status":"archived","order_ids":"[132553269,132553462,132553486,132553707,132554109]","po":null}],"_links":{"self":[{"href":"https:\/\/caffeonline.aclas.io\/fr\/wp-json\/wp\/v2\/product\/132548768","targetHints":{"allow":["GET"]}}],"collection":[{"href":"https:\/\/caffeonline.aclas.io\/fr\/wp-json\/wp\/v2\/product"}],"about":[{"href":"https:\/\/caffeonline.aclas.io\/fr\/wp-json\/wp\/v2\/types\/product"}],"replies":[{"embeddable":true,"href":"https:\/\/caffeonline.aclas.io\/fr\/wp-json\/wp\/v2\/comments?post=132548768"}],"wp:featuredmedia":[{"embeddable":true,"href":"https:\/\/caffeonline.aclas.io\/fr\/wp-json\/wp\/v2\/media\/14997"}],"wp:attachment":[{"href":"https:\/\/caffeonline.aclas.io\/fr\/wp-json\/wp\/v2\/media?parent=132548768"}],"wp:term":[{"taxonomy":"product_brand","embeddable":true,"href":"https:\/\/caffeonline.aclas.io\/fr\/wp-json\/wp\/v2\/product_brand?post=132548768"},{"taxonomy":"product_cat","embeddable":true,"href":"https:\/\/caffeonline.aclas.io\/fr\/wp-json\/wp\/v2\/product_cat?post=132548768"},{"taxonomy":"product_tag","embeddable":true,"href":"https:\/\/caffeonline.aclas.io\/fr\/wp-json\/wp\/v2\/product_tag?post=132548768"}],"curies":[{"name":"wp","href":"https:\/\/api.w.org\/{rel}","templated":true}]}}