{"id":132548762,"date":"2024-09-03T18:40:03","date_gmt":"2024-09-03T16:40:03","guid":{"rendered":"https:\/\/caffeonline.ch\/produkt\/lollo-caffe-golosite-dosettes-ese-risveglio-orzo-ricco\/"},"modified":"2024-09-03T18:40:03","modified_gmt":"2024-09-03T16:40:03","slug":"lollo-caffe-golosite-dosettes-ese-risveglio-orzo-ricco","status":"publish","type":"product","link":"https:\/\/caffeonline.aclas.io\/fr\/produkt\/lollo-caffe-golosite-dosettes-ese-risveglio-orzo-ricco\/","title":{"rendered":"Lollo Caff\u00e8 \u2013 Golosit\u00e8 \u2013 Dosettes ESE Risveglio Orzo Ricco"},"content":{"rendered":"","protected":false},"excerpt":{"rendered":"<p>Les meilleures vari\u00e9t\u00e9s d&rsquo;orge, soigneusement s\u00e9lectionn\u00e9es, composent les <strong>Lollo Caff\u00e8 \u2013 Golosit\u00e8 \u2013 Dosettes ESE Risveglio Orzo Ricco<\/strong>. Un m\u00e9lange naturel et d\u00e9licat qui \u00e9voque des notes gustatives famili\u00e8res et anciennes, id\u00e9al pour un r\u00e9veil doux et apaisant.<\/p>\n<p><strong>INGR\u00c9DIENTS :<\/strong> Graines d&rsquo;orge (Hordeum vulgare L.) torr\u00e9fi\u00e9es.<\/p>\n","protected":false},"featured_media":15030,"comment_status":"open","ping_status":"closed","template":"","meta":{"_relevanssi_hide_post":"","_relevanssi_hide_content":"","_relevanssi_pin_for_all":"","_relevanssi_pin_keywords":"","_relevanssi_unpin_keywords":"","_relevanssi_related_keywords":"","_relevanssi_related_include_ids":"","_relevanssi_related_exclude_ids":"","_relevanssi_related_no_append":"","_relevanssi_related_not_related":"","_relevanssi_related_posts":"","_relevanssi_noindex_reason":""},"product_brand":[],"product_cat":[354,353],"product_tag":[702],"class_list":{"0":"post-132548762","1":"product","2":"type-product","3":"status-publish","4":"has-post-thumbnail","6":"product_cat-boissons-chaudes","7":"product_cat-ese-pads-fr","8":"product_tag-golosite-fr","9":"pa_brand-lollo-caffe-fr","10":"has-subscription-plans","12":"first","13":"outofstock","14":"sale","15":"taxable","16":"shipping-taxable","17":"purchasable","18":"product-type-simple"},"batches":[{"id":"581","date_created":"2024-08-12 08:35:59","date_expiry":"2027-02-28 00:00:00","user_id":"559","batch_number":"","supplier":"","location":"","quantity":"12.0000","quantity_available":"0.0000","units":"1","status":"archived","order_ids":"[15973,132545835,132551116,132551234,132552726,132554517]","po":null}],"_links":{"self":[{"href":"https:\/\/caffeonline.aclas.io\/fr\/wp-json\/wp\/v2\/product\/132548762","targetHints":{"allow":["GET"]}}],"collection":[{"href":"https:\/\/caffeonline.aclas.io\/fr\/wp-json\/wp\/v2\/product"}],"about":[{"href":"https:\/\/caffeonline.aclas.io\/fr\/wp-json\/wp\/v2\/types\/product"}],"replies":[{"embeddable":true,"href":"https:\/\/caffeonline.aclas.io\/fr\/wp-json\/wp\/v2\/comments?post=132548762"}],"wp:featuredmedia":[{"embeddable":true,"href":"https:\/\/caffeonline.aclas.io\/fr\/wp-json\/wp\/v2\/media\/15030"}],"wp:attachment":[{"href":"https:\/\/caffeonline.aclas.io\/fr\/wp-json\/wp\/v2\/media?parent=132548762"}],"wp:term":[{"taxonomy":"product_brand","embeddable":true,"href":"https:\/\/caffeonline.aclas.io\/fr\/wp-json\/wp\/v2\/product_brand?post=132548762"},{"taxonomy":"product_cat","embeddable":true,"href":"https:\/\/caffeonline.aclas.io\/fr\/wp-json\/wp\/v2\/product_cat?post=132548762"},{"taxonomy":"product_tag","embeddable":true,"href":"https:\/\/caffeonline.aclas.io\/fr\/wp-json\/wp\/v2\/product_tag?post=132548762"}],"curies":[{"name":"wp","href":"https:\/\/api.w.org\/{rel}","templated":true}]}}