{"id":132548745,"date":"2024-04-10T22:13:37","date_gmt":"2024-04-10T20:13:37","guid":{"rendered":"https:\/\/caffeonline.ch\/produkt\/faber-dosettes-ese-torrefaction-foncee\/"},"modified":"2026-03-17T18:51:43","modified_gmt":"2026-03-17T17:51:43","slug":"faber-dosettes-ese-torrefaction-foncee","status":"publish","type":"product","link":"https:\/\/caffeonline.aclas.io\/fr\/produkt\/faber-dosettes-ese-torrefaction-foncee\/","title":{"rendered":"Faber &#8211; Dosettes ESE Torr\u00e9faction Fonc\u00e9e"},"content":{"rendered":"","protected":false},"excerpt":{"rendered":"<p>Issue d&rsquo;une s\u00e9lection minutieuse des m\u00e9langes les plus nobles, de la mati\u00e8re premi\u00e8re \u00e0 la torr\u00e9faction, afin de pr\u00e9server le go\u00fbt intense de votre espresso.<br \/>\nVoici <strong>Le Selezioni di Faber<\/strong> s\u00e9lectionn\u00e9es pour vous.<\/p>\n<p>Un m\u00e9lange d\u00e9di\u00e9 \u00e0 ceux qui appr\u00e9cient le go\u00fbt persistant du caf\u00e9. Compos\u00e9 de 80% d&rsquo;Arabica et 20% de Robusta avec une torr\u00e9faction longue et un faible degr\u00e9 d&rsquo;acidit\u00e9. L&rsquo;extraction est douce et met en valeur un ar\u00f4me \u00e9quilibr\u00e9 et intense.<\/p>\n","protected":false},"featured_media":11170,"comment_status":"open","ping_status":"closed","template":"","meta":{"_relevanssi_hide_post":"","_relevanssi_hide_content":"","_relevanssi_pin_for_all":"","_relevanssi_pin_keywords":"","_relevanssi_unpin_keywords":"","_relevanssi_related_keywords":"","_relevanssi_related_include_ids":"","_relevanssi_related_exclude_ids":"","_relevanssi_related_no_append":"","_relevanssi_related_not_related":"","_relevanssi_related_posts":"","_relevanssi_noindex_reason":""},"product_brand":[],"product_cat":[353,652],"product_tag":[],"class_list":{"0":"post-132548745","1":"product","2":"type-product","3":"status-publish","4":"has-post-thumbnail","6":"product_cat-ese-pads-fr","7":"product_cat-offres-speciales-fr","8":"pa_brand-faber-fr","9":"has-subscription-plans","11":"first","12":"instock","13":"sale","14":"taxable","15":"shipping-taxable","16":"purchasable","17":"product-type-variable"},"batches":[],"_links":{"self":[{"href":"https:\/\/caffeonline.aclas.io\/fr\/wp-json\/wp\/v2\/product\/132548745","targetHints":{"allow":["GET"]}}],"collection":[{"href":"https:\/\/caffeonline.aclas.io\/fr\/wp-json\/wp\/v2\/product"}],"about":[{"href":"https:\/\/caffeonline.aclas.io\/fr\/wp-json\/wp\/v2\/types\/product"}],"replies":[{"embeddable":true,"href":"https:\/\/caffeonline.aclas.io\/fr\/wp-json\/wp\/v2\/comments?post=132548745"}],"wp:featuredmedia":[{"embeddable":true,"href":"https:\/\/caffeonline.aclas.io\/fr\/wp-json\/wp\/v2\/media\/11170"}],"wp:attachment":[{"href":"https:\/\/caffeonline.aclas.io\/fr\/wp-json\/wp\/v2\/media?parent=132548745"}],"wp:term":[{"taxonomy":"product_brand","embeddable":true,"href":"https:\/\/caffeonline.aclas.io\/fr\/wp-json\/wp\/v2\/product_brand?post=132548745"},{"taxonomy":"product_cat","embeddable":true,"href":"https:\/\/caffeonline.aclas.io\/fr\/wp-json\/wp\/v2\/product_cat?post=132548745"},{"taxonomy":"product_tag","embeddable":true,"href":"https:\/\/caffeonline.aclas.io\/fr\/wp-json\/wp\/v2\/product_tag?post=132548745"}],"curies":[{"name":"wp","href":"https:\/\/api.w.org\/{rel}","templated":true}]}}