{"id":132548738,"date":"2024-04-10T22:13:33","date_gmt":"2024-04-10T20:13:33","guid":{"rendered":"https:\/\/caffeonline.ch\/produkt\/genericproductname-dosettes-ese-red-espresso\/"},"modified":"2025-05-17T13:00:50","modified_gmt":"2025-05-17T11:00:50","slug":"genericproductname-dosettes-ese-red-espresso","status":"publish","type":"product","link":"https:\/\/caffeonline.aclas.io\/fr\/produkt\/genericproductname-dosettes-ese-red-espresso\/","title":{"rendered":"Tostini Caff\u00e8 &#8211; Dosettes ESE Red Espresso"},"content":{"rendered":"","protected":false},"excerpt":{"rendered":"<div>\n<div>\n<div>\n<div>\n<p>Le Red Espresso en dosettes de la gamme Professional de Tostini Caff\u00e8 est compos\u00e9 d&rsquo;un m\u00e9lange de grains de caf\u00e9 Robusta et Arabica soigneusement s\u00e9lectionn\u00e9s. La combinaison de ces deux vari\u00e9t\u00e9s conf\u00e8re \u00e0 la boisson un corps rond et affirm\u00e9 avec une onctuosit\u00e9 intense. L&rsquo;exp\u00e9rience gustative est parachev\u00e9e par une saveur \u00e9quilibr\u00e9e aux notes de cacao et de chocolat noir pur. L&rsquo;ar\u00f4me des dosettes Red Espresso est puissant et expressif.<\/p>\n<ul>\n<li><strong>Notes aromatiques :<\/strong> Cacao et chocolat noir<\/li>\n<li><strong>Torr\u00e9faction :<\/strong> 5\/5<\/li>\n<li><strong>Ar\u00f4me :<\/strong> 4\/5<\/li>\n<li><strong>Corps :<\/strong> 5\/5<\/li>\n<\/ul>\n<p>Id\u00e9al pour ceux qui souhaitent savourer un espresso cors\u00e9 et cr\u00e9meux dot\u00e9 d&rsquo;un ar\u00f4me intense.<\/p>\n<\/div>\n<\/div>\n<\/div>\n<\/div>\n","protected":false},"featured_media":11152,"comment_status":"open","ping_status":"open","template":"","meta":{"_relevanssi_hide_post":"","_relevanssi_hide_content":"","_relevanssi_pin_for_all":"","_relevanssi_pin_keywords":"","_relevanssi_unpin_keywords":"","_relevanssi_related_keywords":"","_relevanssi_related_include_ids":"","_relevanssi_related_exclude_ids":"","_relevanssi_related_no_append":"","_relevanssi_related_not_related":"","_relevanssi_related_posts":"","_relevanssi_noindex_reason":""},"product_brand":[],"product_cat":[353],"product_tag":[],"class_list":{"0":"post-132548738","1":"product","2":"type-product","3":"status-publish","4":"has-post-thumbnail","6":"product_cat-ese-pads-fr","7":"pa_brand-tostini-caffe-fr","8":"has-subscription-plans","10":"first","11":"outofstock","12":"taxable","13":"shipping-taxable","14":"purchasable","15":"product-type-simple"},"batches":[{"id":"2397","date_created":"2025-09-24 09:09:36","date_expiry":"2027-01-30 00:00:00","user_id":"2","batch_number":"","supplier":"","location":"","quantity":"10.0000","quantity_available":"0.0000","units":"1","status":"active","order_ids":"[132552103,132552246,132552873]","po":null}],"_links":{"self":[{"href":"https:\/\/caffeonline.aclas.io\/fr\/wp-json\/wp\/v2\/product\/132548738","targetHints":{"allow":["GET"]}}],"collection":[{"href":"https:\/\/caffeonline.aclas.io\/fr\/wp-json\/wp\/v2\/product"}],"about":[{"href":"https:\/\/caffeonline.aclas.io\/fr\/wp-json\/wp\/v2\/types\/product"}],"replies":[{"embeddable":true,"href":"https:\/\/caffeonline.aclas.io\/fr\/wp-json\/wp\/v2\/comments?post=132548738"}],"wp:featuredmedia":[{"embeddable":true,"href":"https:\/\/caffeonline.aclas.io\/fr\/wp-json\/wp\/v2\/media\/11152"}],"wp:attachment":[{"href":"https:\/\/caffeonline.aclas.io\/fr\/wp-json\/wp\/v2\/media?parent=132548738"}],"wp:term":[{"taxonomy":"product_brand","embeddable":true,"href":"https:\/\/caffeonline.aclas.io\/fr\/wp-json\/wp\/v2\/product_brand?post=132548738"},{"taxonomy":"product_cat","embeddable":true,"href":"https:\/\/caffeonline.aclas.io\/fr\/wp-json\/wp\/v2\/product_cat?post=132548738"},{"taxonomy":"product_tag","embeddable":true,"href":"https:\/\/caffeonline.aclas.io\/fr\/wp-json\/wp\/v2\/product_tag?post=132548738"}],"curies":[{"name":"wp","href":"https:\/\/api.w.org\/{rel}","templated":true}]}}