{"id":132548719,"date":"2024-04-10T22:13:30","date_gmt":"2024-04-10T20:13:30","guid":{"rendered":"https:\/\/caffeonline.ch\/produkt\/caffe-borbone-grains-de-cafe-melange-top-ligne-vending\/"},"modified":"2025-08-25T08:06:23","modified_gmt":"2025-08-25T06:06:23","slug":"caffe-borbone-grains-de-cafe-melange-top-ligne-vending","status":"publish","type":"product","link":"https:\/\/caffeonline.aclas.io\/fr\/produkt\/caffe-borbone-grains-de-cafe-melange-top-ligne-vending\/","title":{"rendered":"Caff\u00e8 Borbone &#8211; Grains de caf\u00e9 M\u00e9lange Top Ligne Vending"},"content":{"rendered":"","protected":false},"excerpt":{"rendered":"<p>L&rsquo;exp\u00e9rience et l&rsquo;expertise compl\u00e8tes de l&rsquo;\u00e9quipe technique de Caff\u00e8 Borbone ont permis de reproduire l&rsquo;ar\u00f4me et le go\u00fbt du <strong>Caff\u00e8 Borbone M\u00e9lange Top<\/strong> pour la <strong>ligne Vending<\/strong>.<\/p>\n<p>Le M\u00e9lange Top de Caff\u00e8 Borbone est l&rsquo;assemblage parfait pour ceux qui ne veulent pas renoncer aux ar\u00f4mes de la tradition. C&rsquo;est le go\u00fbt du classique, mais inimitable, espresso napolitain avec une saveur pleine, une belle consistance cr\u00e9meuse mais velout\u00e9e.<\/p>\n<p>L&rsquo;harmonisation minutieuse des vari\u00e9t\u00e9s d&rsquo;Arabica et de Robusta, ainsi que la torr\u00e9faction appropri\u00e9e, rendent ce m\u00e9lange unique et incomparable, tout comme l&rsquo;intemporel espresso napolitain.<\/p>\n","protected":false},"featured_media":10988,"comment_status":"open","ping_status":"closed","template":"","meta":{"_relevanssi_hide_post":"","_relevanssi_hide_content":"","_relevanssi_pin_for_all":"","_relevanssi_pin_keywords":"","_relevanssi_unpin_keywords":"","_relevanssi_related_keywords":"","_relevanssi_related_include_ids":"","_relevanssi_related_exclude_ids":"","_relevanssi_related_no_append":"","_relevanssi_related_not_related":"","_relevanssi_related_posts":"","_relevanssi_noindex_reason":""},"product_brand":[],"product_cat":[355],"product_tag":[],"class_list":{"0":"post-132548719","1":"product","2":"type-product","3":"status-publish","4":"has-post-thumbnail","6":"product_cat-grains-de-cafe","7":"pa_brand-caffe-borbone-fr","8":"has-subscription-plans","10":"first","11":"outofstock","12":"taxable","13":"shipping-taxable","14":"purchasable","15":"product-type-simple"},"batches":[{"id":"1167","date_created":"2024-12-08 22:00:09","date_expiry":"2026-08-30 00:00:00","user_id":"559","batch_number":"","supplier":"","location":"","quantity":"12.0000","quantity_available":"0.0000","units":"1","status":"archived","order_ids":"[132547275,132549874,132550872,132551112,132551175]","po":null},{"id":"2974","date_created":"2026-01-10 17:33:49","date_expiry":null,"user_id":"2","batch_number":"","supplier":"","location":"","quantity":"12.0000","quantity_available":"0.0000","units":"1","status":"archived","order_ids":"[132552891,132553090,132553159]","po":null},{"id":"3160","date_created":"2026-02-09 14:27:51","date_expiry":"2027-12-30 00:00:00","user_id":"2","batch_number":"","supplier":"","location":"","quantity":"9.0000","quantity_available":"0.0000","units":"1","status":"archived","order_ids":"[132553734,132554479]","po":null}],"_links":{"self":[{"href":"https:\/\/caffeonline.aclas.io\/fr\/wp-json\/wp\/v2\/product\/132548719","targetHints":{"allow":["GET"]}}],"collection":[{"href":"https:\/\/caffeonline.aclas.io\/fr\/wp-json\/wp\/v2\/product"}],"about":[{"href":"https:\/\/caffeonline.aclas.io\/fr\/wp-json\/wp\/v2\/types\/product"}],"replies":[{"embeddable":true,"href":"https:\/\/caffeonline.aclas.io\/fr\/wp-json\/wp\/v2\/comments?post=132548719"}],"wp:featuredmedia":[{"embeddable":true,"href":"https:\/\/caffeonline.aclas.io\/fr\/wp-json\/wp\/v2\/media\/10988"}],"wp:attachment":[{"href":"https:\/\/caffeonline.aclas.io\/fr\/wp-json\/wp\/v2\/media?parent=132548719"}],"wp:term":[{"taxonomy":"product_brand","embeddable":true,"href":"https:\/\/caffeonline.aclas.io\/fr\/wp-json\/wp\/v2\/product_brand?post=132548719"},{"taxonomy":"product_cat","embeddable":true,"href":"https:\/\/caffeonline.aclas.io\/fr\/wp-json\/wp\/v2\/product_cat?post=132548719"},{"taxonomy":"product_tag","embeddable":true,"href":"https:\/\/caffeonline.aclas.io\/fr\/wp-json\/wp\/v2\/product_tag?post=132548719"}],"curies":[{"name":"wp","href":"https:\/\/api.w.org\/{rel}","templated":true}]}}