{"id":132548717,"date":"2024-04-10T22:13:29","date_gmt":"2024-04-10T20:13:29","guid":{"rendered":"https:\/\/caffeonline.ch\/produkt\/cecchetto-grains-de-cafe-espresso-forte\/"},"modified":"2025-12-28T18:21:06","modified_gmt":"2025-12-28T17:21:06","slug":"cecchetto-grains-de-cafe-espresso-forte","status":"publish","type":"product","link":"https:\/\/caffeonline.aclas.io\/fr\/produkt\/cecchetto-grains-de-cafe-espresso-forte\/","title":{"rendered":"Cecchetto &#8211; Grains de caf\u00e9 Espresso Forte"},"content":{"rendered":"","protected":false},"excerpt":{"rendered":"<p><strong>Intense et cors\u00e9<br \/>\n<\/strong> Un espresso intense et cr\u00e9meux avec une arri\u00e8re-bouche \u00e9quilibr\u00e9e et persistante.<\/p>\n<p>Un m\u00e9lange de la plus haute qualit\u00e9 compos\u00e9 de grains de caf\u00e9 Robusta s\u00e9lectionn\u00e9s du Sud-Est asiatique et de grains de caf\u00e9 Arabica tri\u00e9s sur le volet d&rsquo;Am\u00e9rique centrale et du Sud, donnant naissance \u00e0 la saveur classique de l&rsquo;espresso. L&rsquo;ar\u00f4me puissant offre au palais une exp\u00e9rience gustative exceptionnelle !<\/p>\n","protected":false},"featured_media":132548718,"comment_status":"open","ping_status":"closed","template":"","meta":{"_relevanssi_hide_post":"","_relevanssi_hide_content":"","_relevanssi_pin_for_all":"","_relevanssi_pin_keywords":"","_relevanssi_unpin_keywords":"","_relevanssi_related_keywords":"","_relevanssi_related_include_ids":"","_relevanssi_related_exclude_ids":"","_relevanssi_related_no_append":"","_relevanssi_related_not_related":"","_relevanssi_related_posts":"","_relevanssi_noindex_reason":""},"product_brand":[],"product_cat":[355],"product_tag":[],"class_list":{"0":"post-132548717","1":"product","2":"type-product","3":"status-publish","4":"has-post-thumbnail","6":"product_cat-grains-de-cafe","7":"pa_brand-cecchetto-fr","8":"has-subscription-plans","10":"first","11":"instock","12":"taxable","13":"shipping-taxable","14":"purchasable","15":"product-type-simple"},"batches":[{"id":"670","date_created":"2024-09-18 14:39:24","date_expiry":"2026-05-31 00:00:00","user_id":"2","batch_number":"","supplier":"","location":"Schlieren","quantity":"12.0000","quantity_available":"0.0000","units":"1","status":"archived","order_ids":"[15710,15714,17150]","po":null},{"id":"1049","date_created":"2024-11-16 11:04:24","date_expiry":"2026-05-31 00:00:00","user_id":"1","batch_number":"","supplier":"","location":"","quantity":"6.0000","quantity_available":"0.0000","units":"1","status":"archived","order_ids":"[17150,132545859,132547022,132547116,132547221]","po":null},{"id":"1232","date_created":"2024-12-18 10:10:31","date_expiry":"2026-05-30 00:00:00","user_id":"2","batch_number":"","supplier":"","location":"","quantity":"6.0000","quantity_available":"0.0000","units":"1","status":"archived","order_ids":"[132546491]","po":null},{"id":"1345","date_created":"2025-01-17 06:45:50","date_expiry":"2026-10-31 00:00:00","user_id":"2","batch_number":"","supplier":"","location":"","quantity":"18.0000","quantity_available":"0.0000","units":"1","status":"archived","order_ids":"[132546494,132547221,132547233,132547437,132547571,132548114]","po":null},{"id":"1793","date_created":"2025-04-08 17:13:07","date_expiry":"2026-12-30 00:00:00","user_id":"2","batch_number":"","supplier":"","location":"","quantity":"6.0000","quantity_available":"0.0000","units":"1","status":"archived","order_ids":"[132548114,132548234]","po":null},{"id":"2546","date_created":"2025-10-24 17:24:08","date_expiry":"2027-06-30 00:00:00","user_id":"2","batch_number":"","supplier":"","location":"","quantity":"6.0000","quantity_available":"0.0000","units":"1","status":"archived","order_ids":"[132551715,132552369,132552679,132552712]","po":null},{"id":"2671","date_created":"2025-11-07 13:01:59","date_expiry":"2027-09-30 00:00:00","user_id":"2","batch_number":"","supplier":"","location":"","quantity":"13.0000","quantity_available":"7.0000","units":"1","status":"active","order_ids":"[132552712,132554102]","po":null}],"_links":{"self":[{"href":"https:\/\/caffeonline.aclas.io\/fr\/wp-json\/wp\/v2\/product\/132548717","targetHints":{"allow":["GET"]}}],"collection":[{"href":"https:\/\/caffeonline.aclas.io\/fr\/wp-json\/wp\/v2\/product"}],"about":[{"href":"https:\/\/caffeonline.aclas.io\/fr\/wp-json\/wp\/v2\/types\/product"}],"replies":[{"embeddable":true,"href":"https:\/\/caffeonline.aclas.io\/fr\/wp-json\/wp\/v2\/comments?post=132548717"}],"wp:featuredmedia":[{"embeddable":true,"href":"https:\/\/caffeonline.aclas.io\/fr\/wp-json\/wp\/v2\/media\/132548718"}],"wp:attachment":[{"href":"https:\/\/caffeonline.aclas.io\/fr\/wp-json\/wp\/v2\/media?parent=132548717"}],"wp:term":[{"taxonomy":"product_brand","embeddable":true,"href":"https:\/\/caffeonline.aclas.io\/fr\/wp-json\/wp\/v2\/product_brand?post=132548717"},{"taxonomy":"product_cat","embeddable":true,"href":"https:\/\/caffeonline.aclas.io\/fr\/wp-json\/wp\/v2\/product_cat?post=132548717"},{"taxonomy":"product_tag","embeddable":true,"href":"https:\/\/caffeonline.aclas.io\/fr\/wp-json\/wp\/v2\/product_tag?post=132548717"}],"curies":[{"name":"wp","href":"https:\/\/api.w.org\/{rel}","templated":true}]}}