{"id":132548708,"date":"2024-04-10T22:13:40","date_gmt":"2024-04-10T20:13:40","guid":{"rendered":"https:\/\/caffeonline.ch\/produkt\/caffe-borbone-capsules-melange-noir-2\/"},"modified":"2025-08-31T10:20:16","modified_gmt":"2025-08-31T08:20:16","slug":"caffe-borbone-capsules-melange-noir-2","status":"publish","type":"product","link":"https:\/\/caffeonline.aclas.io\/fr\/produkt\/caffe-borbone-capsules-melange-noir-2\/","title":{"rendered":"Caff\u00e8 Borbone &#8211; Capsules M\u00e9lange Noir"},"content":{"rendered":"","protected":false},"excerpt":{"rendered":"<p><strong>Compatible avec les machines Nespresso\u00ae* \u00e0 usage domestique.<\/strong> <u>M\u00e9lange noir : intense et robuste.<\/u><\/p>\n<p>Les <strong>capsules compatibles Respresso M\u00e9lange Noir<\/strong> sont le choix id\u00e9al pour ceux qui d\u00e9sirent un caf\u00e9 cr\u00e9meux comme au bar, avec un go\u00fbt intense et un ar\u00f4me prononc\u00e9.<\/p>\n<p>Savourez l&rsquo;ar\u00f4me et le corps de l&rsquo;espresso le plus authentique, aussi bon qu&rsquo;\u00e0 Naples.<\/p>\n","protected":false},"featured_media":132548711,"comment_status":"open","ping_status":"closed","template":"","meta":{"_relevanssi_hide_post":"","_relevanssi_hide_content":"","_relevanssi_pin_for_all":"","_relevanssi_pin_keywords":"","_relevanssi_unpin_keywords":"","_relevanssi_related_keywords":"","_relevanssi_related_include_ids":"","_relevanssi_related_exclude_ids":"","_relevanssi_related_no_append":"","_relevanssi_related_not_related":"","_relevanssi_related_posts":"","_relevanssi_noindex_reason":""},"product_brand":[],"product_cat":[359,365],"product_tag":[],"class_list":{"0":"post-132548708","1":"product","2":"type-product","3":"status-publish","4":"has-post-thumbnail","6":"product_cat-capsules","7":"product_cat-systeme-nespresso","8":"pa_brand-caffe-borbone-fr","9":"has-subscription-plans","11":"first","12":"instock","13":"sale","14":"taxable","15":"shipping-taxable","16":"purchasable","17":"product-type-variable"},"batches":[],"_links":{"self":[{"href":"https:\/\/caffeonline.aclas.io\/fr\/wp-json\/wp\/v2\/product\/132548708","targetHints":{"allow":["GET"]}}],"collection":[{"href":"https:\/\/caffeonline.aclas.io\/fr\/wp-json\/wp\/v2\/product"}],"about":[{"href":"https:\/\/caffeonline.aclas.io\/fr\/wp-json\/wp\/v2\/types\/product"}],"replies":[{"embeddable":true,"href":"https:\/\/caffeonline.aclas.io\/fr\/wp-json\/wp\/v2\/comments?post=132548708"}],"wp:featuredmedia":[{"embeddable":true,"href":"https:\/\/caffeonline.aclas.io\/fr\/wp-json\/wp\/v2\/media\/132548711"}],"wp:attachment":[{"href":"https:\/\/caffeonline.aclas.io\/fr\/wp-json\/wp\/v2\/media?parent=132548708"}],"wp:term":[{"taxonomy":"product_brand","embeddable":true,"href":"https:\/\/caffeonline.aclas.io\/fr\/wp-json\/wp\/v2\/product_brand?post=132548708"},{"taxonomy":"product_cat","embeddable":true,"href":"https:\/\/caffeonline.aclas.io\/fr\/wp-json\/wp\/v2\/product_cat?post=132548708"},{"taxonomy":"product_tag","embeddable":true,"href":"https:\/\/caffeonline.aclas.io\/fr\/wp-json\/wp\/v2\/product_tag?post=132548708"}],"curies":[{"name":"wp","href":"https:\/\/api.w.org\/{rel}","templated":true}]}}