{"id":132548705,"date":"2024-04-10T22:13:39","date_gmt":"2024-04-10T20:13:39","guid":{"rendered":"https:\/\/caffeonline.ch\/produkt\/lavazza-blue-lb-1150-classy\/"},"modified":"2024-04-10T22:13:39","modified_gmt":"2024-04-10T20:13:39","slug":"lavazza-blue-lb-1150-classy","status":"publish","type":"product","link":"https:\/\/caffeonline.aclas.io\/fr\/produkt\/lavazza-blue-lb-1150-classy\/","title":{"rendered":"Lavazza &#8211; BLUE &#8211; LB 1150 Classy"},"content":{"rendered":"","protected":false},"excerpt":{"rendered":"<p><strong>Lavazza Classy<\/strong>, caf\u00e9 pour tous les go\u00fbts : 4 r\u00e9glages diff\u00e9rents dans une machine qui allie design, praticit\u00e9 et technologie.<\/p>\n<p><strong>Parfaite pour tous les espaces<\/strong> : une machine \u00e0 caf\u00e9 compacte, l\u00e9g\u00e8re et facile \u00e0 utiliser, adapt\u00e9e \u00e0 votre cuisine, votre bureau ou votre chambre d&rsquo;h\u00f4tel. Pr\u00e9parez votre boisson pr\u00e9f\u00e9r\u00e9e en toute simplicit\u00e9 en s\u00e9lectionnant l&rsquo;une des 4 options de caf\u00e9 &#8211; automatique et programmable.<\/p>\n","protected":false},"featured_media":10664,"comment_status":"open","ping_status":"closed","template":"","meta":{"_relevanssi_hide_post":"","_relevanssi_hide_content":"","_relevanssi_pin_for_all":"","_relevanssi_pin_keywords":"","_relevanssi_unpin_keywords":"","_relevanssi_related_keywords":"","_relevanssi_related_include_ids":"","_relevanssi_related_exclude_ids":"","_relevanssi_related_no_append":"","_relevanssi_related_not_related":"","_relevanssi_related_posts":"","_relevanssi_noindex_reason":""},"product_brand":[],"product_cat":[695,357],"product_tag":[],"class_list":{"0":"post-132548705","1":"product","2":"type-product","3":"status-publish","4":"has-post-thumbnail","6":"product_cat-lavazza-blue-fr","7":"product_cat-machines-a-cafe","8":"pa_brand-lavazza-fr","9":"pa_kaffeemenge-programmable","10":"pa_leistung-1455-watts","11":"pa_pumpendruck-environ-15-bars","12":"pa_pumpentyp-pompe-a-vibration","13":"pa_stromversorgung-230v-fr","14":"pa_wassertank-capacite-en-eau-de-18-litre","16":"first","17":"instock","18":"taxable","19":"shipping-taxable","20":"purchasable","21":"product-type-simple"},"batches":[{"id":"740","date_created":"2024-10-20 06:43:48","date_expiry":null,"user_id":"559","batch_number":"","supplier":"","location":"S","quantity":"1.0000","quantity_available":"0.0000","units":"1","status":"archived","order_ids":"[16028]","po":null},{"id":"1376","date_created":"2025-01-21 17:06:05","date_expiry":null,"user_id":"559","batch_number":"","supplier":"","location":"","quantity":"2.0000","quantity_available":"0.0000","units":"1","status":"archived","order_ids":"[132546966,132552704]","po":null},{"id":"3269","date_created":"2026-03-05 16:00:29","date_expiry":null,"user_id":"2","batch_number":"","supplier":"","location":"","quantity":"1.0000","quantity_available":"1.0000","units":"1","status":"active","order_ids":null,"po":null}],"_links":{"self":[{"href":"https:\/\/caffeonline.aclas.io\/fr\/wp-json\/wp\/v2\/product\/132548705","targetHints":{"allow":["GET"]}}],"collection":[{"href":"https:\/\/caffeonline.aclas.io\/fr\/wp-json\/wp\/v2\/product"}],"about":[{"href":"https:\/\/caffeonline.aclas.io\/fr\/wp-json\/wp\/v2\/types\/product"}],"replies":[{"embeddable":true,"href":"https:\/\/caffeonline.aclas.io\/fr\/wp-json\/wp\/v2\/comments?post=132548705"}],"wp:featuredmedia":[{"embeddable":true,"href":"https:\/\/caffeonline.aclas.io\/fr\/wp-json\/wp\/v2\/media\/10664"}],"wp:attachment":[{"href":"https:\/\/caffeonline.aclas.io\/fr\/wp-json\/wp\/v2\/media?parent=132548705"}],"wp:term":[{"taxonomy":"product_brand","embeddable":true,"href":"https:\/\/caffeonline.aclas.io\/fr\/wp-json\/wp\/v2\/product_brand?post=132548705"},{"taxonomy":"product_cat","embeddable":true,"href":"https:\/\/caffeonline.aclas.io\/fr\/wp-json\/wp\/v2\/product_cat?post=132548705"},{"taxonomy":"product_tag","embeddable":true,"href":"https:\/\/caffeonline.aclas.io\/fr\/wp-json\/wp\/v2\/product_tag?post=132548705"}],"curies":[{"name":"wp","href":"https:\/\/api.w.org\/{rel}","templated":true}]}}