{"id":132548662,"date":"2024-04-10T22:13:39","date_gmt":"2024-04-10T20:13:39","guid":{"rendered":"https:\/\/caffeonline.ch\/produkt\/caffe-borbone-capsules-cortado\/"},"modified":"2024-04-10T22:13:39","modified_gmt":"2024-04-10T20:13:39","slug":"caffe-borbone-capsules-cortado","status":"publish","type":"product","link":"https:\/\/caffeonline.aclas.io\/fr\/produkt\/caffe-borbone-capsules-cortado\/","title":{"rendered":"Caff\u00e8 Borbone &#8211; Capsules Cortado"},"content":{"rendered":"","protected":false},"excerpt":{"rendered":"<p><strong>Capsules compatibles avec les machines Nespresso\u00ae* \u00e0 usage domestique.<\/strong><\/p>\n<p>D\u00e9gustez au <strong>petit-d\u00e9jeuner<\/strong> ou pour vous accorder une <strong>courte pause<\/strong> les capsules Borbone Cortado : un d\u00e9licieux macchiato, aussi savoureux qu&rsquo;au caf\u00e9 et pr\u00eat en un instant.<\/p>\n","protected":false},"featured_media":10968,"comment_status":"open","ping_status":"closed","template":"","meta":{"_relevanssi_hide_post":"","_relevanssi_hide_content":"","_relevanssi_pin_for_all":"","_relevanssi_pin_keywords":"","_relevanssi_unpin_keywords":"","_relevanssi_related_keywords":"","_relevanssi_related_include_ids":"","_relevanssi_related_exclude_ids":"","_relevanssi_related_no_append":"","_relevanssi_related_not_related":"","_relevanssi_related_posts":"","_relevanssi_noindex_reason":""},"product_brand":[],"product_cat":[354,359,648,365],"product_tag":[],"class_list":{"0":"post-132548662","1":"product","2":"type-product","3":"status-publish","4":"has-post-thumbnail","6":"product_cat-boissons-chaudes","7":"product_cat-capsules","8":"product_cat-offres-speciales","9":"product_cat-systeme-nespresso","10":"pa_brand-caffe-borbone-fr","11":"has-subscription-plans","13":"first","14":"outofstock","15":"sale","16":"taxable","17":"shipping-taxable","18":"purchasable","19":"product-type-simple"},"batches":[{"id":"690","date_created":"2024-09-24 12:24:51","date_expiry":"2026-01-31 00:00:00","user_id":"559","batch_number":"","supplier":"","location":"S","quantity":"18.0000","quantity_available":"0.0000","units":"1","status":"archived","order_ids":"[132546528,132546684,132548092,132549963,132550175]","po":null}],"_links":{"self":[{"href":"https:\/\/caffeonline.aclas.io\/fr\/wp-json\/wp\/v2\/product\/132548662","targetHints":{"allow":["GET"]}}],"collection":[{"href":"https:\/\/caffeonline.aclas.io\/fr\/wp-json\/wp\/v2\/product"}],"about":[{"href":"https:\/\/caffeonline.aclas.io\/fr\/wp-json\/wp\/v2\/types\/product"}],"replies":[{"embeddable":true,"href":"https:\/\/caffeonline.aclas.io\/fr\/wp-json\/wp\/v2\/comments?post=132548662"}],"wp:featuredmedia":[{"embeddable":true,"href":"https:\/\/caffeonline.aclas.io\/fr\/wp-json\/wp\/v2\/media\/10968"}],"wp:attachment":[{"href":"https:\/\/caffeonline.aclas.io\/fr\/wp-json\/wp\/v2\/media?parent=132548662"}],"wp:term":[{"taxonomy":"product_brand","embeddable":true,"href":"https:\/\/caffeonline.aclas.io\/fr\/wp-json\/wp\/v2\/product_brand?post=132548662"},{"taxonomy":"product_cat","embeddable":true,"href":"https:\/\/caffeonline.aclas.io\/fr\/wp-json\/wp\/v2\/product_cat?post=132548662"},{"taxonomy":"product_tag","embeddable":true,"href":"https:\/\/caffeonline.aclas.io\/fr\/wp-json\/wp\/v2\/product_tag?post=132548662"}],"curies":[{"name":"wp","href":"https:\/\/api.w.org\/{rel}","templated":true}]}}