{"id":132548657,"date":"2024-04-10T22:13:40","date_gmt":"2024-04-10T20:13:40","guid":{"rendered":"https:\/\/caffeonline.ch\/produkt\/quarta-caffe-capsules-espresso\/"},"modified":"2026-01-08T11:47:39","modified_gmt":"2026-01-08T10:47:39","slug":"quarta-caffe-capsules-espresso","status":"publish","type":"product","link":"https:\/\/caffeonline.aclas.io\/fr\/produkt\/quarta-caffe-capsules-espresso\/","title":{"rendered":"Quarta Caff\u00e8 &#8211; Capsules Espresso"},"content":{"rendered":"","protected":false},"excerpt":{"rendered":"<p>Les capsules Quarta Caff\u00e8 sont 100% v\u00e9g\u00e9tales et compostables, fabriqu\u00e9es \u00e0 partir de fibres v\u00e9g\u00e9tales, d&rsquo;amidon, de prot\u00e9ines, de lipides et d&rsquo;additifs naturels. Par cons\u00e9quent, les capsules usag\u00e9es peuvent \u00eatre \u00e9limin\u00e9es dans la collecte des d\u00e9chets organiques. Elles sont certifi\u00e9es par l&rsquo;organisme de certification TUV Austria OK COMPOST. Le m\u00e9lange de caf\u00e9s Arabica et Robusta s\u00e9lectionn\u00e9s est soigneusement choisi pour obtenir un go\u00fbt intense et aromatique. Chaque capsule contient la quantit\u00e9 appropri\u00e9e de caf\u00e9 moulu pour obtenir un excellent r\u00e9sultat dans la tasse. Compatible avec les machines \u00e0 caf\u00e9 *Nespresso\u00ae.<\/p>\n<ul>\n<li><strong>Notes aromatiques :<\/strong> Chocolat noir, caramel et sucre de canne<\/li>\n<li><strong>Corps :<\/strong> 4\/4<\/li>\n<li><strong>Douceur :<\/strong> 2\/4<\/li>\n<li><strong>Amertume :<\/strong> 2\/4<\/li>\n<li><strong>Acidit\u00e9 :<\/strong> 2\/4<\/li>\n<li><strong>Durabilit\u00e9 :<\/strong> 4\/4<\/li>\n<\/ul>\n","protected":false},"featured_media":10874,"comment_status":"open","ping_status":"closed","template":"","meta":{"_relevanssi_hide_post":"","_relevanssi_hide_content":"","_relevanssi_pin_for_all":"","_relevanssi_pin_keywords":"","_relevanssi_unpin_keywords":"","_relevanssi_related_keywords":"","_relevanssi_related_include_ids":"","_relevanssi_related_exclude_ids":"","_relevanssi_related_no_append":"","_relevanssi_related_not_related":"","_relevanssi_related_posts":"","_relevanssi_noindex_reason":""},"product_brand":[],"product_cat":[359,365],"product_tag":[],"class_list":{"0":"post-132548657","1":"product","2":"type-product","3":"status-publish","4":"has-post-thumbnail","6":"product_cat-capsules","7":"product_cat-systeme-nespresso","8":"pa_brand-quarta-caffe-fr","9":"has-subscription-plans","11":"first","12":"instock","13":"sale","14":"taxable","15":"shipping-taxable","16":"purchasable","17":"product-type-variable"},"batches":[{"id":"2203","date_created":"2025-08-22 08:00:05","date_expiry":"0000-00-00 00:00:00","user_id":"2","batch_number":"","supplier":"","location":"","quantity":"0.0000","quantity_available":"0.0000","units":"1","status":"archived","order_ids":null,"po":null}],"_links":{"self":[{"href":"https:\/\/caffeonline.aclas.io\/fr\/wp-json\/wp\/v2\/product\/132548657","targetHints":{"allow":["GET"]}}],"collection":[{"href":"https:\/\/caffeonline.aclas.io\/fr\/wp-json\/wp\/v2\/product"}],"about":[{"href":"https:\/\/caffeonline.aclas.io\/fr\/wp-json\/wp\/v2\/types\/product"}],"replies":[{"embeddable":true,"href":"https:\/\/caffeonline.aclas.io\/fr\/wp-json\/wp\/v2\/comments?post=132548657"}],"wp:featuredmedia":[{"embeddable":true,"href":"https:\/\/caffeonline.aclas.io\/fr\/wp-json\/wp\/v2\/media\/10874"}],"wp:attachment":[{"href":"https:\/\/caffeonline.aclas.io\/fr\/wp-json\/wp\/v2\/media?parent=132548657"}],"wp:term":[{"taxonomy":"product_brand","embeddable":true,"href":"https:\/\/caffeonline.aclas.io\/fr\/wp-json\/wp\/v2\/product_brand?post=132548657"},{"taxonomy":"product_cat","embeddable":true,"href":"https:\/\/caffeonline.aclas.io\/fr\/wp-json\/wp\/v2\/product_cat?post=132548657"},{"taxonomy":"product_tag","embeddable":true,"href":"https:\/\/caffeonline.aclas.io\/fr\/wp-json\/wp\/v2\/product_tag?post=132548657"}],"curies":[{"name":"wp","href":"https:\/\/api.w.org\/{rel}","templated":true}]}}