{"id":132548640,"date":"2024-04-10T22:13:41","date_gmt":"2024-04-10T20:13:41","guid":{"rendered":"https:\/\/caffeonline.ch\/produkt\/caffe-borbone-capsules-melange-bleu\/"},"modified":"2024-04-10T22:13:41","modified_gmt":"2024-04-10T20:13:41","slug":"caffe-borbone-capsules-melange-bleu","status":"publish","type":"product","link":"https:\/\/caffeonline.aclas.io\/fr\/produkt\/caffe-borbone-capsules-melange-bleu\/","title":{"rendered":"Caff\u00e8 Borbone &#8211; Capsules M\u00e9lange Bleu"},"content":{"rendered":"","protected":false},"excerpt":{"rendered":"<table border=\"0\">\n<tbody>\n<tr>\n<td style=\"width: 65%\">Ce m\u00e9lange soigneusement s\u00e9lectionn\u00e9 offre la combinaison parfaite de corps, de persistance et de douceur. Le M\u00e9lange Bleu se distingue par son go\u00fbt raffin\u00e9, son caract\u00e8re robuste et son ar\u00f4me intense.<\/td>\n<td style=\"width: 35%\"><img decoding=\"async\" src=\"https:\/\/caffeonline.aclas.io\/wp-content\/uploads\/2024\/05\/borbone-blu.png\"><\/td>\n<\/tr>\n<\/tbody>\n<\/table>\n","protected":false},"featured_media":132548642,"comment_status":"open","ping_status":"closed","template":"","meta":{"_relevanssi_hide_post":"","_relevanssi_hide_content":"","_relevanssi_pin_for_all":"","_relevanssi_pin_keywords":"","_relevanssi_unpin_keywords":"","_relevanssi_related_keywords":"","_relevanssi_related_include_ids":"","_relevanssi_related_exclude_ids":"","_relevanssi_related_no_append":"","_relevanssi_related_not_related":"","_relevanssi_related_posts":"","_relevanssi_noindex_reason":""},"product_brand":[],"product_cat":[359,361],"product_tag":[673],"class_list":{"0":"post-132548640","1":"product","2":"type-product","3":"status-publish","4":"has-post-thumbnail","6":"product_cat-capsules","7":"product_cat-systeme-lavazza-a-modo-mio","8":"product_tag-don-carlo-fr","9":"pa_brand-caffe-borbone-fr","10":"has-subscription-plans","12":"first","13":"instock","14":"taxable","15":"shipping-taxable","16":"purchasable","17":"product-type-simple"},"batches":[{"id":"402","date_created":"2024-04-09 10:19:15","date_expiry":"2025-12-31 00:00:00","user_id":"559","batch_number":"","supplier":"","location":"","quantity":"5.0000","quantity_available":"0.0000","units":"1","status":"archived","order_ids":"[16091,16610,17267]","po":null},{"id":"1283","date_created":"2024-12-31 14:34:27","date_expiry":"2026-07-31 00:00:00","user_id":"559","batch_number":"","supplier":"","location":"","quantity":"4.0000","quantity_available":"0.0000","units":"1","status":"archived","order_ids":"[132546253,132546602,132546632]","po":null},{"id":"1444","date_created":"2025-02-04 09:02:14","date_expiry":"2027-01-31 00:00:00","user_id":"559","batch_number":"","supplier":"","location":"","quantity":"1.0000","quantity_available":"0.0000","units":"1","status":"archived","order_ids":"[132546742,132547750]","po":null},{"id":"1803","date_created":"2025-04-10 09:29:10","date_expiry":"2026-07-30 00:00:00","user_id":"559","batch_number":"","supplier":"","location":"","quantity":"6.0000","quantity_available":"0.0000","units":"1","status":"archived","order_ids":"[132549432,132550011,132550226,132550876,132551111]","po":null},{"id":"2327","date_created":"2025-09-03 10:02:52","date_expiry":"2027-03-30 00:00:00","user_id":"2","batch_number":"","supplier":"","location":"","quantity":"1.0000","quantity_available":"0.0000","units":"1","status":"archived","order_ids":"[132551111]","po":null},{"id":"2705","date_created":"2025-11-10 14:56:03","date_expiry":"2027-10-30 00:00:00","user_id":"2","batch_number":"","supplier":"","location":"","quantity":"20.0000","quantity_available":"11.0000","units":"1","status":"active","order_ids":"[132552053,132552316,132553311,132553575]","po":null}],"_links":{"self":[{"href":"https:\/\/caffeonline.aclas.io\/fr\/wp-json\/wp\/v2\/product\/132548640","targetHints":{"allow":["GET"]}}],"collection":[{"href":"https:\/\/caffeonline.aclas.io\/fr\/wp-json\/wp\/v2\/product"}],"about":[{"href":"https:\/\/caffeonline.aclas.io\/fr\/wp-json\/wp\/v2\/types\/product"}],"replies":[{"embeddable":true,"href":"https:\/\/caffeonline.aclas.io\/fr\/wp-json\/wp\/v2\/comments?post=132548640"}],"wp:featuredmedia":[{"embeddable":true,"href":"https:\/\/caffeonline.aclas.io\/fr\/wp-json\/wp\/v2\/media\/132548642"}],"wp:attachment":[{"href":"https:\/\/caffeonline.aclas.io\/fr\/wp-json\/wp\/v2\/media?parent=132548640"}],"wp:term":[{"taxonomy":"product_brand","embeddable":true,"href":"https:\/\/caffeonline.aclas.io\/fr\/wp-json\/wp\/v2\/product_brand?post=132548640"},{"taxonomy":"product_cat","embeddable":true,"href":"https:\/\/caffeonline.aclas.io\/fr\/wp-json\/wp\/v2\/product_cat?post=132548640"},{"taxonomy":"product_tag","embeddable":true,"href":"https:\/\/caffeonline.aclas.io\/fr\/wp-json\/wp\/v2\/product_tag?post=132548640"}],"curies":[{"name":"wp","href":"https:\/\/api.w.org\/{rel}","templated":true}]}}