{"id":132548611,"date":"2024-04-10T22:13:43","date_gmt":"2024-04-10T20:13:43","guid":{"rendered":"https:\/\/caffeonline.ch\/produkt\/caffe-toraldo-grains-de-cafe-super-bar-n-40-bluette\/"},"modified":"2024-04-10T22:13:43","modified_gmt":"2024-04-10T20:13:43","slug":"caffe-toraldo-grains-de-cafe-super-bar-n-40-bluette","status":"publish","type":"product","link":"https:\/\/caffeonline.aclas.io\/fr\/produkt\/caffe-toraldo-grains-de-cafe-super-bar-n-40-bluette\/","title":{"rendered":"Caff\u00e8 Toraldo &#8211; Grains de caf\u00e9 Super Bar N.40 Bluette"},"content":{"rendered":"","protected":false},"excerpt":{"rendered":"<p><strong>Combinaison exquise de grains d&rsquo;Arabica et de Robusta dans un rapport de 60:40.<\/strong><\/p>\n<p>Un m\u00e9lange unique, caract\u00e9ris\u00e9 par l&rsquo;union des meilleurs caf\u00e9s d&rsquo;Am\u00e9rique centrale, lui conf\u00e9rant des ar\u00f4mes et une saveur exceptionnels.<\/p>\n","protected":false},"featured_media":11332,"comment_status":"open","ping_status":"closed","template":"","meta":{"_relevanssi_hide_post":"","_relevanssi_hide_content":"","_relevanssi_pin_for_all":"","_relevanssi_pin_keywords":"","_relevanssi_unpin_keywords":"","_relevanssi_related_keywords":"","_relevanssi_related_include_ids":"","_relevanssi_related_exclude_ids":"","_relevanssi_related_no_append":"","_relevanssi_related_not_related":"","_relevanssi_related_posts":"","_relevanssi_noindex_reason":""},"product_brand":[],"product_cat":[355],"product_tag":[],"class_list":{"0":"post-132548611","1":"product","2":"type-product","3":"status-publish","4":"has-post-thumbnail","6":"product_cat-grains-de-cafe","7":"pa_brand-caffe-toraldo-fr","8":"has-subscription-plans","10":"first","11":"instock","12":"taxable","13":"shipping-taxable","14":"purchasable","15":"product-type-simple"},"batches":[{"id":"157","date_created":"2024-03-09 17:20:09","date_expiry":"2026-05-31 00:00:00","user_id":"559","batch_number":"","supplier":"","location":"","quantity":"6.0000","quantity_available":"0.0000","units":"1","status":"archived","order_ids":"[14445,14931,15742,16028]","po":null},{"id":"1226","date_created":"2024-12-17 09:22:23","date_expiry":"2026-05-30 00:00:00","user_id":"559","batch_number":"","supplier":"","location":"","quantity":"5.0000","quantity_available":"0.0000","units":"1","status":"archived","order_ids":"[132545859,132546029,132546569,132547262]","po":null},{"id":"1227","date_created":"2024-12-17 09:22:43","date_expiry":"2026-11-30 00:00:00","user_id":"559","batch_number":"","supplier":"","location":"","quantity":"30.0000","quantity_available":"0.0000","units":"1","status":"archived","order_ids":"[132549240,132549604,132549679,132549740,132549822,132550018]","po":null},{"id":"2605","date_created":"2025-10-28 14:43:32","date_expiry":null,"user_id":"1","batch_number":"","supplier":"","location":"","quantity":"12.0000","quantity_available":"0.0000","units":"1","status":"archived","order_ids":"[132551770]","po":null},{"id":"2639","date_created":"2025-10-30 16:52:13","date_expiry":"2027-09-30 00:00:00","user_id":"2","batch_number":"","supplier":"","location":"","quantity":"12.0000","quantity_available":"0.0000","units":"1","status":"archived","order_ids":"[132552044,132552126,132552159]","po":null},{"id":"2722","date_created":"2025-11-18 16:53:59","date_expiry":"2027-09-30 00:00:00","user_id":"2","batch_number":"","supplier":"","location":"","quantity":"12.0000","quantity_available":"0.0000","units":"1","status":"archived","order_ids":"[132552159,132552233,132552343]","po":null},{"id":"2818","date_created":"2025-12-09 11:41:01","date_expiry":"2027-10-30 00:00:00","user_id":"2","batch_number":"","supplier":"","location":"","quantity":"30.0000","quantity_available":"0.0000","units":"1","status":"archived","order_ids":"[132552462,132552614,132552793,132552822,132552865,132553186]","po":null},{"id":"3106","date_created":"2026-02-04 16:22:59","date_expiry":"2027-12-30 00:00:00","user_id":"2","batch_number":"","supplier":"","location":"","quantity":"60.0000","quantity_available":"42.0000","units":"1","status":"active","order_ids":"[132553337,132553462,132553528,132553707,132553734]","po":null}],"_links":{"self":[{"href":"https:\/\/caffeonline.aclas.io\/fr\/wp-json\/wp\/v2\/product\/132548611","targetHints":{"allow":["GET"]}}],"collection":[{"href":"https:\/\/caffeonline.aclas.io\/fr\/wp-json\/wp\/v2\/product"}],"about":[{"href":"https:\/\/caffeonline.aclas.io\/fr\/wp-json\/wp\/v2\/types\/product"}],"replies":[{"embeddable":true,"href":"https:\/\/caffeonline.aclas.io\/fr\/wp-json\/wp\/v2\/comments?post=132548611"}],"wp:featuredmedia":[{"embeddable":true,"href":"https:\/\/caffeonline.aclas.io\/fr\/wp-json\/wp\/v2\/media\/11332"}],"wp:attachment":[{"href":"https:\/\/caffeonline.aclas.io\/fr\/wp-json\/wp\/v2\/media?parent=132548611"}],"wp:term":[{"taxonomy":"product_brand","embeddable":true,"href":"https:\/\/caffeonline.aclas.io\/fr\/wp-json\/wp\/v2\/product_brand?post=132548611"},{"taxonomy":"product_cat","embeddable":true,"href":"https:\/\/caffeonline.aclas.io\/fr\/wp-json\/wp\/v2\/product_cat?post=132548611"},{"taxonomy":"product_tag","embeddable":true,"href":"https:\/\/caffeonline.aclas.io\/fr\/wp-json\/wp\/v2\/product_tag?post=132548611"}],"curies":[{"name":"wp","href":"https:\/\/api.w.org\/{rel}","templated":true}]}}