{"id":132548589,"date":"2024-05-25T14:36:34","date_gmt":"2024-05-25T12:36:34","guid":{"rendered":"https:\/\/caffeonline.ch\/produkt\/caffe-toraldo-capsules-caffe-e-ginseng\/"},"modified":"2024-05-25T14:36:34","modified_gmt":"2024-05-25T12:36:34","slug":"caffe-toraldo-capsules-caffe-e-ginseng","status":"publish","type":"product","link":"https:\/\/caffeonline.aclas.io\/fr\/produkt\/caffe-toraldo-capsules-caffe-e-ginseng\/","title":{"rendered":"Caff\u00e8 Toraldo \u2013 Capsules Caff\u00e8 e Ginseng"},"content":{"rendered":"","protected":false},"excerpt":{"rendered":"<p>Faites le plein d&rsquo;\u00e9nergie avec les <strong>capsules Caff\u00e8 e Ginseng<\/strong> de <strong>Caff\u00e8 Toraldo<\/strong>. Cette boisson allie le riche ar\u00f4me du caf\u00e9 aux propri\u00e9t\u00e9s \u00e9nergisantes du ginseng, offrant une pause caf\u00e9 qui revigore le corps et l&rsquo;esprit.<\/p>\n<p>Les <strong>capsules<\/strong> garantissent une <strong>pr\u00e9paration simple et rapide<\/strong>, vous permettant de savourer un caf\u00e9 au ginseng en quelques minutes.<\/p>\n","protected":false},"featured_media":13714,"comment_status":"open","ping_status":"closed","template":"","meta":{"_relevanssi_hide_post":"","_relevanssi_hide_content":"","_relevanssi_pin_for_all":"","_relevanssi_pin_keywords":"","_relevanssi_unpin_keywords":"","_relevanssi_related_keywords":"","_relevanssi_related_include_ids":"","_relevanssi_related_exclude_ids":"","_relevanssi_related_no_append":"","_relevanssi_related_not_related":"","_relevanssi_related_posts":"","_relevanssi_noindex_reason":""},"product_brand":[],"product_cat":[354,359,652,360],"product_tag":[],"class_list":{"0":"post-132548589","1":"product","2":"type-product","3":"status-publish","4":"has-post-thumbnail","6":"product_cat-boissons-chaudes","7":"product_cat-capsules","8":"product_cat-offres-speciales-fr","9":"product_cat-systeme-dolce-gusto","10":"pa_brand-caffe-toraldo-fr","11":"has-subscription-plans","13":"first","14":"outofstock","15":"sale","16":"taxable","17":"shipping-taxable","18":"purchasable","19":"product-type-simple"},"batches":[{"id":"480","date_created":"2024-05-25 09:04:02","date_expiry":"2025-09-01 00:00:00","user_id":"559","batch_number":"","supplier":"","location":"","quantity":"1.0000","quantity_available":"0.0000","units":"1","status":"archived","order_ids":"[15743,132546112]","po":null},{"id":"972","date_created":"2024-11-07 18:11:35","date_expiry":"2026-03-30 00:00:00","user_id":"559","batch_number":"","supplier":"","location":"","quantity":"4.0000","quantity_available":"0.0000","units":"1","status":"archived","order_ids":"[132546112,132547047,132549586]","po":null}],"_links":{"self":[{"href":"https:\/\/caffeonline.aclas.io\/fr\/wp-json\/wp\/v2\/product\/132548589","targetHints":{"allow":["GET"]}}],"collection":[{"href":"https:\/\/caffeonline.aclas.io\/fr\/wp-json\/wp\/v2\/product"}],"about":[{"href":"https:\/\/caffeonline.aclas.io\/fr\/wp-json\/wp\/v2\/types\/product"}],"replies":[{"embeddable":true,"href":"https:\/\/caffeonline.aclas.io\/fr\/wp-json\/wp\/v2\/comments?post=132548589"}],"wp:featuredmedia":[{"embeddable":true,"href":"https:\/\/caffeonline.aclas.io\/fr\/wp-json\/wp\/v2\/media\/13714"}],"wp:attachment":[{"href":"https:\/\/caffeonline.aclas.io\/fr\/wp-json\/wp\/v2\/media?parent=132548589"}],"wp:term":[{"taxonomy":"product_brand","embeddable":true,"href":"https:\/\/caffeonline.aclas.io\/fr\/wp-json\/wp\/v2\/product_brand?post=132548589"},{"taxonomy":"product_cat","embeddable":true,"href":"https:\/\/caffeonline.aclas.io\/fr\/wp-json\/wp\/v2\/product_cat?post=132548589"},{"taxonomy":"product_tag","embeddable":true,"href":"https:\/\/caffeonline.aclas.io\/fr\/wp-json\/wp\/v2\/product_tag?post=132548589"}],"curies":[{"name":"wp","href":"https:\/\/api.w.org\/{rel}","templated":true}]}}