{"id":132548584,"date":"2024-05-25T14:36:49","date_gmt":"2024-05-25T12:36:49","guid":{"rendered":"https:\/\/caffeonline.ch\/produkt\/caffe-toraldo-ese-pads-the-gingembre-et-citron\/"},"modified":"2026-03-17T18:51:40","modified_gmt":"2026-03-17T17:51:40","slug":"caffe-toraldo-ese-pads-the-gingembre-et-citron","status":"publish","type":"product","link":"https:\/\/caffeonline.aclas.io\/fr\/produkt\/caffe-toraldo-ese-pads-the-gingembre-et-citron\/","title":{"rendered":"Caff\u00e8 Toraldo \u2013 ESE Pads Th\u00e9 Gingembre et Citron"},"content":{"rendered":"","protected":false},"excerpt":{"rendered":"<p>D\u00e9couvrez le go\u00fbt \u00e9pic\u00e9 des <strong>ESE Pads T\u00e8 Zenzero e Limone<\/strong> de <strong>Caff\u00e8 Toraldo<\/strong>. Cette combinaison allie la chaleur du gingembre \u00e0 la fra\u00eecheur du citron, cr\u00e9ant ainsi une boisson stimulante et revigorante, parfaite pour une pause rafra\u00eechissante.<\/p>\n<p>Les <strong>ESE Pads<\/strong> garantissent une <strong>pr\u00e9paration simple et rapide<\/strong>, vous permettant de savourer une tasse de th\u00e9 \u00e9pic\u00e9 en quelques minutes.<\/p>\n","protected":false},"featured_media":13765,"comment_status":"open","ping_status":"closed","template":"","meta":{"_relevanssi_hide_post":"","_relevanssi_hide_content":"","_relevanssi_pin_for_all":"","_relevanssi_pin_keywords":"","_relevanssi_unpin_keywords":"","_relevanssi_related_keywords":"","_relevanssi_related_include_ids":"","_relevanssi_related_exclude_ids":"","_relevanssi_related_no_append":"","_relevanssi_related_not_related":"","_relevanssi_related_posts":"","_relevanssi_noindex_reason":""},"product_brand":[],"product_cat":[354,353,692,652],"product_tag":[],"class_list":{"0":"post-132548584","1":"product","2":"type-product","3":"status-publish","4":"has-post-thumbnail","6":"product_cat-boissons-chaudes","7":"product_cat-ese-pads-fr","8":"product_cat-nogalaxus-fr","9":"product_cat-offres-speciales-fr","10":"pa_brand-caffe-toraldo-fr","11":"has-subscription-plans","13":"first","14":"instock","15":"sale","16":"taxable","17":"shipping-taxable","18":"purchasable","19":"product-type-simple"},"batches":[{"id":"920","date_created":"2024-11-05 20:15:31","date_expiry":"2024-11-30 00:00:00","user_id":"559","batch_number":"","supplier":"","location":"","quantity":"8.0000","quantity_available":"7.0000","units":"1","status":"archived","order_ids":"[16083]","po":null},{"id":"1537","date_created":"2025-02-11 19:24:06","date_expiry":"2027-01-30 00:00:00","user_id":"559","batch_number":"","supplier":"","location":"","quantity":"15.0000","quantity_available":"0.0000","units":"1","status":"archived","order_ids":"[132546935,132546939,132550049,132550201,132550208,132550962,132551443,132551473,132552144,132552745]","po":null},{"id":"2505","date_created":"2025-10-21 09:29:37","date_expiry":"2028-01-01 00:00:00","user_id":"2","batch_number":"","supplier":"","location":"","quantity":"24.0000","quantity_available":"21.0000","units":"1","status":"active","order_ids":"[132554509]","po":null}],"_links":{"self":[{"href":"https:\/\/caffeonline.aclas.io\/fr\/wp-json\/wp\/v2\/product\/132548584","targetHints":{"allow":["GET"]}}],"collection":[{"href":"https:\/\/caffeonline.aclas.io\/fr\/wp-json\/wp\/v2\/product"}],"about":[{"href":"https:\/\/caffeonline.aclas.io\/fr\/wp-json\/wp\/v2\/types\/product"}],"replies":[{"embeddable":true,"href":"https:\/\/caffeonline.aclas.io\/fr\/wp-json\/wp\/v2\/comments?post=132548584"}],"wp:featuredmedia":[{"embeddable":true,"href":"https:\/\/caffeonline.aclas.io\/fr\/wp-json\/wp\/v2\/media\/13765"}],"wp:attachment":[{"href":"https:\/\/caffeonline.aclas.io\/fr\/wp-json\/wp\/v2\/media?parent=132548584"}],"wp:term":[{"taxonomy":"product_brand","embeddable":true,"href":"https:\/\/caffeonline.aclas.io\/fr\/wp-json\/wp\/v2\/product_brand?post=132548584"},{"taxonomy":"product_cat","embeddable":true,"href":"https:\/\/caffeonline.aclas.io\/fr\/wp-json\/wp\/v2\/product_cat?post=132548584"},{"taxonomy":"product_tag","embeddable":true,"href":"https:\/\/caffeonline.aclas.io\/fr\/wp-json\/wp\/v2\/product_tag?post=132548584"}],"curies":[{"name":"wp","href":"https:\/\/api.w.org\/{rel}","templated":true}]}}