{"id":132548583,"date":"2024-05-25T14:36:57","date_gmt":"2024-05-25T12:36:57","guid":{"rendered":"https:\/\/caffeonline.ch\/produkt\/caffe-toraldo-ese-pads-tisane-fraise-et-framboise\/"},"modified":"2024-05-25T14:36:57","modified_gmt":"2024-05-25T12:36:57","slug":"caffe-toraldo-ese-pads-tisane-fraise-et-framboise","status":"publish","type":"product","link":"https:\/\/caffeonline.aclas.io\/fr\/produkt\/caffe-toraldo-ese-pads-tisane-fraise-et-framboise\/","title":{"rendered":"Caff\u00e8 Toraldo \u2013 ESE Pads Tisane Fraise et Framboise"},"content":{"rendered":"","protected":false},"excerpt":{"rendered":"<p>Savourez le go\u00fbt doux et fruit\u00e9 des <strong>ESE Pads Tisane Fraise et Framboise<\/strong> de <strong>Caff\u00e8 Toraldo<\/strong>. Cette tisane allie la saveur riche des fraises et des framboises pour cr\u00e9er une boisson d\u00e9licieuse et rafra\u00eechissante, parfaite pour toute occasion.<\/p>\n<p>Les <strong>ESE Pads<\/strong> garantissent une <strong>pr\u00e9paration simple et rapide<\/strong>, vous permettant de d\u00e9guster une tasse de tisane fruit\u00e9e en quelques minutes.<\/p>\n","protected":false},"featured_media":13741,"comment_status":"open","ping_status":"closed","template":"","meta":{"_relevanssi_hide_post":"","_relevanssi_hide_content":"","_relevanssi_pin_for_all":"","_relevanssi_pin_keywords":"","_relevanssi_unpin_keywords":"","_relevanssi_related_keywords":"","_relevanssi_related_include_ids":"","_relevanssi_related_exclude_ids":"","_relevanssi_related_no_append":"","_relevanssi_related_not_related":"","_relevanssi_related_posts":"","_relevanssi_noindex_reason":""},"product_brand":[],"product_cat":[354,353,692,652],"product_tag":[],"class_list":{"0":"post-132548583","1":"product","2":"type-product","3":"status-publish","4":"has-post-thumbnail","6":"product_cat-boissons-chaudes","7":"product_cat-ese-pads-fr","8":"product_cat-nogalaxus-fr","9":"product_cat-offres-speciales-fr","10":"pa_brand-caffe-toraldo-fr","11":"has-subscription-plans","13":"first","14":"outofstock","15":"sale","16":"taxable","17":"shipping-taxable","18":"purchasable","19":"product-type-simple"},"batches":[{"id":"917","date_created":"2024-11-05 20:12:38","date_expiry":"2024-11-30 00:00:00","user_id":"559","batch_number":"","supplier":"","location":"","quantity":"13.0000","quantity_available":"13.0000","units":"1","status":"archived","order_ids":null,"po":null}],"_links":{"self":[{"href":"https:\/\/caffeonline.aclas.io\/fr\/wp-json\/wp\/v2\/product\/132548583","targetHints":{"allow":["GET"]}}],"collection":[{"href":"https:\/\/caffeonline.aclas.io\/fr\/wp-json\/wp\/v2\/product"}],"about":[{"href":"https:\/\/caffeonline.aclas.io\/fr\/wp-json\/wp\/v2\/types\/product"}],"replies":[{"embeddable":true,"href":"https:\/\/caffeonline.aclas.io\/fr\/wp-json\/wp\/v2\/comments?post=132548583"}],"wp:featuredmedia":[{"embeddable":true,"href":"https:\/\/caffeonline.aclas.io\/fr\/wp-json\/wp\/v2\/media\/13741"}],"wp:attachment":[{"href":"https:\/\/caffeonline.aclas.io\/fr\/wp-json\/wp\/v2\/media?parent=132548583"}],"wp:term":[{"taxonomy":"product_brand","embeddable":true,"href":"https:\/\/caffeonline.aclas.io\/fr\/wp-json\/wp\/v2\/product_brand?post=132548583"},{"taxonomy":"product_cat","embeddable":true,"href":"https:\/\/caffeonline.aclas.io\/fr\/wp-json\/wp\/v2\/product_cat?post=132548583"},{"taxonomy":"product_tag","embeddable":true,"href":"https:\/\/caffeonline.aclas.io\/fr\/wp-json\/wp\/v2\/product_tag?post=132548583"}],"curies":[{"name":"wp","href":"https:\/\/api.w.org\/{rel}","templated":true}]}}