{"id":132548580,"date":"2024-05-25T14:36:55","date_gmt":"2024-05-25T12:36:55","guid":{"rendered":"https:\/\/caffeonline.ch\/produkt\/caffe-toraldo-dosettes-ese-the-curcuma-citron-et-miel\/"},"modified":"2024-05-25T14:36:55","modified_gmt":"2024-05-25T12:36:55","slug":"caffe-toraldo-dosettes-ese-the-curcuma-citron-et-miel","status":"publish","type":"product","link":"https:\/\/caffeonline.aclas.io\/fr\/produkt\/caffe-toraldo-dosettes-ese-the-curcuma-citron-et-miel\/","title":{"rendered":"Caff\u00e8 Toraldo \u2013 Dosettes ESE Th\u00e9 Curcuma, Citron et Miel"},"content":{"rendered":"","protected":false},"excerpt":{"rendered":"<p>D\u00e9couvrez le go\u00fbt unique des <strong>dosettes ESE Th\u00e9 Curcuma, Citron et Miel<\/strong> de <strong>Caff\u00e8 Toraldo<\/strong>. Cette combinaison de th\u00e9 offre les propri\u00e9t\u00e9s bienfaisantes du curcuma, associ\u00e9es \u00e0 la fra\u00eecheur du citron et \u00e0 la douceur du miel, pour une boisson \u00e0 la fois revigorante et r\u00e9confortante.<\/p>\n<p>Les <strong>dosettes ESE<\/strong> garantissent une <strong>pr\u00e9paration simple et rapide<\/strong>, vous permettant de savourer une tasse de th\u00e9 bienfaisante en quelques minutes.<\/p>\n","protected":false},"featured_media":13759,"comment_status":"open","ping_status":"closed","template":"","meta":{"_relevanssi_hide_post":"","_relevanssi_hide_content":"","_relevanssi_pin_for_all":"","_relevanssi_pin_keywords":"","_relevanssi_unpin_keywords":"","_relevanssi_related_keywords":"","_relevanssi_related_include_ids":"","_relevanssi_related_exclude_ids":"","_relevanssi_related_no_append":"","_relevanssi_related_not_related":"","_relevanssi_related_posts":"","_relevanssi_noindex_reason":""},"product_brand":[],"product_cat":[354,353,692],"product_tag":[],"class_list":{"0":"post-132548580","1":"product","2":"type-product","3":"status-publish","4":"has-post-thumbnail","6":"product_cat-boissons-chaudes","7":"product_cat-ese-pads-fr","8":"product_cat-nogalaxus-fr","9":"pa_brand-caffe-toraldo-fr","10":"has-subscription-plans","12":"first","13":"outofstock","14":"sale","15":"taxable","16":"shipping-taxable","17":"purchasable","18":"product-type-simple"},"batches":[{"id":"919","date_created":"2024-11-05 20:14:52","date_expiry":null,"user_id":"559","batch_number":"","supplier":"","location":"","quantity":"10.0000","quantity_available":"0.0000","units":"1","status":"archived","order_ids":"[132545831,132547146]","po":null}],"_links":{"self":[{"href":"https:\/\/caffeonline.aclas.io\/fr\/wp-json\/wp\/v2\/product\/132548580","targetHints":{"allow":["GET"]}}],"collection":[{"href":"https:\/\/caffeonline.aclas.io\/fr\/wp-json\/wp\/v2\/product"}],"about":[{"href":"https:\/\/caffeonline.aclas.io\/fr\/wp-json\/wp\/v2\/types\/product"}],"replies":[{"embeddable":true,"href":"https:\/\/caffeonline.aclas.io\/fr\/wp-json\/wp\/v2\/comments?post=132548580"}],"wp:featuredmedia":[{"embeddable":true,"href":"https:\/\/caffeonline.aclas.io\/fr\/wp-json\/wp\/v2\/media\/13759"}],"wp:attachment":[{"href":"https:\/\/caffeonline.aclas.io\/fr\/wp-json\/wp\/v2\/media?parent=132548580"}],"wp:term":[{"taxonomy":"product_brand","embeddable":true,"href":"https:\/\/caffeonline.aclas.io\/fr\/wp-json\/wp\/v2\/product_brand?post=132548580"},{"taxonomy":"product_cat","embeddable":true,"href":"https:\/\/caffeonline.aclas.io\/fr\/wp-json\/wp\/v2\/product_cat?post=132548580"},{"taxonomy":"product_tag","embeddable":true,"href":"https:\/\/caffeonline.aclas.io\/fr\/wp-json\/wp\/v2\/product_tag?post=132548580"}],"curies":[{"name":"wp","href":"https:\/\/api.w.org\/{rel}","templated":true}]}}