{"id":132548579,"date":"2024-05-25T14:37:05","date_gmt":"2024-05-25T12:37:05","guid":{"rendered":"https:\/\/caffeonline.ch\/produkt\/caffe-toraldo-dosettes-ese-tisane-buonanotte\/"},"modified":"2024-05-25T14:37:05","modified_gmt":"2024-05-25T12:37:05","slug":"caffe-toraldo-dosettes-ese-tisane-buonanotte","status":"publish","type":"product","link":"https:\/\/caffeonline.aclas.io\/fr\/produkt\/caffe-toraldo-dosettes-ese-tisane-buonanotte\/","title":{"rendered":"Caff\u00e8 Toraldo \u2013 Dosettes ESE Tisane Buonanotte"},"content":{"rendered":"","protected":false},"excerpt":{"rendered":"<p>D\u00e9tendez-vous avec les <strong>dosettes ESE Tisana Buonanotte<\/strong> de <strong>Caff\u00e8 Toraldo<\/strong>. Cette tisane est sp\u00e9cialement formul\u00e9e pour favoriser la relaxation et le sommeil, combinant un m\u00e9lange d&rsquo;herbes s\u00e9lectionn\u00e9es qui aident \u00e0 apaiser l&rsquo;esprit et le corps. Parfaite pour un moment de qui\u00e9tude avant le coucher.<\/p>\n<p>Les <strong>dosettes ESE<\/strong> garantissent une <strong>pr\u00e9paration simple et rapide<\/strong>, vous permettant de savourer une tasse de tisane chaude et apaisante en quelques minutes.<\/p>\n","protected":false},"featured_media":13750,"comment_status":"open","ping_status":"closed","template":"","meta":{"_relevanssi_hide_post":"","_relevanssi_hide_content":"","_relevanssi_pin_for_all":"","_relevanssi_pin_keywords":"","_relevanssi_unpin_keywords":"","_relevanssi_related_keywords":"","_relevanssi_related_include_ids":"","_relevanssi_related_exclude_ids":"","_relevanssi_related_no_append":"","_relevanssi_related_not_related":"","_relevanssi_related_posts":"","_relevanssi_noindex_reason":""},"product_brand":[],"product_cat":[354,353],"product_tag":[],"class_list":{"0":"post-132548579","1":"product","2":"type-product","3":"status-publish","4":"has-post-thumbnail","6":"product_cat-boissons-chaudes","7":"product_cat-ese-pads-fr","8":"pa_brand-caffe-toraldo-fr","9":"has-subscription-plans","11":"first","12":"instock","13":"sale","14":"taxable","15":"shipping-taxable","16":"purchasable","17":"product-type-simple"},"batches":[{"id":"495","date_created":"2024-05-25 09:28:05","date_expiry":"2026-01-31 00:00:00","user_id":"559","batch_number":"","supplier":"","location":"S","quantity":"9.0000","quantity_available":"0.0000","units":"1","status":"archived","order_ids":"[15212,15533,15605,15898,132546473]","po":null},{"id":"1536","date_created":"2025-02-11 19:23:34","date_expiry":"2026-01-30 00:00:00","user_id":"559","batch_number":"","supplier":"","location":"","quantity":"15.0000","quantity_available":"5.0000","units":"1","status":"archived","order_ids":"[132547105,132547562,132550208,132550944,132550992,132552873]","po":null},{"id":"2507","date_created":"2025-10-21 09:30:52","date_expiry":"2028-04-01 00:00:00","user_id":"2","batch_number":"","supplier":"","location":"","quantity":"12.0000","quantity_available":"8.0000","units":"1","status":"active","order_ids":"[132553283]","po":null}],"_links":{"self":[{"href":"https:\/\/caffeonline.aclas.io\/fr\/wp-json\/wp\/v2\/product\/132548579","targetHints":{"allow":["GET"]}}],"collection":[{"href":"https:\/\/caffeonline.aclas.io\/fr\/wp-json\/wp\/v2\/product"}],"about":[{"href":"https:\/\/caffeonline.aclas.io\/fr\/wp-json\/wp\/v2\/types\/product"}],"replies":[{"embeddable":true,"href":"https:\/\/caffeonline.aclas.io\/fr\/wp-json\/wp\/v2\/comments?post=132548579"}],"wp:featuredmedia":[{"embeddable":true,"href":"https:\/\/caffeonline.aclas.io\/fr\/wp-json\/wp\/v2\/media\/13750"}],"wp:attachment":[{"href":"https:\/\/caffeonline.aclas.io\/fr\/wp-json\/wp\/v2\/media?parent=132548579"}],"wp:term":[{"taxonomy":"product_brand","embeddable":true,"href":"https:\/\/caffeonline.aclas.io\/fr\/wp-json\/wp\/v2\/product_brand?post=132548579"},{"taxonomy":"product_cat","embeddable":true,"href":"https:\/\/caffeonline.aclas.io\/fr\/wp-json\/wp\/v2\/product_cat?post=132548579"},{"taxonomy":"product_tag","embeddable":true,"href":"https:\/\/caffeonline.aclas.io\/fr\/wp-json\/wp\/v2\/product_tag?post=132548579"}],"curies":[{"name":"wp","href":"https:\/\/api.w.org\/{rel}","templated":true}]}}