{"id":132548564,"date":"2024-06-22T16:54:14","date_gmt":"2024-06-22T14:54:14","guid":{"rendered":"https:\/\/caffeonline.ch\/produkt\/kimbo-tasses-a-cappuccino-soucoupes-en-verre\/"},"modified":"2024-06-22T16:54:14","modified_gmt":"2024-06-22T14:54:14","slug":"kimbo-tasses-a-cappuccino-soucoupes-en-verre","status":"publish","type":"product","link":"https:\/\/caffeonline.aclas.io\/fr\/produkt\/kimbo-tasses-a-cappuccino-soucoupes-en-verre\/","title":{"rendered":"Kimbo \u2013 Tasses \u00e0 cappuccino + soucoupes en verre"},"content":{"rendered":"","protected":false},"excerpt":{"rendered":"<p><strong>Ensemble assorti en verre<br \/><\/strong>La tasse \u00e0 cappuccino Kimbo en verre avec sa soucoupe assortie se distingue par son apparence \u00e9l\u00e9gante. La soucoupe assortie est incluse pour compl\u00e9ter l&rsquo;ensemble sur la table \u00e0 caf\u00e9. Avec le logo vertical Kimbo, visible des deux c\u00f4t\u00e9s, l&rsquo;ensemble re\u00e7oit la touche de couleur appropri\u00e9e. Le verre est particuli\u00e8rement \u00e9pais et maintient la boisson au caf\u00e9 agr\u00e9ablement chaude jusqu&rsquo;\u00e0 la derni\u00e8re gorg\u00e9e.<\/p>\n<p><strong>Mise en valeur optimale<br \/><\/strong>La tasse \u00e0 cappuccino en verre Kimbo est particuli\u00e8rement pratique gr\u00e2ce \u00e0 son aspect transparent, car vous avez ainsi la possibilit\u00e9 de mettre en valeur votre mousse de lait de mani\u00e8re exceptionnelle. La tasse et la soucoupe sont compatibles avec le lave-vaisselle. La capacit\u00e9 max. de remplissage est de 175 ml et la soucoupe mesure 11,5 cm.<\/p>\n<ul>\n<li><strong>Verre \u00e0 paroi \u00e9paisse<\/strong><\/li>\n<li><strong>Soucoupe incluse<\/strong><\/li>\n<li><strong>Imprim\u00e9 avec logo vertical<\/strong><\/li>\n<\/ul>\n","protected":false},"featured_media":14434,"comment_status":"open","ping_status":"closed","template":"","meta":{"_relevanssi_hide_post":"","_relevanssi_hide_content":"","_relevanssi_pin_for_all":"","_relevanssi_pin_keywords":"","_relevanssi_unpin_keywords":"","_relevanssi_related_keywords":"","_relevanssi_related_include_ids":"","_relevanssi_related_exclude_ids":"","_relevanssi_related_no_append":"","_relevanssi_related_not_related":"","_relevanssi_related_posts":"","_relevanssi_noindex_reason":""},"product_brand":[],"product_cat":[367],"product_tag":[],"class_list":{"0":"post-132548564","1":"product","2":"type-product","3":"status-publish","4":"has-post-thumbnail","6":"product_cat-accessoires","7":"pa_brand-kimbo-fr","9":"first","10":"instock","11":"taxable","12":"shipping-taxable","13":"purchasable","14":"product-type-simple"},"batches":[{"id":"525","date_created":"2024-06-22 15:06:27","date_expiry":null,"user_id":"559","batch_number":"","supplier":"","location":"","quantity":"15.0000","quantity_available":"14.0000","units":"1","status":"active","order_ids":"[132550026]","po":null}],"_links":{"self":[{"href":"https:\/\/caffeonline.aclas.io\/fr\/wp-json\/wp\/v2\/product\/132548564","targetHints":{"allow":["GET"]}}],"collection":[{"href":"https:\/\/caffeonline.aclas.io\/fr\/wp-json\/wp\/v2\/product"}],"about":[{"href":"https:\/\/caffeonline.aclas.io\/fr\/wp-json\/wp\/v2\/types\/product"}],"replies":[{"embeddable":true,"href":"https:\/\/caffeonline.aclas.io\/fr\/wp-json\/wp\/v2\/comments?post=132548564"}],"wp:featuredmedia":[{"embeddable":true,"href":"https:\/\/caffeonline.aclas.io\/fr\/wp-json\/wp\/v2\/media\/14434"}],"wp:attachment":[{"href":"https:\/\/caffeonline.aclas.io\/fr\/wp-json\/wp\/v2\/media?parent=132548564"}],"wp:term":[{"taxonomy":"product_brand","embeddable":true,"href":"https:\/\/caffeonline.aclas.io\/fr\/wp-json\/wp\/v2\/product_brand?post=132548564"},{"taxonomy":"product_cat","embeddable":true,"href":"https:\/\/caffeonline.aclas.io\/fr\/wp-json\/wp\/v2\/product_cat?post=132548564"},{"taxonomy":"product_tag","embeddable":true,"href":"https:\/\/caffeonline.aclas.io\/fr\/wp-json\/wp\/v2\/product_tag?post=132548564"}],"curies":[{"name":"wp","href":"https:\/\/api.w.org\/{rel}","templated":true}]}}