{"id":132548536,"date":"2024-09-03T18:22:04","date_gmt":"2024-09-03T16:22:04","guid":{"rendered":"https:\/\/caffeonline.ch\/produkt\/lollo-caffe-golosite-cappuccino-cremeux-au-caramel-sale\/"},"modified":"2024-09-03T18:22:04","modified_gmt":"2024-09-03T16:22:04","slug":"lollo-caffe-golosite-cappuccino-cremeux-au-caramel-sale","status":"publish","type":"product","link":"https:\/\/caffeonline.aclas.io\/fr\/produkt\/lollo-caffe-golosite-cappuccino-cremeux-au-caramel-sale\/","title":{"rendered":"Lollo Caff\u00e8 &#8211; Golosit\u00e8 &#8211; Cappuccino Cr\u00e9meux au Caramel Sal\u00e9"},"content":{"rendered":"","protected":false},"excerpt":{"rendered":"<p>Savourez la texture cr\u00e9meuse du <strong>Lollo Caff\u00e8 &#8211; Golosit\u00e8 &#8211; Cappuccino Cr\u00e9meux au Caramel Sal\u00e9<\/strong>. Ce m\u00e9lange d\u00e9lectable allie la saveur riche du cappuccino \u00e0 une subtile note de caramel sal\u00e9, parfait pour un moment de d\u00e9gustation exquis.<\/p>\n<p><strong>INGR\u00c9DIENTS :<\/strong> Lait \u00e9cr\u00e9m\u00e9 en poudre, graisses de coco non hydrog\u00e9n\u00e9es, sirop de glucose, caf\u00e9 instantan\u00e9, ar\u00f4me naturel de caramel, cacao maigre en poudre, stabilisant : E340ii, sel.<\/p>\n<p><strong>ALLERG\u00c8NES :<\/strong> Lait. Sans gluten.<\/p>\n<p><strong>Dosage :<\/strong> Poudre de cappuccino en sachet de 150g, id\u00e9ale pour 12 tasses. Versez 2-3 cuill\u00e8res \u00e0 soupe du produit dans une tasse, ajoutez de l&rsquo;eau chaude et remuez. Sucrez selon votre convenance.<\/p>\n","protected":false},"featured_media":15007,"comment_status":"open","ping_status":"closed","template":"","meta":{"_relevanssi_hide_post":"","_relevanssi_hide_content":"","_relevanssi_pin_for_all":"","_relevanssi_pin_keywords":"","_relevanssi_unpin_keywords":"","_relevanssi_related_keywords":"","_relevanssi_related_include_ids":"","_relevanssi_related_exclude_ids":"","_relevanssi_related_no_append":"","_relevanssi_related_not_related":"","_relevanssi_related_posts":"","_relevanssi_noindex_reason":""},"product_brand":[],"product_cat":[354],"product_tag":[702],"class_list":{"0":"post-132548536","1":"product","2":"type-product","3":"status-publish","4":"has-post-thumbnail","6":"product_cat-boissons-chaudes","7":"product_tag-golosite-fr","8":"pa_brand-lollo-caffe-fr","9":"has-subscription-plans","11":"first","12":"outofstock","13":"sale","14":"taxable","15":"shipping-taxable","16":"purchasable","17":"product-type-simple"},"batches":[{"id":"576","date_created":"2024-08-12 08:28:43","date_expiry":"2026-03-31 00:00:00","user_id":"559","batch_number":"","supplier":"","location":"","quantity":"24.0000","quantity_available":"1.0000","units":"1","status":"archived","order_ids":"[132551137]","po":null}],"_links":{"self":[{"href":"https:\/\/caffeonline.aclas.io\/fr\/wp-json\/wp\/v2\/product\/132548536","targetHints":{"allow":["GET"]}}],"collection":[{"href":"https:\/\/caffeonline.aclas.io\/fr\/wp-json\/wp\/v2\/product"}],"about":[{"href":"https:\/\/caffeonline.aclas.io\/fr\/wp-json\/wp\/v2\/types\/product"}],"replies":[{"embeddable":true,"href":"https:\/\/caffeonline.aclas.io\/fr\/wp-json\/wp\/v2\/comments?post=132548536"}],"wp:featuredmedia":[{"embeddable":true,"href":"https:\/\/caffeonline.aclas.io\/fr\/wp-json\/wp\/v2\/media\/15007"}],"wp:attachment":[{"href":"https:\/\/caffeonline.aclas.io\/fr\/wp-json\/wp\/v2\/media?parent=132548536"}],"wp:term":[{"taxonomy":"product_brand","embeddable":true,"href":"https:\/\/caffeonline.aclas.io\/fr\/wp-json\/wp\/v2\/product_brand?post=132548536"},{"taxonomy":"product_cat","embeddable":true,"href":"https:\/\/caffeonline.aclas.io\/fr\/wp-json\/wp\/v2\/product_cat?post=132548536"},{"taxonomy":"product_tag","embeddable":true,"href":"https:\/\/caffeonline.aclas.io\/fr\/wp-json\/wp\/v2\/product_tag?post=132548536"}],"curies":[{"name":"wp","href":"https:\/\/api.w.org\/{rel}","templated":true}]}}