{"id":132548535,"date":"2024-09-03T18:36:54","date_gmt":"2024-09-03T16:36:54","guid":{"rendered":"https:\/\/caffeonline.ch\/produkt\/lollo-caffe-golosite-dosettes-ese-solethe-the-curcuma-citron-et-miel\/"},"modified":"2024-09-03T18:36:54","modified_gmt":"2024-09-03T16:36:54","slug":"lollo-caffe-golosite-dosettes-ese-solethe-the-curcuma-citron-et-miel","status":"publish","type":"product","link":"https:\/\/caffeonline.aclas.io\/fr\/produkt\/lollo-caffe-golosite-dosettes-ese-solethe-the-curcuma-citron-et-miel\/","title":{"rendered":"Lollo Caff\u00e8 \u2013 Golosit\u00e8 \u2013 Dosettes ESE Soleth\u00e9 Th\u00e9 Curcuma, Citron et Miel"},"content":{"rendered":"","protected":false},"excerpt":{"rendered":"<p>Un th\u00e9 qui allie harmonieusement les notes vives du curcuma \u00e0 la fra\u00eecheur du citron, le tout sublim\u00e9 par la d\u00e9licate saveur du miel. <strong>Lollo Caff\u00e8 \u2013 Golosit\u00e8 \u2013 Dosettes ESE Soleth\u00e9 Th\u00e9 Curcuma, Citron et Miel<\/strong> a \u00e9t\u00e9 con\u00e7u pour ravir le palais et promouvoir le bien-\u00eatre, offrant ainsi une exp\u00e9rience gustative unique et revigorante.<\/p>\n<p><strong>INGR\u00c9DIENTS :<\/strong> Feuilles de th\u00e9 vert, rhizome de curcuma 10%, ar\u00f4mes naturels de citron et de miel 6%, granul\u00e9s de miel 0,5%, \u00e9corces de citron 0,5%.<\/p>\n","protected":false},"featured_media":15026,"comment_status":"open","ping_status":"closed","template":"","meta":{"_relevanssi_hide_post":"","_relevanssi_hide_content":"","_relevanssi_pin_for_all":"","_relevanssi_pin_keywords":"","_relevanssi_unpin_keywords":"","_relevanssi_related_keywords":"","_relevanssi_related_include_ids":"","_relevanssi_related_exclude_ids":"","_relevanssi_related_no_append":"","_relevanssi_related_not_related":"","_relevanssi_related_posts":"","_relevanssi_noindex_reason":""},"product_brand":[],"product_cat":[354,353],"product_tag":[702],"class_list":{"0":"post-132548535","1":"product","2":"type-product","3":"status-publish","4":"has-post-thumbnail","6":"product_cat-boissons-chaudes","7":"product_cat-ese-pads-fr","8":"product_tag-golosite-fr","9":"pa_brand-lollo-caffe-fr","10":"has-subscription-plans","12":"first","13":"instock","14":"sale","15":"taxable","16":"shipping-taxable","17":"purchasable","18":"product-type-simple"},"batches":[{"id":"580","date_created":"2024-08-12 08:34:53","date_expiry":"2026-11-30 00:00:00","user_id":"559","batch_number":"","supplier":"","location":"","quantity":"12.0000","quantity_available":"8.0000","units":"1","status":"active","order_ids":"[132545831,132547146,132551271,132551473,132551874,132552409,132553795]","po":null}],"_links":{"self":[{"href":"https:\/\/caffeonline.aclas.io\/fr\/wp-json\/wp\/v2\/product\/132548535","targetHints":{"allow":["GET"]}}],"collection":[{"href":"https:\/\/caffeonline.aclas.io\/fr\/wp-json\/wp\/v2\/product"}],"about":[{"href":"https:\/\/caffeonline.aclas.io\/fr\/wp-json\/wp\/v2\/types\/product"}],"replies":[{"embeddable":true,"href":"https:\/\/caffeonline.aclas.io\/fr\/wp-json\/wp\/v2\/comments?post=132548535"}],"wp:featuredmedia":[{"embeddable":true,"href":"https:\/\/caffeonline.aclas.io\/fr\/wp-json\/wp\/v2\/media\/15026"}],"wp:attachment":[{"href":"https:\/\/caffeonline.aclas.io\/fr\/wp-json\/wp\/v2\/media?parent=132548535"}],"wp:term":[{"taxonomy":"product_brand","embeddable":true,"href":"https:\/\/caffeonline.aclas.io\/fr\/wp-json\/wp\/v2\/product_brand?post=132548535"},{"taxonomy":"product_cat","embeddable":true,"href":"https:\/\/caffeonline.aclas.io\/fr\/wp-json\/wp\/v2\/product_cat?post=132548535"},{"taxonomy":"product_tag","embeddable":true,"href":"https:\/\/caffeonline.aclas.io\/fr\/wp-json\/wp\/v2\/product_tag?post=132548535"}],"curies":[{"name":"wp","href":"https:\/\/api.w.org\/{rel}","templated":true}]}}