{"id":132548532,"date":"2024-09-03T18:56:58","date_gmt":"2024-09-03T16:56:58","guid":{"rendered":"https:\/\/caffeonline.ch\/produkt\/lollo-caffe-golosite-capsules-macchiato-caffe-cortado\/"},"modified":"2024-09-03T18:56:58","modified_gmt":"2024-09-03T16:56:58","slug":"lollo-caffe-golosite-capsules-macchiato-caffe-cortado","status":"publish","type":"product","link":"https:\/\/caffeonline.aclas.io\/fr\/produkt\/lollo-caffe-golosite-capsules-macchiato-caffe-cortado\/","title":{"rendered":"Lollo Caff\u00e8 \u2013 Golosit\u00e8 \u2013 Capsules Macchiato Caff\u00e8 Cortado"},"content":{"rendered":"","protected":false},"excerpt":{"rendered":"<p>D\u00e9couvrez l&rsquo;authentique saveur du Cortado avec les <strong>Lollo Caff\u00e8 \u2013 Golosit\u00e8 \u2013 Capsules Macchiato Caff\u00e8 Cortado<\/strong>. Cette poudre de boisson soluble offre une d\u00e9gustation riche et cr\u00e9meuse, id\u00e9ale pour une pause caf\u00e9 \u00e0 la saveur intense et enveloppante.<\/p>\n<p><strong>INGR\u00c9DIENTS :<\/strong> Poudre de lait partiellement \u00e9cr\u00e9m\u00e9, caf\u00e9 instantan\u00e9 30%.<br \/>\n<strong>ALLERG\u00c8NES :<\/strong> Contient du lait. Peut contenir des traces de soja.<\/p>\n","protected":false},"featured_media":15059,"comment_status":"open","ping_status":"closed","template":"","meta":{"_relevanssi_hide_post":"","_relevanssi_hide_content":"","_relevanssi_pin_for_all":"","_relevanssi_pin_keywords":"","_relevanssi_unpin_keywords":"","_relevanssi_related_keywords":"","_relevanssi_related_include_ids":"","_relevanssi_related_exclude_ids":"","_relevanssi_related_no_append":"","_relevanssi_related_not_related":"","_relevanssi_related_posts":"","_relevanssi_noindex_reason":""},"product_brand":[],"product_cat":[354,359,692,365],"product_tag":[702],"class_list":{"0":"post-132548532","1":"product","2":"type-product","3":"status-publish","4":"has-post-thumbnail","6":"product_cat-boissons-chaudes","7":"product_cat-capsules","8":"product_cat-nogalaxus-fr","9":"product_cat-systeme-nespresso","10":"product_tag-golosite-fr","11":"pa_brand-lollo-caffe-fr","12":"has-subscription-plans","14":"first","15":"outofstock","16":"sale","17":"taxable","18":"shipping-taxable","19":"purchasable","20":"product-type-simple"},"batches":[{"id":"2424","date_created":"2025-09-30 15:55:14","date_expiry":null,"user_id":"2","batch_number":"","supplier":"","location":"","quantity":"0.0000","quantity_available":"0.0000","units":"1","status":"archived","order_ids":null,"po":null}],"_links":{"self":[{"href":"https:\/\/caffeonline.aclas.io\/fr\/wp-json\/wp\/v2\/product\/132548532","targetHints":{"allow":["GET"]}}],"collection":[{"href":"https:\/\/caffeonline.aclas.io\/fr\/wp-json\/wp\/v2\/product"}],"about":[{"href":"https:\/\/caffeonline.aclas.io\/fr\/wp-json\/wp\/v2\/types\/product"}],"replies":[{"embeddable":true,"href":"https:\/\/caffeonline.aclas.io\/fr\/wp-json\/wp\/v2\/comments?post=132548532"}],"wp:featuredmedia":[{"embeddable":true,"href":"https:\/\/caffeonline.aclas.io\/fr\/wp-json\/wp\/v2\/media\/15059"}],"wp:attachment":[{"href":"https:\/\/caffeonline.aclas.io\/fr\/wp-json\/wp\/v2\/media?parent=132548532"}],"wp:term":[{"taxonomy":"product_brand","embeddable":true,"href":"https:\/\/caffeonline.aclas.io\/fr\/wp-json\/wp\/v2\/product_brand?post=132548532"},{"taxonomy":"product_cat","embeddable":true,"href":"https:\/\/caffeonline.aclas.io\/fr\/wp-json\/wp\/v2\/product_cat?post=132548532"},{"taxonomy":"product_tag","embeddable":true,"href":"https:\/\/caffeonline.aclas.io\/fr\/wp-json\/wp\/v2\/product_tag?post=132548532"}],"curies":[{"name":"wp","href":"https:\/\/api.w.org\/{rel}","templated":true}]}}