{"id":132548528,"date":"2024-09-04T10:42:08","date_gmt":"2024-09-04T08:42:08","guid":{"rendered":"https:\/\/caffeonline.ch\/produkt\/lollo-caffe-cafe-moulu-nero-crema\/"},"modified":"2024-09-04T10:42:08","modified_gmt":"2024-09-04T08:42:08","slug":"lollo-caffe-cafe-moulu-nero-crema","status":"publish","type":"product","link":"https:\/\/caffeonline.aclas.io\/fr\/produkt\/lollo-caffe-cafe-moulu-nero-crema\/","title":{"rendered":"Lollo Caff\u00e8 \u2013 Caf\u00e9 moulu Nero Crema"},"content":{"rendered":"","protected":false},"excerpt":{"rendered":"<p>Le <strong>Lollo Caff\u00e8 \u2013 Caf\u00e9 moulu Nero Crema<\/strong> est un m\u00e9lange dot\u00e9 d&rsquo;un <strong>go\u00fbt robuste et \u00e9nergisant<\/strong>, parfaitement adapt\u00e9 aux amateurs d&rsquo;espresso intense. L&rsquo;utilisation cibl\u00e9e de <strong>grains de Robusta<\/strong> conf\u00e8re \u00e0 ce m\u00e9lange la <strong>puissance<\/strong> et la <strong>corpulence<\/strong> n\u00e9cessaires.<\/p>\n<p>Ce m\u00e9lange offre un \u00e9quilibre parfait entre <strong>puissance<\/strong> et <strong>ar\u00f4me<\/strong>, remplissant votre tasse d&rsquo;une exp\u00e9rience gustative riche et cors\u00e9e. Id\u00e9al pour un espresso qui vous procurera l&rsquo;\u00e9nergie ad\u00e9quate pour votre journ\u00e9e.<\/p>\n","protected":false},"featured_media":15081,"comment_status":"open","ping_status":"closed","template":"","meta":{"_relevanssi_hide_post":"","_relevanssi_hide_content":"","_relevanssi_pin_for_all":"","_relevanssi_pin_keywords":"","_relevanssi_unpin_keywords":"","_relevanssi_related_keywords":"","_relevanssi_related_include_ids":"","_relevanssi_related_exclude_ids":"","_relevanssi_related_no_append":"","_relevanssi_related_not_related":"","_relevanssi_related_posts":"","_relevanssi_noindex_reason":""},"product_brand":[],"product_cat":[356],"product_tag":[],"class_list":{"0":"post-132548528","1":"product","2":"type-product","3":"status-publish","4":"has-post-thumbnail","6":"product_cat-cafe-moulu","7":"pa_brand-lollo-caffe-fr","8":"has-subscription-plans","10":"first","11":"instock","12":"sale","13":"taxable","14":"shipping-taxable","15":"purchasable","16":"product-type-simple"},"batches":[{"id":"590","date_created":"2024-08-12 08:59:07","date_expiry":"2026-05-31 00:00:00","user_id":"559","batch_number":"","supplier":"","location":"","quantity":"40.0000","quantity_available":"0.0000","units":"1","status":"archived","order_ids":"[17166,132549554,132549740,132549766,132550008,132550175,132550205,132550904,132550981,132551000,132551117,132551160,132551209,132551289,132551400,132551769,132551868,132552046,132552072,132552266]","po":null},{"id":"3122","date_created":"2026-02-05 16:55:07","date_expiry":"2027-12-30 00:00:00","user_id":"2","batch_number":"","supplier":"","location":"","quantity":"60.0000","quantity_available":"50.0000","units":"1","status":"active","order_ids":"[132553691]","po":null}],"_links":{"self":[{"href":"https:\/\/caffeonline.aclas.io\/fr\/wp-json\/wp\/v2\/product\/132548528","targetHints":{"allow":["GET"]}}],"collection":[{"href":"https:\/\/caffeonline.aclas.io\/fr\/wp-json\/wp\/v2\/product"}],"about":[{"href":"https:\/\/caffeonline.aclas.io\/fr\/wp-json\/wp\/v2\/types\/product"}],"replies":[{"embeddable":true,"href":"https:\/\/caffeonline.aclas.io\/fr\/wp-json\/wp\/v2\/comments?post=132548528"}],"wp:featuredmedia":[{"embeddable":true,"href":"https:\/\/caffeonline.aclas.io\/fr\/wp-json\/wp\/v2\/media\/15081"}],"wp:attachment":[{"href":"https:\/\/caffeonline.aclas.io\/fr\/wp-json\/wp\/v2\/media?parent=132548528"}],"wp:term":[{"taxonomy":"product_brand","embeddable":true,"href":"https:\/\/caffeonline.aclas.io\/fr\/wp-json\/wp\/v2\/product_brand?post=132548528"},{"taxonomy":"product_cat","embeddable":true,"href":"https:\/\/caffeonline.aclas.io\/fr\/wp-json\/wp\/v2\/product_cat?post=132548528"},{"taxonomy":"product_tag","embeddable":true,"href":"https:\/\/caffeonline.aclas.io\/fr\/wp-json\/wp\/v2\/product_tag?post=132548528"}],"curies":[{"name":"wp","href":"https:\/\/api.w.org\/{rel}","templated":true}]}}