{"id":132548524,"date":"2024-09-03T18:50:05","date_gmt":"2024-09-03T16:50:05","guid":{"rendered":"https:\/\/caffeonline.ch\/produkt\/lollo-caffe-golosite-capsules-espressione-ginseng\/"},"modified":"2024-09-03T18:50:05","modified_gmt":"2024-09-03T16:50:05","slug":"lollo-caffe-golosite-capsules-espressione-ginseng","status":"publish","type":"product","link":"https:\/\/caffeonline.aclas.io\/fr\/produkt\/lollo-caffe-golosite-capsules-espressione-ginseng\/","title":{"rendered":"Lollo Caff\u00e8 \u2013 Golosit\u00e8 \u2013 Capsules Espressione Ginseng"},"content":{"rendered":"","protected":false},"excerpt":{"rendered":"<p>Des vari\u00e9t\u00e9s raffin\u00e9es de ginseng s&rsquo;allient aux grains s\u00e9lectionn\u00e9s de <strong>Lollo Caff\u00e8<\/strong> pour cr\u00e9er un espresso revigorant, aux notes sucr\u00e9es et \u00e0 la cr\u00e8me douce et velout\u00e9e. Id\u00e9al pour tous ceux qui souhaitent savourer un caf\u00e9 alliant go\u00fbt et vitalit\u00e9.<\/p>\n<p><strong>INGR\u00c9DIENTS :<\/strong> Caf\u00e9 torr\u00e9fi\u00e9 moulu 98%, ar\u00f4me de ginseng 2%<\/p>\n","protected":false},"featured_media":15045,"comment_status":"open","ping_status":"closed","template":"","meta":{"_relevanssi_hide_post":"","_relevanssi_hide_content":"","_relevanssi_pin_for_all":"","_relevanssi_pin_keywords":"","_relevanssi_unpin_keywords":"","_relevanssi_related_keywords":"","_relevanssi_related_include_ids":"","_relevanssi_related_exclude_ids":"","_relevanssi_related_no_append":"","_relevanssi_related_not_related":"","_relevanssi_related_posts":"","_relevanssi_noindex_reason":""},"product_brand":[],"product_cat":[354,359,692,365],"product_tag":[702],"class_list":{"0":"post-132548524","1":"product","2":"type-product","3":"status-publish","4":"has-post-thumbnail","6":"product_cat-boissons-chaudes","7":"product_cat-capsules","8":"product_cat-nogalaxus-fr","9":"product_cat-systeme-nespresso","10":"product_tag-golosite-fr","11":"pa_brand-lollo-caffe-fr","12":"has-subscription-plans","14":"first","15":"outofstock","16":"sale","17":"taxable","18":"shipping-taxable","19":"purchasable","20":"product-type-simple"},"batches":[{"id":"585","date_created":"2024-08-12 08:42:55","date_expiry":"2025-12-04 00:00:00","user_id":"1","batch_number":"","supplier":"","location":"","quantity":"30.0000","quantity_available":"13.0000","units":"1","status":"archived","order_ids":"[15784,15901,132545851,132549263,132549377,132549920,132551264,132552271]","po":null}],"_links":{"self":[{"href":"https:\/\/caffeonline.aclas.io\/fr\/wp-json\/wp\/v2\/product\/132548524","targetHints":{"allow":["GET"]}}],"collection":[{"href":"https:\/\/caffeonline.aclas.io\/fr\/wp-json\/wp\/v2\/product"}],"about":[{"href":"https:\/\/caffeonline.aclas.io\/fr\/wp-json\/wp\/v2\/types\/product"}],"replies":[{"embeddable":true,"href":"https:\/\/caffeonline.aclas.io\/fr\/wp-json\/wp\/v2\/comments?post=132548524"}],"wp:featuredmedia":[{"embeddable":true,"href":"https:\/\/caffeonline.aclas.io\/fr\/wp-json\/wp\/v2\/media\/15045"}],"wp:attachment":[{"href":"https:\/\/caffeonline.aclas.io\/fr\/wp-json\/wp\/v2\/media?parent=132548524"}],"wp:term":[{"taxonomy":"product_brand","embeddable":true,"href":"https:\/\/caffeonline.aclas.io\/fr\/wp-json\/wp\/v2\/product_brand?post=132548524"},{"taxonomy":"product_cat","embeddable":true,"href":"https:\/\/caffeonline.aclas.io\/fr\/wp-json\/wp\/v2\/product_cat?post=132548524"},{"taxonomy":"product_tag","embeddable":true,"href":"https:\/\/caffeonline.aclas.io\/fr\/wp-json\/wp\/v2\/product_tag?post=132548524"}],"curies":[{"name":"wp","href":"https:\/\/api.w.org\/{rel}","templated":true}]}}